{"id":27663,"date":"2025-02-20T23:29:26","date_gmt":"2025-02-20T22:29:26","guid":{"rendered":"http:\/\/olemosaic.com\/producto\/bol-de-coco-amarillo-salamandra-mallorca\/"},"modified":"2025-07-25T18:54:53","modified_gmt":"2025-07-25T16:54:53","slug":"bol-de-coco-jaune-salamandre-majorque","status":"publish","type":"product","link":"https:\/\/olemosaic.com\/fr\/produit\/bol-de-coco-jaune-salamandre-majorque\/","title":{"rendered":"Bol coco jaune. Salamandre. Majorque."},"content":{"rendered":"<p>Ce bol en c\u00e9ramique jaune est une merveille artisanale qui capture l&rsquo;essence vibrante de Majorque. Avec une finition brillante et un design original, l&rsquo;int\u00e9rieur du bol pr\u00e9sente une repr\u00e9sentation artistique d&rsquo;une salamandre, un symbole qui \u00e9voque la chaleur et la vitalit\u00e9 de l&rsquo;\u00eele. La salamandre, avec un effet peint \u00e0 la main dans un ton jaune captivant, se d\u00e9tache sur un fond sombre qui rehausse sa luminosit\u00e9. Autour de cette figure centrale, de petits c\u0153urs dor\u00e9s d\u00e9corent le bord, apportant une touche charmante et romantique \u00e0 la pi\u00e8ce.<\/p>\n<p>Ce bol n&rsquo;est pas seulement un \u00e9l\u00e9ment d\u00e9coratif, mais un authentique souvenir de Majorque qui c\u00e9l\u00e8bre le folklore local et la riche tradition c\u00e9ramique de la r\u00e9gion. Son design, m\u00e9ticuleusement travaill\u00e9 par des artisans locaux, \u00e9voque le lien culturel de Majorque avec la nature et ses traditions, ce qui en fait un excellent cadeau pour ceux qui souhaitent emporter un petit morceau de l&rsquo;\u00eele.<\/p>\n<p>Chez Ol\u00e9 Mosaic, nous sommes fiers de proposer des produits authentiques et de qualit\u00e9. Ce bol en c\u00e9ramique est id\u00e9al pour les magasins de cadeaux touristiques qui cherchent \u00e0 ajouter \u00e0 leur collection des souvenirs de Majorque r\u00e9ellement repr\u00e9sentatifs. Gr\u00e2ce \u00e0 notre exp\u00e9rience en tant que grossistes de souvenirs, nous garantissons que chaque pi\u00e8ce raconte une histoire et constitue un rappel durable du charme m\u00e9diterran\u00e9en.<\/p>\n","protected":false},"excerpt":{"rendered":"<p>Bol coco jaune, d\u00e9cor\u00e9 d&rsquo;une salamandre et du mot \u00ab\u00a0MALLORCA\u00a0\u00bb. Ce bol attrayant, avec une finition brillante et des d\u00e9tails de c\u0153urs sur le bord, encapsule l&rsquo;essence du folklore majorquin. Le design, de conception artisanale et peint \u00e0 la main, met en valeur la salamandre dans un jaune vibrant sur un fond sombre, ce qui en fait une pi\u00e8ce id\u00e9ale pour la d\u00e9coration ou comme souvenir repr\u00e9sentatif de l&rsquo;\u00eele de Majorque.<\/p>\n","protected":false},"featured_media":10217,"template":"","meta":{"_acf_changed":false},"product_brand":[],"product_cat":[521],"product_tag":[530],"class_list":{"0":"post-27663","1":"product","2":"type-product","3":"status-publish","4":"has-post-thumbnail","6":"product_cat-bols","7":"product_tag-animaux","8":"pa_ciudad-mallorca","9":"pa_motivo-salamandres","10":"pa_pais-espana","12":"first","13":"instock","14":"shipping-taxable","15":"product-type-simple"},"acf":[],"_links":{"self":[{"href":"https:\/\/olemosaic.com\/fr\/wp-json\/wp\/v2\/product\/27663","targetHints":{"allow":["GET"]}}],"collection":[{"href":"https:\/\/olemosaic.com\/fr\/wp-json\/wp\/v2\/product"}],"about":[{"href":"https:\/\/olemosaic.com\/fr\/wp-json\/wp\/v2\/types\/product"}],"wp:featuredmedia":[{"embeddable":true,"href":"https:\/\/olemosaic.com\/fr\/wp-json\/wp\/v2\/media\/10217"}],"wp:attachment":[{"href":"https:\/\/olemosaic.com\/fr\/wp-json\/wp\/v2\/media?parent=27663"}],"wp:term":[{"taxonomy":"product_brand","embeddable":true,"href":"https:\/\/olemosaic.com\/fr\/wp-json\/wp\/v2\/product_brand?post=27663"},{"taxonomy":"product_cat","embeddable":true,"href":"https:\/\/olemosaic.com\/fr\/wp-json\/wp\/v2\/product_cat?post=27663"},{"taxonomy":"product_tag","embeddable":true,"href":"https:\/\/olemosaic.com\/fr\/wp-json\/wp\/v2\/product_tag?post=27663"}],"curies":[{"name":"wp","href":"https:\/\/api.w.org\/{rel}","templated":true}]}}