{"id":27662,"date":"2025-02-20T23:29:26","date_gmt":"2025-02-20T22:29:26","guid":{"rendered":"http:\/\/olemosaic.com\/producto\/botella-inox-500-ml-salamandra-5\/"},"modified":"2025-07-25T19:43:28","modified_gmt":"2025-07-25T17:43:28","slug":"bouteille-inox-500-ml-salamandre-5","status":"publish","type":"product","link":"https:\/\/olemosaic.com\/fr\/produit\/bouteille-inox-500-ml-salamandre-5\/","title":{"rendered":"Bouteille inox 500 ml. Salamandre. Style m\u00e9diterran\u00e9en."},"content":{"rendered":"<p>Ce magnifique souvenir, la bouteille en acier inoxydable de 500 ml, capture l&rsquo;essence de l&rsquo;art et de la nature de l&rsquo;Espagne. D\u00e9cor\u00e9e d&rsquo;un design vibrant de salamandres, cette bouteille s&rsquo;inspire du c\u00e9l\u00e8bre trencad\u00eds de Gaud\u00ed, symbole du modernisme catalan. Sa surface blanche met en valeur une mosa\u00efque color\u00e9e pr\u00e9sentant des salamandres dans des tons vifs de rouge, vert et jaune, se distinguant par leur joie et leur dynamisme, et \u00e9voquant la richesse de la faune m\u00e9diterran\u00e9enne. Cette pi\u00e8ce n&rsquo;est pas seulement visuellement attrayante, mais son design est \u00e9galement fonctionnel, gardant les boissons chaudes ou froides gr\u00e2ce \u00e0 sa construction robuste en acier inoxydable. De plus, elle comprend un crochet pratique qui facilite son transport, ce qui en fait un accessoire id\u00e9al pour les aventuriers et les amateurs d&rsquo;art. Ce souvenir repr\u00e9sente un lien culturel avec la ville de Barcelone, rendant hommage \u00e0 l&rsquo;\u0153uvre de l&rsquo;architecte embl\u00e9matique Antoni Gaud\u00ed. En tant qu&rsquo;Ol\u00e9 Mosaic, nous sommes fiers de proposer des souvenirs authentiques qui soulignent la richesse culturelle de l&rsquo;Espagne. Cette bouteille est une excellente option pour les magasins de cadeaux touristiques \u00e0 la recherche de produits uniques et de qualit\u00e9 pour leurs clients.<\/p>\n","protected":false},"excerpt":{"rendered":"<p>Bouteille en acier inoxydable de 500 ml, d\u00e9cor\u00e9e d&rsquo;un design vibrant de salamandres color\u00e9es, inspir\u00e9 du c\u00e9l\u00e8bre trencad\u00eds de Gaud\u00ed. Sa surface blanche pr\u00e9sente une mosa\u00efque qui met en valeur les salamandres dans des tons rouge, vert et jaune, apportant une touche de couleur et de joie. Cette bouteille est id\u00e9ale pour garder vos boissons chaudes ou froides et est livr\u00e9e avec un crochet pratique pour faciliter son transport. Parfaite pour les amateurs d&rsquo;art et de nature.<\/p>\n","protected":false},"featured_media":9791,"template":"","meta":{"_acf_changed":false},"product_brand":[],"product_cat":[784],"product_tag":[530],"class_list":{"0":"post-27662","1":"product","2":"type-product","3":"status-publish","4":"has-post-thumbnail","6":"product_cat-bouteilles-inox","7":"product_tag-animaux","8":"pa_motivo-salamandres","10":"first","11":"instock","12":"shipping-taxable","13":"product-type-simple"},"acf":[],"_links":{"self":[{"href":"https:\/\/olemosaic.com\/fr\/wp-json\/wp\/v2\/product\/27662","targetHints":{"allow":["GET"]}}],"collection":[{"href":"https:\/\/olemosaic.com\/fr\/wp-json\/wp\/v2\/product"}],"about":[{"href":"https:\/\/olemosaic.com\/fr\/wp-json\/wp\/v2\/types\/product"}],"wp:featuredmedia":[{"embeddable":true,"href":"https:\/\/olemosaic.com\/fr\/wp-json\/wp\/v2\/media\/9791"}],"wp:attachment":[{"href":"https:\/\/olemosaic.com\/fr\/wp-json\/wp\/v2\/media?parent=27662"}],"wp:term":[{"taxonomy":"product_brand","embeddable":true,"href":"https:\/\/olemosaic.com\/fr\/wp-json\/wp\/v2\/product_brand?post=27662"},{"taxonomy":"product_cat","embeddable":true,"href":"https:\/\/olemosaic.com\/fr\/wp-json\/wp\/v2\/product_cat?post=27662"},{"taxonomy":"product_tag","embeddable":true,"href":"https:\/\/olemosaic.com\/fr\/wp-json\/wp\/v2\/product_tag?post=27662"}],"curies":[{"name":"wp","href":"https:\/\/api.w.org\/{rel}","templated":true}]}}