{"id":27661,"date":"2025-02-20T23:29:26","date_gmt":"2025-02-20T22:29:26","guid":{"rendered":"http:\/\/olemosaic.com\/producto\/rana-figura-de-resina-de-65-cm-pintada-a-mano\/"},"modified":"2025-07-25T19:08:35","modified_gmt":"2025-07-25T17:08:35","slug":"grenouille-figurine-en-resine-de-6-5-cm-peinte-a-la-main","status":"publish","type":"product","link":"https:\/\/olemosaic.com\/fr\/produit\/grenouille-figurine-en-resine-de-6-5-cm-peinte-a-la-main\/","title":{"rendered":"Grenouille. Figurine en mosa\u00efque de 6,5 cm."},"content":{"rendered":"<p>Ce souvenir attrayant est une figurine de grenouille en r\u00e9sine avec un effet peint \u00e0 la main de 6,5 cm, capturant l&rsquo;essence de l&rsquo;art de la mosa\u00efque typique de l&rsquo;Espagne. Son design color\u00e9 pr\u00e9sente une palette vibrante de bleus, rouges, jaunes et verts, dispos\u00e9s artistiquement pour cr\u00e9er un effet captivant et dynamique. Cette charmante grenouille n&rsquo;est pas seulement un ornement, mais repr\u00e9sente \u00e9galement l&rsquo;h\u00e9ritage culturel de l&rsquo;artisanat espagnol, refl\u00e9tant la tradition des mosa\u00efques qui ornent tant d&rsquo;espaces embl\u00e9matiques.<\/p>\n<p>La figurine sculpt\u00e9e montre des d\u00e9tails m\u00e9ticuleux, de ses yeux brillants \u00e0 ses pattes soigneusement moul\u00e9es, ce qui en fait une pi\u00e8ce unique et parfaite pour ceux qui recherchent des souvenirs authentiques racontant une histoire. Id\u00e9ale pour d\u00e9corer des \u00e9tag\u00e8res, des tables ou n&rsquo;importe quel coin de la maison, ce souvenir de grenouille est un cadeau \u00e9vocateur qui rappellera aux touristes leurs exp\u00e9riences en Espagne.<\/p>\n<p>Chez Ol\u00e9 Mosaic, nous sommes des distributeurs de souvenirs en gros, et nous proposons des produits qui capturent l&rsquo;essence culturelle et l&rsquo;authenticit\u00e9 de la r\u00e9gion. Cette grenouille en mosa\u00efque est une excellente option pour les magasins de cadeaux touristiques \u00e0 la recherche d&rsquo;articles de qualit\u00e9 et de pertinence culturelle. Sans aucun doute, c&rsquo;est un cadeau qui ravira ceux qui souhaitent emporter un morceau d&rsquo;Espagne.<\/p>\n","protected":false},"excerpt":{"rendered":"<p>Figurine de grenouille de 6,5 cm, design artisanal, peinte \u00e0 la main, avec un design color\u00e9 qui \u00e9voque l&rsquo;art de la mosa\u00efque. Cette charmante grenouille pr\u00e9sente une gamme de couleurs vibrantes, telles que des bleus, rouges, jaunes et verts, appliqu\u00e9s avec soin pour obtenir un effet frappant. Son style refl\u00e8te la riche tradition artisanale, ce qui en fait un souvenir attrayant qui capture l&rsquo;essence culturelle de l&rsquo;Espagne. Parfaite pour d\u00e9corer des \u00e9tag\u00e8res ou comme cadeau \u00e9vocateur.<\/p>\n","protected":false},"featured_media":6290,"template":"","meta":{"_acf_changed":false},"product_brand":[],"product_cat":[540],"product_tag":[530],"class_list":{"0":"post-27661","1":"product","2":"type-product","3":"status-publish","4":"has-post-thumbnail","6":"product_cat-chiffres","7":"product_tag-animaux","8":"pa_motivo-grenouilles","10":"first","11":"instock","12":"shipping-taxable","13":"product-type-simple"},"acf":[],"_links":{"self":[{"href":"https:\/\/olemosaic.com\/fr\/wp-json\/wp\/v2\/product\/27661","targetHints":{"allow":["GET"]}}],"collection":[{"href":"https:\/\/olemosaic.com\/fr\/wp-json\/wp\/v2\/product"}],"about":[{"href":"https:\/\/olemosaic.com\/fr\/wp-json\/wp\/v2\/types\/product"}],"wp:featuredmedia":[{"embeddable":true,"href":"https:\/\/olemosaic.com\/fr\/wp-json\/wp\/v2\/media\/6290"}],"wp:attachment":[{"href":"https:\/\/olemosaic.com\/fr\/wp-json\/wp\/v2\/media?parent=27661"}],"wp:term":[{"taxonomy":"product_brand","embeddable":true,"href":"https:\/\/olemosaic.com\/fr\/wp-json\/wp\/v2\/product_brand?post=27661"},{"taxonomy":"product_cat","embeddable":true,"href":"https:\/\/olemosaic.com\/fr\/wp-json\/wp\/v2\/product_cat?post=27661"},{"taxonomy":"product_tag","embeddable":true,"href":"https:\/\/olemosaic.com\/fr\/wp-json\/wp\/v2\/product_tag?post=27661"}],"curies":[{"name":"wp","href":"https:\/\/api.w.org\/{rel}","templated":true}]}}