{"id":27630,"date":"2025-02-20T23:29:26","date_gmt":"2025-02-20T22:29:26","guid":{"rendered":"http:\/\/olemosaic.com\/producto\/bola-de-navidad-con-caja-panoramica-barcelona-gold-3\/"},"modified":"2025-07-25T19:38:40","modified_gmt":"2025-07-25T17:38:40","slug":"boule-de-noel-avec-boite-panoramique-barcelone-or-3","status":"publish","type":"product","link":"https:\/\/olemosaic.com\/fr\/produit\/boule-de-noel-avec-boite-panoramique-barcelone-or-3\/","title":{"rendered":"Boule de No\u00ebl avec bo\u00eete. Panoramique. Sagrada Familia. Barcelone. Or"},"content":{"rendered":"<p>Cette s\u00e9duisante boule de No\u00ebl pr\u00e9sente une charmante vue panoramique de l&rsquo;iconique Sagrada Familia de Barcelone, l&rsquo;un des monuments les plus embl\u00e9matiques de l&rsquo;architecture moderniste. Cet ornement festif se distingue par un design vibrant combinant des tons bleus et noirs, \u00e9voquant un paysage hivernal parsem\u00e9 de d\u00e9licats flocons de neige. La repr\u00e9sentation artistique de la Sagrada Familia capture ses tours majestueuses et ses d\u00e9tails architecturaux, constituant un fid\u00e8le reflet du chef-d&rsquo;\u0153uvre d&rsquo;Antoni Gaud\u00ed.<\/p>\n<p>Orn\u00e9e d&rsquo;un n\u0153ud sophistiqu\u00e9 en velours d&rsquo;une \u00e9l\u00e9gante couleur bordeaux, ce d\u00e9tail ajoute non seulement une touche distinctive et festive \u00e0 la boule, mais renforce \u00e9galement son esth\u00e9tique de luxe, en faisant une pi\u00e8ce id\u00e9ale pour rehausser n&rsquo;importe quel sapin de No\u00ebl. La boule est pr\u00e9sent\u00e9e dans une bo\u00eete \u00e9l\u00e9gante, ce qui en fait un choix parfait pour un cadeau, refl\u00e9tant la culture et la tradition de No\u00ebl de la cit\u00e9 comtale.<\/p>\n<p>Chez Ol\u00e9 Mosaic, nos nous sp\u00e9cialisons dans la distribution de souvenirs en gros, offrant des produits authentiques et repr\u00e9sentatifs de villes iconiques comme Barcelone. Cette boule de No\u00ebl n&rsquo;est pas seulement un magnifique ornement, mais un souvenir exceptionnel du riche h\u00e9ritage culturel de l&rsquo;Espagne, id\u00e9al pour les touristes cherchant \u00e0 ramener un petit morceau de la magie de la Sagrada Familia chez eux.<\/p>\n","protected":false},"excerpt":{"rendered":"<p>Boule de No\u00ebl avec bo\u00eete pr\u00e9sentant une charmante vue panoramique de la Sagrada Familia de Barcelone. Cet ornement festif se distingue par son design color\u00e9, avec des tons bleus et noirs \u00e9voquant un paysage hivernal parsem\u00e9 de flocons de neige. La boule est orn\u00e9e d&rsquo;un n\u0153ud en velours bordeaux, qui lui ajoute une touche \u00e9l\u00e9gante et festive. Parfaite pour d\u00e9corer le sapin de No\u00ebl, cette pi\u00e8ce capture l&rsquo;essence architecturale de l&rsquo;un des monuments les plus embl\u00e9matiques de la ville.<\/p>\n","protected":false},"featured_media":10395,"template":"","meta":{"_acf_changed":false},"product_brand":[],"product_cat":[659],"product_tag":[646],"class_list":{"0":"post-27630","1":"product","2":"type-product","3":"status-publish","4":"has-post-thumbnail","6":"product_cat-boules-de-noel","7":"product_tag-noel","8":"pa_ciudad-barcelona","9":"pa_motivo-panoramas","10":"pa_pais-espana","12":"first","13":"instock","14":"shipping-taxable","15":"product-type-simple"},"acf":[],"_links":{"self":[{"href":"https:\/\/olemosaic.com\/fr\/wp-json\/wp\/v2\/product\/27630","targetHints":{"allow":["GET"]}}],"collection":[{"href":"https:\/\/olemosaic.com\/fr\/wp-json\/wp\/v2\/product"}],"about":[{"href":"https:\/\/olemosaic.com\/fr\/wp-json\/wp\/v2\/types\/product"}],"wp:featuredmedia":[{"embeddable":true,"href":"https:\/\/olemosaic.com\/fr\/wp-json\/wp\/v2\/media\/10395"}],"wp:attachment":[{"href":"https:\/\/olemosaic.com\/fr\/wp-json\/wp\/v2\/media?parent=27630"}],"wp:term":[{"taxonomy":"product_brand","embeddable":true,"href":"https:\/\/olemosaic.com\/fr\/wp-json\/wp\/v2\/product_brand?post=27630"},{"taxonomy":"product_cat","embeddable":true,"href":"https:\/\/olemosaic.com\/fr\/wp-json\/wp\/v2\/product_cat?post=27630"},{"taxonomy":"product_tag","embeddable":true,"href":"https:\/\/olemosaic.com\/fr\/wp-json\/wp\/v2\/product_tag?post=27630"}],"curies":[{"name":"wp","href":"https:\/\/api.w.org\/{rel}","templated":true}]}}