{"id":27629,"date":"2025-02-20T23:29:26","date_gmt":"2025-02-20T22:29:26","guid":{"rendered":"http:\/\/olemosaic.com\/producto\/jarra-de-ceramica-panoramica-sevilla-beige\/"},"modified":"2025-07-25T19:09:00","modified_gmt":"2025-07-25T17:09:00","slug":"cruche-en-ceramique-panoramique-seville-beige","status":"publish","type":"product","link":"https:\/\/olemosaic.com\/fr\/produit\/cruche-en-ceramique-panoramique-seville-beige\/","title":{"rendered":"Cruche en c\u00e9ramique. Panoramique. S\u00e9ville. Beige."},"content":{"rendered":"<p>Ce s\u00e9duisant souvenir s\u00e9villan est une \u00e9l\u00e9gante cruche en c\u00e9ramique qui capture l&rsquo;essence vibrante de cette ville andalouse historique. Peinte \u00e0 la main dans des tons beige, la cruche pr\u00e9sente une vue panoramique exquise incluant des monuments iconiques tels que la majestueuse Giralda et l&#8217;embl\u00e9matique Place d&rsquo;Espagne, repr\u00e9sent\u00e9s dans un style color\u00e9 et vibrant qui refl\u00e8te la riche culture locale. Avec un design tr\u00e8s sp\u00e9cial, la cruche arbore un bord et une anse d&rsquo;un rouge \u00e9clatant, qui non seulement ajoute une touche de joie, mais souligne \u00e9galement son authenticit\u00e9 en tant que produit artisanal.<\/p>\n<p>Id\u00e9ale tant pour un usage fonctionnel en cuisine que pour une exposition d\u00e9corative \u00e0 la maison, cette cruche en c\u00e9ramique est un hommage \u00e0 la tradition artisanale de S\u00e9ville. Son design en fait un accessoire utile et un souvenir culturel significatif, parfait pour les touristes cherchant \u00e0 emporter un morceau de l&rsquo;h\u00e9ritage s\u00e9villan. Chez Ol\u00e9 Mosaic, nous distribuons ce type de souvenirs de S\u00e9ville en gros, garantissant aux boutiques de cadeaux touristiques des produits de haute qualit\u00e9 qui c\u00e9l\u00e8brent la singularit\u00e9 de la r\u00e9gion. Cet article est une excellente option pour ceux qui souhaitent offrir \u00e0 leurs clients des souvenirs authentiques et repr\u00e9sentatifs de l&rsquo;Espagne, alliant esth\u00e9tique, fonctionnalit\u00e9 et culture.<\/p>\n","protected":false},"excerpt":{"rendered":"<p>Cruche en c\u00e9ramique avec une vue panoramique attrayante de S\u00e9ville dans des tons beige. Ce produit au design artisanal, peinte \u00e0 la main, pr\u00e9sente des motifs \u00e9labor\u00e9s repr\u00e9sentant des monuments embl\u00e9matiques de la ville, tels que la Giralda et la Place d&rsquo;Espagne, dans un style color\u00e9 et vibrant. Avec le bord et l&rsquo;anse en rouge, cette cruche est aussi fonctionnelle que d\u00e9corative, id\u00e9ale pour ajouter une touche andalouse \u00e0 n&rsquo;importe quel foyer. Parfaite pour l&rsquo;exposition ou comme souvenir.<\/p>\n","protected":false},"featured_media":7512,"template":"","meta":{"_acf_changed":false},"product_brand":[],"product_cat":[632],"product_tag":[585],"class_list":{"0":"post-27629","1":"product","2":"type-product","3":"status-publish","4":"has-post-thumbnail","6":"product_cat-jugs","7":"product_tag-ceramique","8":"pa_ciudad-sevilla","9":"pa_motivo-panoramas","10":"pa_pais-espana","12":"first","13":"instock","14":"shipping-taxable","15":"product-type-simple"},"acf":[],"_links":{"self":[{"href":"https:\/\/olemosaic.com\/fr\/wp-json\/wp\/v2\/product\/27629","targetHints":{"allow":["GET"]}}],"collection":[{"href":"https:\/\/olemosaic.com\/fr\/wp-json\/wp\/v2\/product"}],"about":[{"href":"https:\/\/olemosaic.com\/fr\/wp-json\/wp\/v2\/types\/product"}],"wp:featuredmedia":[{"embeddable":true,"href":"https:\/\/olemosaic.com\/fr\/wp-json\/wp\/v2\/media\/7512"}],"wp:attachment":[{"href":"https:\/\/olemosaic.com\/fr\/wp-json\/wp\/v2\/media?parent=27629"}],"wp:term":[{"taxonomy":"product_brand","embeddable":true,"href":"https:\/\/olemosaic.com\/fr\/wp-json\/wp\/v2\/product_brand?post=27629"},{"taxonomy":"product_cat","embeddable":true,"href":"https:\/\/olemosaic.com\/fr\/wp-json\/wp\/v2\/product_cat?post=27629"},{"taxonomy":"product_tag","embeddable":true,"href":"https:\/\/olemosaic.com\/fr\/wp-json\/wp\/v2\/product_tag?post=27629"}],"curies":[{"name":"wp","href":"https:\/\/api.w.org\/{rel}","templated":true}]}}