{"id":27628,"date":"2025-02-20T23:29:26","date_gmt":"2025-02-20T22:29:26","guid":{"rendered":"http:\/\/olemosaic.com\/producto\/bola-de-navidad-con-caja-mosaico-4\/"},"modified":"2025-07-25T20:00:28","modified_gmt":"2025-07-25T18:00:28","slug":"boule-de-noel-avec-boite-mosaique-4","status":"publish","type":"product","link":"https:\/\/olemosaic.com\/fr\/produit\/boule-de-noel-avec-boite-mosaique-4\/","title":{"rendered":"Boule de No\u00ebl avec bo\u00eete. Mosa\u00efque. Andalousie."},"content":{"rendered":"<p>Cet attrayant ornement de No\u00ebl d\u00e9coratif s&rsquo;inspire de la magnifique tradition de la mosa\u00efque andalouse, l&rsquo;une des expressions artistiques les plus embl\u00e9matiques d&rsquo;Espagne. Le design pr\u00e9sente un motif complexe combinant des couleurs vibrantes dans des tons bleus et rouges, avec des d\u00e9tails blancs \u00e9voquant le riche h\u00e9ritage culturel de la c\u00e9ramique espagnole. La boule, \u00e9labor\u00e9e avec minutie, n&rsquo;est pas seulement un objet d\u00e9coratif, mais aussi un hommage \u00e0 la tradition artisanale andalouse.<\/p>\n<p>Chaque regard sur cette boule r\u00e9v\u00e8le une fusion harmonieuse de formes et de couleurs rappelant les c\u00e9l\u00e8bres azulejos qui ornent les palais et les places du sud de l&rsquo;Espagne. De plus, son ruban bordeaux pour la suspendre apporte une touche festive, la rendant parfaite pour orner le sapin de No\u00ebl ou pour l&rsquo;int\u00e9grer dans une d\u00e9coration plus large pendant la saison. Elle est pr\u00e9sent\u00e9e dans une jolie bo\u00eete, ce qui en fait un cadeau id\u00e9al pour ceux qui appr\u00e9cient tant l&rsquo;art que la tradition.<\/p>\n<p>Ce souvenir en mosa\u00efque n&rsquo;est pas seulement un bijou pour la d\u00e9coration de No\u00ebl, mais aussi un souvenir significatif qui capture l&rsquo;essence de l&rsquo;Andalousie. Chez Ol\u00e9 Mosaic, nous sommes fiers de proposer des produits authentiques repr\u00e9sentant le patrimoine culturel de l&rsquo;Espagne, et cette boule de No\u00ebl est une excellente option pour les boutiques de cadeaux touristiques \u00e0 la recherche de souvenirs uniques et de haute qualit\u00e9. En tant que grossistes de souvenirs, nous garantissons que chaque pi\u00e8ce souligne l&rsquo;authenticit\u00e9 et la beaut\u00e9 des traditions espagnoles.<\/p>\n","protected":false},"excerpt":{"rendered":"<p>Boule de No\u00ebl d\u00e9corative avec un design inspir\u00e9 de la c\u00e9l\u00e8bre mosa\u00efque andalouse. Cette boule attrayante, pr\u00e9sent\u00e9e dans une bo\u00eete \u00e9l\u00e9gante, affiche un motif complexe de couleurs vibrantes dans des tons bleus, rouges et des d\u00e9tails blancs, \u00e9voquant la richesse artistique de la c\u00e9ramique espagnole. Avec son ruban bordeaux pour la suspendre, cette pi\u00e8ce apportera une touche festive et culturelle \u00e0 votre sapin de No\u00ebl, en faisant un cadeau id\u00e9al pour les amateurs d&rsquo;art et de tradition.<\/p>\n","protected":false},"featured_media":9832,"template":"","meta":{"_acf_changed":false},"product_brand":[],"product_cat":[659],"product_tag":[646],"class_list":{"0":"post-27628","1":"product","2":"type-product","3":"status-publish","4":"has-post-thumbnail","6":"product_cat-boules-de-noel","7":"product_tag-noel","8":"pa_motivo-mosaique","10":"first","11":"instock","12":"shipping-taxable","13":"product-type-simple"},"acf":[],"_links":{"self":[{"href":"https:\/\/olemosaic.com\/fr\/wp-json\/wp\/v2\/product\/27628","targetHints":{"allow":["GET"]}}],"collection":[{"href":"https:\/\/olemosaic.com\/fr\/wp-json\/wp\/v2\/product"}],"about":[{"href":"https:\/\/olemosaic.com\/fr\/wp-json\/wp\/v2\/types\/product"}],"wp:featuredmedia":[{"embeddable":true,"href":"https:\/\/olemosaic.com\/fr\/wp-json\/wp\/v2\/media\/9832"}],"wp:attachment":[{"href":"https:\/\/olemosaic.com\/fr\/wp-json\/wp\/v2\/media?parent=27628"}],"wp:term":[{"taxonomy":"product_brand","embeddable":true,"href":"https:\/\/olemosaic.com\/fr\/wp-json\/wp\/v2\/product_brand?post=27628"},{"taxonomy":"product_cat","embeddable":true,"href":"https:\/\/olemosaic.com\/fr\/wp-json\/wp\/v2\/product_cat?post=27628"},{"taxonomy":"product_tag","embeddable":true,"href":"https:\/\/olemosaic.com\/fr\/wp-json\/wp\/v2\/product_tag?post=27628"}],"curies":[{"name":"wp","href":"https:\/\/api.w.org\/{rel}","templated":true}]}}