{"id":27626,"date":"2025-02-20T23:29:25","date_gmt":"2025-02-20T22:29:25","guid":{"rendered":"http:\/\/olemosaic.com\/producto\/jarra-de-ceramica-la-alhambra-granada-beige\/"},"modified":"2025-07-25T19:01:26","modified_gmt":"2025-07-25T17:01:26","slug":"cruche-en-ceramique-l-alhambra-grenade-beige","status":"publish","type":"product","link":"https:\/\/olemosaic.com\/fr\/produit\/cruche-en-ceramique-l-alhambra-grenade-beige\/","title":{"rendered":"Cruche en c\u00e9ramique. L&rsquo;Alhambra. Grenade. Beige."},"content":{"rendered":"<p>Cette s\u00e9duisante cruche en c\u00e9ramique, d\u00e9cor\u00e9e d&rsquo;une repr\u00e9sentation color\u00e9e de l&rsquo;Alhambra, est le souvenir parfait pour ramener un morceau de Grenade chez soi. Peinte \u00e0 la main avec soin, la cruche pr\u00e9sente un design tr\u00e8s sp\u00e9cial dans des tons beige, rouge et vert, o\u00f9 chaque d\u00e9tail capture l&rsquo;essence de cette ville andalouse embl\u00e9matique. Elle affiche de belles repr\u00e9sentations de l&rsquo;Alhambra au centre, entour\u00e9e d&rsquo;un paysage \u00e9voquant le riche h\u00e9ritage culturel de la r\u00e9gion, avec des collines et une v\u00e9g\u00e9tation abondante. Le contour asym\u00e9trique ajoute une touche contemporaine et dynamique, soulignant son unicit\u00e9 en tant qu&rsquo;objet d\u00e9coratif.<\/p>\n<p>Les inscriptions \u00ab Grenade \u00bb et \u00ab l&rsquo;Alhambra \u00bb sur la partie sup\u00e9rieure renforcent non seulement son lien culturel, mais en font \u00e9galement un excellent cadeau pour ceux qui recherchent un souvenir authentique de leur visite. Id\u00e9ale pour servir des boissons ou comme pi\u00e8ce d\u00e9corative, ce souvenir est une merveilleuse repr\u00e9sentation de l&rsquo;art c\u00e9ramique andalou, ce qui en fait un cadeau m\u00e9morable pour les amis et la famille. Chez Ol\u00e9 Mosaic, nous nous sp\u00e9cialisons dans la distribution de souvenirs en gros, offrant cette pi\u00e8ce et d&rsquo;autres qui c\u00e9l\u00e8brent le meilleur de la culture espagnole, faisant de chacune un symbole de sa riche tradition.<\/p>\n","protected":false},"excerpt":{"rendered":"<p>Cruche en c\u00e9ramique d\u00e9cor\u00e9e d&rsquo;une repr\u00e9sentation color\u00e9e de l&rsquo;Alhambra et du paysage de Grenade, id\u00e9ale pour servir des boissons. Cette pi\u00e8ce au design artisanal, peinte \u00e0 la main, se distingue par ses tons beige, rouge et vert, avec des d\u00e9tails de mosa\u00efque \u00e9voquant le riche h\u00e9ritage culturel de la r\u00e9gion. Le contour asym\u00e9trique de la cruche et les inscriptions \u00ab\u00a0Grenade\u00a0\u00bb et \u00ab\u00a0l&rsquo;Alhambra\u00a0\u00bb lui ajoutent une touche distinctive et attrayante, en faisant le souvenir parfait de cette ville andalouse embl\u00e9matique.<\/p>\n","protected":false},"featured_media":7521,"template":"","meta":{"_acf_changed":false},"product_brand":[],"product_cat":[632],"product_tag":[585],"class_list":{"0":"post-27626","1":"product","2":"type-product","3":"status-publish","4":"has-post-thumbnail","6":"product_cat-jugs","7":"product_tag-ceramique","8":"pa_ciudad-granada","9":"pa_motivo-lalhambra","10":"pa_pais-espana","12":"first","13":"instock","14":"shipping-taxable","15":"product-type-simple"},"acf":[],"_links":{"self":[{"href":"https:\/\/olemosaic.com\/fr\/wp-json\/wp\/v2\/product\/27626","targetHints":{"allow":["GET"]}}],"collection":[{"href":"https:\/\/olemosaic.com\/fr\/wp-json\/wp\/v2\/product"}],"about":[{"href":"https:\/\/olemosaic.com\/fr\/wp-json\/wp\/v2\/types\/product"}],"wp:featuredmedia":[{"embeddable":true,"href":"https:\/\/olemosaic.com\/fr\/wp-json\/wp\/v2\/media\/7521"}],"wp:attachment":[{"href":"https:\/\/olemosaic.com\/fr\/wp-json\/wp\/v2\/media?parent=27626"}],"wp:term":[{"taxonomy":"product_brand","embeddable":true,"href":"https:\/\/olemosaic.com\/fr\/wp-json\/wp\/v2\/product_brand?post=27626"},{"taxonomy":"product_cat","embeddable":true,"href":"https:\/\/olemosaic.com\/fr\/wp-json\/wp\/v2\/product_cat?post=27626"},{"taxonomy":"product_tag","embeddable":true,"href":"https:\/\/olemosaic.com\/fr\/wp-json\/wp\/v2\/product_tag?post=27626"}],"curies":[{"name":"wp","href":"https:\/\/api.w.org\/{rel}","templated":true}]}}