{"id":27623,"date":"2025-02-20T22:29:25","date_gmt":"2025-02-20T22:29:25","guid":{"rendered":"http:\/\/olemosaic.com\/producto\/funda-de-telefono-para-iphone-12-promax-tpu-mosaico-barcelona-blanco\/"},"modified":"2025-07-25T18:47:20","modified_gmt":"2025-07-25T16:47:20","slug":"coque-de-telephone-pour-iphone-12-pro-max-tpu-mosaique-barcelone-blanc","status":"publish","type":"product","link":"https:\/\/olemosaic.com\/fr\/produit\/coque-de-telephone-pour-iphone-12-pro-max-tpu-mosaique-barcelone-blanc\/","title":{"rendered":"Coque de t\u00e9l\u00e9phone pour iPhone 12 Pro Max (TPU). Mosa\u00efque. Barcelone. Blanc"},"content":{"rendered":"<p>Ce design attrayant de coque pour iPhone 12 Pro Max est une c\u00e9l\u00e9bration de l&rsquo;architecture vibrante de Barcelone, id\u00e9al pour ceux qui souhaitent emporter avec eux un petit morceau de cette ville magnifique. Fabriqu\u00e9e en TPU, cette coque offre durabilit\u00e9 et une protection efficace contre les chocs et les chutes, assurant l&rsquo;int\u00e9grit\u00e9 de votre appareil. Son design spectaculaire de mosa\u00efque s&rsquo;inspire des carreaux embl\u00e9matiques qui d\u00e9corent de nombreux b\u00e2timents de la capitale catalane, pr\u00e9sentant une joyeuse combinaison de couleurs \u2013 rouge, bleu et jaune \u2013 dans des dessins g\u00e9om\u00e9triques et floraux complexes. Le design inclut \u00e9galement le mot \u00ab Barcelona \u00bb dans une typographie \u00e9l\u00e9gante, ajoutant une touche personnelle et distinctive \u00e0 la pi\u00e8ce.<\/p>\n<p>Chaque fois que vous observerez cette coque, vous vous rappellerez le riche h\u00e9ritage culturel de Barcelone, c\u00e9l\u00e8bre pour son architecture moderniste, particuli\u00e8rement l&rsquo;\u0153uvre d&rsquo;Antoni Gaud\u00ed. Cette coque n&rsquo;est pas seulement une excellente option pour prot\u00e9ger votre t\u00e9l\u00e9phone, mais elle sert aussi de souvenir authentique, repr\u00e9sentant l&rsquo;essence de la ville. Chez Ol\u00e9 Mosaic, nous sommes fiers de proposer des produits qui sont d&rsquo;authentiques souvenirs de Barcelone. Cette coque est un excellent choix pour les boutiques de cadeaux touristiques \u00e0 la recherche d&rsquo;articles fusionnant fonctionnalit\u00e9 et pertinence culturelle, se positionnant comme un souvenir attrayant pour les visiteurs de la ville. En tant que grossistes de coques, nous garantissons qualit\u00e9 et design dans chaque pi\u00e8ce.<\/p>\n","protected":false},"excerpt":{"rendered":"<p>Coque pour iPhone 12 Pro Max fabriqu\u00e9e en TPU avec un design de mosa\u00efque vibrant inspir\u00e9 de l&rsquo;architecture de Barcelone. Elle pr\u00e9sente une combinaison attrayante de couleurs dans des dessins g\u00e9om\u00e9triques et floraux qui \u00e9voquent les c\u00e9l\u00e8bres carreaux de la ville. Le design inclut le mot \u00ab Barcelona \u00bb dans un style \u00e9l\u00e9gant, transformant cette coque en un moyen joli et pratique de prot\u00e9ger votre t\u00e9l\u00e9phone, tout en refl\u00e9tant le style unique de la capitale catalane.<\/p>\n","protected":false},"featured_media":12262,"template":"","meta":{"_acf_changed":false},"product_brand":[],"product_cat":[674],"product_tag":[],"class_list":{"0":"post-27623","1":"product","2":"type-product","3":"status-publish","4":"has-post-thumbnail","6":"product_cat-etuis-pour-telephones-portables","7":"pa_ciudad-barcelona","8":"pa_motivo-mosaique","9":"pa_pais-espana","11":"first","12":"instock","13":"shipping-taxable","14":"product-type-simple"},"acf":[],"_links":{"self":[{"href":"https:\/\/olemosaic.com\/fr\/wp-json\/wp\/v2\/product\/27623","targetHints":{"allow":["GET"]}}],"collection":[{"href":"https:\/\/olemosaic.com\/fr\/wp-json\/wp\/v2\/product"}],"about":[{"href":"https:\/\/olemosaic.com\/fr\/wp-json\/wp\/v2\/types\/product"}],"wp:featuredmedia":[{"embeddable":true,"href":"https:\/\/olemosaic.com\/fr\/wp-json\/wp\/v2\/media\/12262"}],"wp:attachment":[{"href":"https:\/\/olemosaic.com\/fr\/wp-json\/wp\/v2\/media?parent=27623"}],"wp:term":[{"taxonomy":"product_brand","embeddable":true,"href":"https:\/\/olemosaic.com\/fr\/wp-json\/wp\/v2\/product_brand?post=27623"},{"taxonomy":"product_cat","embeddable":true,"href":"https:\/\/olemosaic.com\/fr\/wp-json\/wp\/v2\/product_cat?post=27623"},{"taxonomy":"product_tag","embeddable":true,"href":"https:\/\/olemosaic.com\/fr\/wp-json\/wp\/v2\/product_tag?post=27623"}],"curies":[{"name":"wp","href":"https:\/\/api.w.org\/{rel}","templated":true}]}}