{"id":27614,"date":"2025-02-20T22:29:24","date_gmt":"2025-02-20T22:29:24","guid":{"rendered":"http:\/\/olemosaic.com\/producto\/aceitera-de-ceramica-valencia-calca-blanco\/"},"modified":"2025-07-25T18:38:05","modified_gmt":"2025-07-25T16:38:05","slug":"huilier-en-ceramique-valence-decalcomanie-blanc","status":"publish","type":"product","link":"https:\/\/olemosaic.com\/fr\/produit\/huilier-en-ceramique-valence-decalcomanie-blanc\/","title":{"rendered":"Huilier en c\u00e9ramique. Valence. D\u00e9calcomanie. Blanc"},"content":{"rendered":"<p>Cet huilier en c\u00e9ramique au design moderne est une pi\u00e8ce unique, inspir\u00e9e par l&rsquo;impressionnante beaut\u00e9 architecturale de Valence. Avec une finition blanche \u00e9l\u00e9gante, il pr\u00e9sente une d\u00e9calcomanie color\u00e9e illustrant des panoramas iconiques de la ville, tels que la majestueuse Cath\u00e9drale et l&rsquo;avant-gardiste Cit\u00e9 des Arts et des Sciences. Son design fonctionnel comprend un bec verseur pratique, qui facilite l&rsquo;utilisation quotidienne sans renoncer au style. Les d\u00e9tails subtils en noir et rouge ajoutent une touche contemporaine qui compl\u00e8te son esth\u00e9tique artistique.<\/p>\n<p>Ce souvenir n&rsquo;est pas seulement un objet d\u00e9coratif, mais aussi un hommage au riche h\u00e9ritage culturel de Valence, ce qui en fait un souvenir repr\u00e9sentatif de cette ville m\u00e9diterran\u00e9enne vibrante. Le m\u00e9lange de tradition et de modernit\u00e9 dans son design refl\u00e8te la dualit\u00e9 de Valence, c\u00e9l\u00e8bre tant pour son histoire que pour son innovation architecturale. Cet huilier est une excellente option pour les touristes \u00e0 la recherche de souvenirs authentiques et utiles, ainsi que pour les boutiques de cadeaux souhaitant proposer des produits distinctifs et pertinents.<\/p>\n<p>Chez Ol\u00e9 Mosaic, nous nous consacrons \u00e0 la distribution de souvenirs en gros, garantissant que chaque pi\u00e8ce, comme cet huilier en c\u00e9ramique, repr\u00e9sente la qualit\u00e9 et l&rsquo;authenticit\u00e9 recherch\u00e9es par les touristes. Ajouter cet huilier en c\u00e9ramique \u00e0 votre catalogue signifie offrir un produit qui n&rsquo;est pas seulement pratique, mais aussi un symbole de la richesse culturelle de Valence.<\/p>\n","protected":false},"excerpt":{"rendered":"<p>Huilier en c\u00e9ramique au design moderne, inspir\u00e9 par la beaut\u00e9 architecturale de Valence. Cette pi\u00e8ce, \u00e0 la finition blanche, arbore une d\u00e9calcomanie color\u00e9e \u00e9voquant des panoramas iconiques de la ville, comme la Cath\u00e9drale et la Cit\u00e9 des Arts et des Sciences. Il est \u00e9quip\u00e9 d&rsquo;un bec verseur pratique et de d\u00e9tails subtils en noir et rouge, qui compl\u00e8tent son style contemporain. Id\u00e9al pour ajouter une touche artistique et fonctionnelle \u00e0 votre cuisine.<\/p>\n","protected":false},"featured_media":9897,"template":"","meta":{"_acf_changed":false},"product_brand":[],"product_cat":[782],"product_tag":[585],"class_list":{"0":"post-27614","1":"product","2":"type-product","3":"status-publish","4":"has-post-thumbnail","6":"product_cat-huiliers","7":"product_tag-ceramique","8":"pa_ciudad-valencia","9":"pa_pais-espana","11":"first","12":"instock","13":"shipping-taxable","14":"product-type-simple"},"acf":[],"_links":{"self":[{"href":"https:\/\/olemosaic.com\/fr\/wp-json\/wp\/v2\/product\/27614","targetHints":{"allow":["GET"]}}],"collection":[{"href":"https:\/\/olemosaic.com\/fr\/wp-json\/wp\/v2\/product"}],"about":[{"href":"https:\/\/olemosaic.com\/fr\/wp-json\/wp\/v2\/types\/product"}],"wp:featuredmedia":[{"embeddable":true,"href":"https:\/\/olemosaic.com\/fr\/wp-json\/wp\/v2\/media\/9897"}],"wp:attachment":[{"href":"https:\/\/olemosaic.com\/fr\/wp-json\/wp\/v2\/media?parent=27614"}],"wp:term":[{"taxonomy":"product_brand","embeddable":true,"href":"https:\/\/olemosaic.com\/fr\/wp-json\/wp\/v2\/product_brand?post=27614"},{"taxonomy":"product_cat","embeddable":true,"href":"https:\/\/olemosaic.com\/fr\/wp-json\/wp\/v2\/product_cat?post=27614"},{"taxonomy":"product_tag","embeddable":true,"href":"https:\/\/olemosaic.com\/fr\/wp-json\/wp\/v2\/product_tag?post=27614"}],"curies":[{"name":"wp","href":"https:\/\/api.w.org\/{rel}","templated":true}]}}