{"id":27613,"date":"2025-02-20T22:29:24","date_gmt":"2025-02-20T22:29:24","guid":{"rendered":"http:\/\/olemosaic.com\/producto\/aceitera-de-ceramica-panoramica-barcelona-calca-beige\/"},"modified":"2025-07-25T19:36:18","modified_gmt":"2025-07-25T17:36:18","slug":"huilier-en-ceramique-panoramique-barcelone-decalcomanie-beige","status":"publish","type":"product","link":"https:\/\/olemosaic.com\/fr\/produit\/huilier-en-ceramique-panoramique-barcelone-decalcomanie-beige\/","title":{"rendered":"Huilier en c\u00e9ramique. Panoramique. Barcelone. D\u00e9calcomanie. Beige"},"content":{"rendered":"<p>Cet huilier en c\u00e9ramique de Barcelone est une pi\u00e8ce exquise qui fusionne fonctionnalit\u00e9 et art, id\u00e9ale pour ceux qui appr\u00e9cient la culture m\u00e9diterran\u00e9enne. Avec sa finition beige, la bouteille affiche une charmante vue panoramique de Barcelone, o\u00f9 se distinguent des monuments embl\u00e9matiques tels que la Sagrada Familia et le Parc G\u00fcell, soigneusement illustr\u00e9s par la technique de la d\u00e9calcomanie dans des couleurs vibrantes. Chaque d\u00e9tail visuel capture l&rsquo;essence de l&rsquo;architecture moderniste de Gaud\u00ed, transformant cet article en un v\u00e9ritable hommage \u00e0 l&rsquo;h\u00e9ritage culturel de la ville. Le bouchon, dans des tons orange, vert et noir, apporte non seulement une touche distinctive, mais constitue \u00e9galement un \u00e9l\u00e9ment pratique facilitant son utilisation quotidienne en cuisine. Parfait pour embellir n&rsquo;importe quelle table, cet huilier ne sert pas seulement \u00e0 conserver l&rsquo;huile, mais devient un beau souvenir \u00e9voquant les moments v\u00e9cus dans cette ville embl\u00e9matique. Chez Ol\u00e9 Mosaic, nous nous sp\u00e9cialisons dans la distribution de souvenirs en c\u00e9ramique en gros, et cet huilier est une excellente option pour les boutiques de cadeaux touristiques \u00e0 la recherche de produits authentiques, d\u00e9coratifs et repr\u00e9sentatifs de Barcelone. Avec ce souvenir, les touristes peuvent emporter chez eux un morceau de la vibrante culture catalane.<\/p>\n","protected":false},"excerpt":{"rendered":"<p>Huilier en c\u00e9ramique avec finition beige, d\u00e9cor\u00e9 d&rsquo;une charmante vue panoramique de Barcelone, incluant des monuments embl\u00e9matiques comme la Sagrada Familia et le Park G\u00fcell, avec des d\u00e9tails aux couleurs vibrantes. Ce design, r\u00e9alis\u00e9 par la technique de la d\u00e9calcomanie, combine fonctionnalit\u00e9 et art dans la cuisine. Le bouchon, aux couleurs orange, vert et noir, ajoute une touche distinctive. Parfait pour offrir ou pour embellir n&rsquo;importe quelle table.<\/p>\n","protected":false},"featured_media":7351,"template":"","meta":{"_acf_changed":false},"product_brand":[],"product_cat":[782],"product_tag":[585],"class_list":{"0":"post-27613","1":"product","2":"type-product","3":"status-publish","4":"has-post-thumbnail","6":"product_cat-huiliers","7":"product_tag-ceramique","8":"pa_ciudad-barcelona","9":"pa_motivo-panoramas","10":"pa_pais-espana","12":"first","13":"instock","14":"shipping-taxable","15":"product-type-simple"},"acf":[],"_links":{"self":[{"href":"https:\/\/olemosaic.com\/fr\/wp-json\/wp\/v2\/product\/27613","targetHints":{"allow":["GET"]}}],"collection":[{"href":"https:\/\/olemosaic.com\/fr\/wp-json\/wp\/v2\/product"}],"about":[{"href":"https:\/\/olemosaic.com\/fr\/wp-json\/wp\/v2\/types\/product"}],"wp:featuredmedia":[{"embeddable":true,"href":"https:\/\/olemosaic.com\/fr\/wp-json\/wp\/v2\/media\/7351"}],"wp:attachment":[{"href":"https:\/\/olemosaic.com\/fr\/wp-json\/wp\/v2\/media?parent=27613"}],"wp:term":[{"taxonomy":"product_brand","embeddable":true,"href":"https:\/\/olemosaic.com\/fr\/wp-json\/wp\/v2\/product_brand?post=27613"},{"taxonomy":"product_cat","embeddable":true,"href":"https:\/\/olemosaic.com\/fr\/wp-json\/wp\/v2\/product_cat?post=27613"},{"taxonomy":"product_tag","embeddable":true,"href":"https:\/\/olemosaic.com\/fr\/wp-json\/wp\/v2\/product_tag?post=27613"}],"curies":[{"name":"wp","href":"https:\/\/api.w.org\/{rel}","templated":true}]}}