{"id":27602,"date":"2025-02-20T23:29:23","date_gmt":"2025-02-20T22:29:23","guid":{"rendered":"http:\/\/olemosaic.com\/producto\/abridor-de-metal-mallorca-pintado-a-mano-mosaico\/"},"modified":"2025-07-25T20:20:45","modified_gmt":"2025-07-25T18:20:45","slug":"decapsuleur-en-metal-majorque-peint-a-la-main-mosaique","status":"publish","type":"product","link":"https:\/\/olemosaic.com\/fr\/produit\/decapsuleur-en-metal-majorque-peint-a-la-main-mosaique\/","title":{"rendered":"D\u00e9capsuleur en m\u00e9tal. Majorque. Mosa\u00efque"},"content":{"rendered":"<p>Ce d\u00e9capsuleur en m\u00e9tal peint \u00e0 la main est un charmant souvenir de Majorque qui ajoute une touche de couleur et de joie \u00e0 n&rsquo;importe quel foyer. D\u00e9cor\u00e9 d&rsquo;une mosa\u00efque vibrante formant le mot \u00ab MAJORQUE \u00bb, son design moderne affiche une explosion de tons orange, rouge, bleu et vert. Le d\u00e9capsuleur n&rsquo;est pas seulement fonctionnel, il agit \u00e9galement comme une pi\u00e8ce d\u00e9corative refl\u00e9tant la beaut\u00e9 et la culture des \u00eeles Bal\u00e9ares. Chaque couleur a \u00e9t\u00e9 soigneusement choisie pour \u00e9voquer les vues vibrantes du paysage majorquin, o\u00f9 les levers et couchers de soleil teintent le ciel de nuances chaudes et fra\u00eeches.<\/p>\n<p>La mosa\u00efque, une technique repr\u00e9sentative de l&rsquo;artisanat local, souligne l&rsquo;authenticit\u00e9 de ce d\u00e9capsuleur comme souvenir typique de Majorque, le rendant parfait pour ceux qui recherchent un souvenir alliant esth\u00e9tique et utilit\u00e9. En ouvrant une bouteille, ce d\u00e9capsuleur en m\u00e9tal peint \u00e0 la main \u00e9voque des souvenirs des plages et de la culture m\u00e9diterran\u00e9enne, devenant un objet id\u00e9al pour les touristes souhaitant emporter un petit morceau de Majorque. Chez Ol\u00e9 Mosaic, notre sp\u00e9cialit\u00e9 est d&rsquo;offrir des souvenirs de qualit\u00e9 en gros, et ce d\u00e9capsuleur de Majorque est une excellente option pour les magasins de cadeaux touristiques recherchant des produits uniques et repr\u00e9sentatifs de la tradition insulaire.<\/p>\n","protected":false},"excerpt":{"rendered":"<p>D\u00e9capsuleur en m\u00e9tal au design artisanal, peint \u00e0 la main, d\u00e9cor\u00e9 d&rsquo;une mosa\u00efque vibrante aux couleurs joyeuses formant le mot \u00ab MAJORQUE \u00bb. Ce d\u00e9capsuleur attrayant rend hommage \u00e0 la beaut\u00e9 et \u00e0 la culture de Majorque, avec un design moderne et color\u00e9 qui se distingue par ses tonalit\u00e9s orange, rouge, bleu et vert. Parfait pour ceux qui souhaitent un souvenir fonctionnel et color\u00e9 des \u00eeles Bal\u00e9ares, il allie esth\u00e9tique et utilit\u00e9 en un seul article.<\/p>\n","protected":false},"featured_media":12043,"template":"","meta":{"_acf_changed":false},"product_brand":[],"product_cat":[779],"product_tag":[],"class_list":{"0":"post-27602","1":"product","2":"type-product","3":"status-publish","4":"has-post-thumbnail","6":"product_cat-decapsuleurs","7":"pa_ciudad-mallorca","8":"pa_pais-espana","10":"first","11":"instock","12":"shipping-taxable","13":"product-type-simple"},"acf":[],"_links":{"self":[{"href":"https:\/\/olemosaic.com\/fr\/wp-json\/wp\/v2\/product\/27602","targetHints":{"allow":["GET"]}}],"collection":[{"href":"https:\/\/olemosaic.com\/fr\/wp-json\/wp\/v2\/product"}],"about":[{"href":"https:\/\/olemosaic.com\/fr\/wp-json\/wp\/v2\/types\/product"}],"wp:featuredmedia":[{"embeddable":true,"href":"https:\/\/olemosaic.com\/fr\/wp-json\/wp\/v2\/media\/12043"}],"wp:attachment":[{"href":"https:\/\/olemosaic.com\/fr\/wp-json\/wp\/v2\/media?parent=27602"}],"wp:term":[{"taxonomy":"product_brand","embeddable":true,"href":"https:\/\/olemosaic.com\/fr\/wp-json\/wp\/v2\/product_brand?post=27602"},{"taxonomy":"product_cat","embeddable":true,"href":"https:\/\/olemosaic.com\/fr\/wp-json\/wp\/v2\/product_cat?post=27602"},{"taxonomy":"product_tag","embeddable":true,"href":"https:\/\/olemosaic.com\/fr\/wp-json\/wp\/v2\/product_tag?post=27602"}],"curies":[{"name":"wp","href":"https:\/\/api.w.org\/{rel}","templated":true}]}}