{"id":27584,"date":"2025-02-20T23:29:23","date_gmt":"2025-02-20T22:29:23","guid":{"rendered":"http:\/\/olemosaic.com\/producto\/abridor-de-metal-punt-de-trobada-barcelona-epoxy-2\/"},"modified":"2025-07-25T20:18:50","modified_gmt":"2025-07-25T18:18:50","slug":"decapsuleur-en-metal-punt-de-trobada-barcelone-epoxy-2","status":"publish","type":"product","link":"https:\/\/olemosaic.com\/fr\/produit\/decapsuleur-en-metal-punt-de-trobada-barcelone-epoxy-2\/","title":{"rendered":"D\u00e9capsuleur en m\u00e9tal. Punt de trobada. Style m\u00e9diterran\u00e9en. Barcelone. \u00c9poxy."},"content":{"rendered":"<p>Ce d\u00e9capsuleur m\u00e9tallique, inspir\u00e9 de l&rsquo;iconique \u00ab\u00a0Punt de Trobada\u00a0\u00bb de Barcelone, est un souvenir fonctionnel et artistique qui incarne l&rsquo;essence de la ville. D\u00e9cor\u00e9 d&rsquo;un design de mosa\u00efque vibrant en rouge, bleu, jaune et noir, il se distingue par ses formes fluides, qui \u00e9voquent l&rsquo;\u0153uvre incomparable de l&rsquo;architecte Antoni Gaud\u00ed, c\u00e9l\u00e8bre pour avoir fusionn\u00e9 la nature et l&rsquo;architecture dans ses cr\u00e9ations. Le mot \u00ab\u00a0Barcelona\u00a0\u00bb est \u00e9l\u00e9gamment inscrit sur la partie sup\u00e9rieure, rendant hommage au riche h\u00e9ritage culturel de la ville, connue pour son architecture moderniste et son ambiance vibrante.<\/p>\n<p>Chaque d\u00e9tail de ce d\u00e9capsuleur a \u00e9t\u00e9 soigneusement \u00e9labor\u00e9, avec une finition de peinture \u00e9poxy qui non seulement le rend visuellement attrayant, mais lui conf\u00e8re \u00e9galement durabilit\u00e9 et r\u00e9sistance, en faisant un produit pratique pour un usage quotidien. Son design innovant est parfait pour ceux qui souhaitent ramener un morceau de Barcelone chez eux, et constitue une excellente option pour les boutiques de cadeaux touristiques d\u00e9sirant proposer des souvenirs authentiques et repr\u00e9sentatifs de la culture catalane.<\/p>\n<p>Chez Ol\u00e9 Mosaic, les d\u00e9capsuleurs en gros sont une option id\u00e9ale pour les commer\u00e7ants cherchant \u00e0 se d\u00e9marquer dans leur offre de souvenirs. Ce d\u00e9capsuleur m\u00e9tallique n&rsquo;est pas seulement fonctionnel, il poss\u00e8de \u00e9galement une forte valeur culturelle qui r\u00e9sonnera aupr\u00e8s des amoureux de la ville et de ses traditions.<\/p>\n","protected":false},"excerpt":{"rendered":"<p>D\u00e9capsuleur m\u00e9tallique inspir\u00e9 de l&rsquo;iconique \u00ab\u00a0Punt de Trobada\u00a0\u00bb de Barcelone, d\u00e9cor\u00e9 d&rsquo;un motif de mosa\u00efque frappant en rouge, bleu, jaune et noir. Ce d\u00e9capsuleur, peint avec de la r\u00e9sine \u00e9poxy, pr\u00e9sente des formes fluides \u00e9voquant l&rsquo;\u0153uvre de Gaud\u00ed, ce qui en fait un souvenir fonctionnel et artistique. Parfait pour les amoureux de la ville, ce d\u00e9capsuleur inclut \u00e9galement le mot \u00ab\u00a0Barcelona\u00a0\u00bb sur la partie sup\u00e9rieure, rendant hommage \u00e0 son riche h\u00e9ritage culturel.<\/p>\n","protected":false},"featured_media":7130,"template":"","meta":{"_acf_changed":false},"product_brand":[],"product_cat":[779],"product_tag":[],"class_list":{"0":"post-27584","1":"product","2":"type-product","3":"status-publish","4":"has-post-thumbnail","6":"product_cat-decapsuleurs","7":"pa_ciudad-barcelona","8":"pa_motivo-punt-de-trobada","9":"pa_pais-espana","11":"first","12":"instock","13":"shipping-taxable","14":"product-type-simple"},"acf":[],"_links":{"self":[{"href":"https:\/\/olemosaic.com\/fr\/wp-json\/wp\/v2\/product\/27584","targetHints":{"allow":["GET"]}}],"collection":[{"href":"https:\/\/olemosaic.com\/fr\/wp-json\/wp\/v2\/product"}],"about":[{"href":"https:\/\/olemosaic.com\/fr\/wp-json\/wp\/v2\/types\/product"}],"wp:featuredmedia":[{"embeddable":true,"href":"https:\/\/olemosaic.com\/fr\/wp-json\/wp\/v2\/media\/7130"}],"wp:attachment":[{"href":"https:\/\/olemosaic.com\/fr\/wp-json\/wp\/v2\/media?parent=27584"}],"wp:term":[{"taxonomy":"product_brand","embeddable":true,"href":"https:\/\/olemosaic.com\/fr\/wp-json\/wp\/v2\/product_brand?post=27584"},{"taxonomy":"product_cat","embeddable":true,"href":"https:\/\/olemosaic.com\/fr\/wp-json\/wp\/v2\/product_cat?post=27584"},{"taxonomy":"product_tag","embeddable":true,"href":"https:\/\/olemosaic.com\/fr\/wp-json\/wp\/v2\/product_tag?post=27584"}],"curies":[{"name":"wp","href":"https:\/\/api.w.org\/{rel}","templated":true}]}}