{"id":27582,"date":"2025-02-20T22:29:23","date_gmt":"2025-02-20T22:29:23","guid":{"rendered":"http:\/\/olemosaic.com\/producto\/abridor-de-metal-salamandra-mallorca-epoxy\/"},"modified":"2025-07-25T18:46:31","modified_gmt":"2025-07-25T16:46:31","slug":"decapsuleur-en-metal-salamandre-majorque-epoxy","status":"publish","type":"product","link":"https:\/\/olemosaic.com\/fr\/produit\/decapsuleur-en-metal-salamandre-majorque-epoxy\/","title":{"rendered":"D\u00e9capsuleur en m\u00e9tal. Salamandre. Majorque. \u00c9poxy."},"content":{"rendered":"<p>Ce d\u00e9capsuleur m\u00e9tallique en forme de salamandre est un souvenir vibrant qui capture l&rsquo;essence de la riche faune de Majorque. \u00c9labor\u00e9 avec un design artistique, le d\u00e9capsuleur est recouvert d&rsquo;une couche d&rsquo;\u00e9poxy qui rehausse ses couleurs vives : bleus, verts, jaunes et rouges, \u00e9voquant la beaut\u00e9 naturelle de l&rsquo;\u00eele. La salamandre, symbole de la biodiversit\u00e9 bal\u00e9are, pr\u00e9sente un charmant design de mosa\u00efques qui non seulement ajoute une touche distinctive, mais refl\u00e8te \u00e9galement la tradition artistique de la r\u00e9gion. Le texte \u00ab\u00a0MALLORCA\u00a0\u00bb orne son corps, soulignant son origine et son authenticit\u00e9 en tant que souvenir repr\u00e9sentatif. C&rsquo;est une excellente id\u00e9e pour les touristes qui cherchent \u00e0 ramener un morceau de la culture majorquine chez eux, alliant fonctionnalit\u00e9 et attrait visuel, ce qui le rend parfait pour \u00eatre expos\u00e9 dans n&rsquo;importe quel foyer.<\/p>\n<p>Les souvenirs de Majorque sont reconnus pour leur qualit\u00e9 et leur lien avec la nature, et ce d\u00e9capsuleur ne fait pas exception. Chez Ol\u00e9 Mosaic, nous nous sp\u00e9cialisons dans la distribution de souvenirs en gros qui mettent en valeur le meilleur de chaque r\u00e9gion. Ce d\u00e9capsuleur salamandre est un produit id\u00e9al pour les boutiques de cadeaux touristiques souhaitant proposer des articles authentiques avec une forte valeur culturelle, ce qui en fait un excellent exemple des souvenirs de l&rsquo;\u00eele. En tant que grossistes de souvenirs, nous garantissons l&rsquo;authenticit\u00e9 et le design artisanal de chaque pi\u00e8ce, assurant que vos clients soient satisfaits et attir\u00e9s par la culture bal\u00e9are.<\/p>\n","protected":false},"excerpt":{"rendered":"<p>D\u00e9capsuleur en m\u00e9tal en forme de salamandre, inspir\u00e9 par la riche faune de Majorque. Ce d\u00e9capsuleur color\u00e9 est recouvert d&rsquo;une couche d&rsquo;\u00e9poxy qui fait ressortir ses tons vifs de bleu, vert, jaune et rouge, \u00e9voquant la beaut\u00e9 naturelle de l&rsquo;\u00eele. La salamandre pr\u00e9sente un design artistique avec des mosa\u00efques qui lui donnent une touche distinctive, tandis que le texte \u00ab\u00a0MALLORCA\u00a0\u00bb souligne son origine. Id\u00e9al pour ajouter une touche de culture bal\u00e9are \u00e0 votre foyer.<\/p>\n","protected":false},"featured_media":6473,"template":"","meta":{"_acf_changed":false},"product_brand":[],"product_cat":[779],"product_tag":[530],"class_list":{"0":"post-27582","1":"product","2":"type-product","3":"status-publish","4":"has-post-thumbnail","6":"product_cat-decapsuleurs","7":"product_tag-animaux","8":"pa_ciudad-mallorca","9":"pa_motivo-salamandres","10":"pa_pais-espana","12":"first","13":"instock","14":"shipping-taxable","15":"product-type-simple"},"acf":[],"_links":{"self":[{"href":"https:\/\/olemosaic.com\/fr\/wp-json\/wp\/v2\/product\/27582","targetHints":{"allow":["GET"]}}],"collection":[{"href":"https:\/\/olemosaic.com\/fr\/wp-json\/wp\/v2\/product"}],"about":[{"href":"https:\/\/olemosaic.com\/fr\/wp-json\/wp\/v2\/types\/product"}],"wp:featuredmedia":[{"embeddable":true,"href":"https:\/\/olemosaic.com\/fr\/wp-json\/wp\/v2\/media\/6473"}],"wp:attachment":[{"href":"https:\/\/olemosaic.com\/fr\/wp-json\/wp\/v2\/media?parent=27582"}],"wp:term":[{"taxonomy":"product_brand","embeddable":true,"href":"https:\/\/olemosaic.com\/fr\/wp-json\/wp\/v2\/product_brand?post=27582"},{"taxonomy":"product_cat","embeddable":true,"href":"https:\/\/olemosaic.com\/fr\/wp-json\/wp\/v2\/product_cat?post=27582"},{"taxonomy":"product_tag","embeddable":true,"href":"https:\/\/olemosaic.com\/fr\/wp-json\/wp\/v2\/product_tag?post=27582"}],"curies":[{"name":"wp","href":"https:\/\/api.w.org\/{rel}","templated":true}]}}