{"id":27555,"date":"2025-02-20T22:29:22","date_gmt":"2025-02-20T22:29:22","guid":{"rendered":"http:\/\/olemosaic.com\/producto\/abridor-de-metal-caballito-de-mar-epoxy\/"},"modified":"2025-07-25T18:55:09","modified_gmt":"2025-07-25T16:55:09","slug":"decapsuleur-en-metal-hippocampe-epoxy","status":"publish","type":"product","link":"https:\/\/olemosaic.com\/fr\/produit\/decapsuleur-en-metal-hippocampe-epoxy\/","title":{"rendered":"D\u00e9capsuleur en m\u00e9tal. Hippocampe. \u00c9poxy."},"content":{"rendered":"<p>Ce d\u00e9capsuleur m\u00e9tallique d\u00e9cor\u00e9 est la combinaison parfaite de fonctionnalit\u00e9 et d&rsquo;art, id\u00e9al pour attirer l&rsquo;attention de ceux qui recherchent un souvenir repr\u00e9sentatif des c\u00f4tes m\u00e9diterran\u00e9ennes. Son design vibrant pr\u00e9sente deux charmants hippocampes : l&rsquo;un dans des tons bleus et verts, et l&rsquo;autre dans un ton rouge attrayant, dansant sur un fond simulant des coraux color\u00e9s, \u00e9voquant la beaut\u00e9 et la richesse du monde marin. La technique de l&rsquo;\u00e9poxy utilis\u00e9e pour sa cr\u00e9ation apporte une finition brillante et durable, rehaussant les d\u00e9tails en mosa\u00efque multicolore qui ornent la surface du d\u00e9capsuleur.<\/p>\n<p>Ce souvenir n&rsquo;est pas seulement pratique pour ouvrir des bouteilles lors de n&rsquo;importe quelle c\u00e9l\u00e9bration, mais il agit \u00e9galement comme une pi\u00e8ce d\u00e9corative rappelant les vues fascinantes de la M\u00e9diterran\u00e9e. L&rsquo;image de l&rsquo;hippocampe, symbole de chance et d&rsquo;amour dans de nombreuses cultures, ajoute une valeur sentimentale \u00e0 ce produit, en faisant un cadeau parfait pour la famille et les amis.<\/p>\n<p>Chez Ol\u00e9 Mosaic, nous sommes fiers de proposer des souvenirs authentiques qui refl\u00e8tent l&rsquo;essence culturelle du lieu. Ce d\u00e9capsuleur d&rsquo;hippocampes est un choix de premier ordre pour les boutiques de cadeaux touristiques souhaitant pr\u00e9senter des produits uniques et significatifs. En tant que distributeurs de souvenirs de haute qualit\u00e9, nous garantissons que chaque pi\u00e8ce apportera une touche sp\u00e9ciale et artistique au foyer de ceux qui l&rsquo;acqui\u00e8rent.<\/p>\n","protected":false},"excerpt":{"rendered":"<p>D\u00e9capsuleur en m\u00e9tal d\u00e9cor\u00e9 d&rsquo;un design color\u00e9 d&rsquo;hippocampes, r\u00e9alis\u00e9 selon la technique de l&rsquo;\u00e9poxy. Ce d\u00e9capsuleur pratique pr\u00e9sente un motif marin vibrant, avec un hippocampe bleu et vert aux c\u00f4t\u00e9s d&rsquo;un autre rouge\u00e2tre, sur un fond simulant des coraux. Les d\u00e9tails en mosa\u00efque multicolore apportent une touche artistique \u00e9voquant la beaut\u00e9 des fonds marins, ce qui en fait un souvenir id\u00e9al des c\u00f4tes m\u00e9diterran\u00e9ennes. Parfait pour offrir ou pour un usage personnel lors de toute c\u00e9l\u00e9bration.<\/p>\n","protected":false},"featured_media":7123,"template":"","meta":{"_acf_changed":false},"product_brand":[],"product_cat":[779],"product_tag":[530],"class_list":{"0":"post-27555","1":"product","2":"type-product","3":"status-publish","4":"has-post-thumbnail","6":"product_cat-decapsuleurs","7":"product_tag-animaux","8":"pa_motivo-hippocampes","10":"first","11":"instock","12":"shipping-taxable","13":"product-type-simple"},"acf":[],"_links":{"self":[{"href":"https:\/\/olemosaic.com\/fr\/wp-json\/wp\/v2\/product\/27555","targetHints":{"allow":["GET"]}}],"collection":[{"href":"https:\/\/olemosaic.com\/fr\/wp-json\/wp\/v2\/product"}],"about":[{"href":"https:\/\/olemosaic.com\/fr\/wp-json\/wp\/v2\/types\/product"}],"wp:featuredmedia":[{"embeddable":true,"href":"https:\/\/olemosaic.com\/fr\/wp-json\/wp\/v2\/media\/7123"}],"wp:attachment":[{"href":"https:\/\/olemosaic.com\/fr\/wp-json\/wp\/v2\/media?parent=27555"}],"wp:term":[{"taxonomy":"product_brand","embeddable":true,"href":"https:\/\/olemosaic.com\/fr\/wp-json\/wp\/v2\/product_brand?post=27555"},{"taxonomy":"product_cat","embeddable":true,"href":"https:\/\/olemosaic.com\/fr\/wp-json\/wp\/v2\/product_cat?post=27555"},{"taxonomy":"product_tag","embeddable":true,"href":"https:\/\/olemosaic.com\/fr\/wp-json\/wp\/v2\/product_tag?post=27555"}],"curies":[{"name":"wp","href":"https:\/\/api.w.org\/{rel}","templated":true}]}}