{"id":27553,"date":"2025-02-20T22:29:22","date_gmt":"2025-02-20T22:29:22","guid":{"rendered":"http:\/\/olemosaic.com\/producto\/abridor-de-metal-bailaores-sevilla-epoxy\/"},"modified":"2025-07-25T18:40:40","modified_gmt":"2025-07-25T16:40:40","slug":"decapsuleur-metallique-danseurs-seville-epoxy","status":"publish","type":"product","link":"https:\/\/olemosaic.com\/fr\/produit\/decapsuleur-metallique-danseurs-seville-epoxy\/","title":{"rendered":"D\u00e9capsuleur en m\u00e9tal. Danseurs. S\u00e9ville. \u00c9poxy."},"content":{"rendered":"<p>Ce d\u00e9capsuleur m\u00e9tallique d\u00e9cor\u00e9 est un souvenir vibrant qui capture l&rsquo;essence du flamenco s\u00e9villan. Avec une sc\u00e8ne joyeuse de danseurs \u00e9voluant dans un environnement color\u00e9 et entour\u00e9 de fleurs, ce d\u00e9capsuleur pratique fusionne fonctionnalit\u00e9 et art, devenant un souvenir charmant de la culture andalouse. L&rsquo;illustration, m\u00e9ticuleusement \u00e9labor\u00e9e avec une finition en r\u00e9sine \u00e9poxy, met en avant un couple de danseurs : l&rsquo;homme, \u00e9l\u00e9gant dans son costume noir, tient son chapeau tandis que la femme, \u00e9blouissante dans une robe rouge \u00e0 volants, adopte une pose captivante. Le fond \u00e9voque les patios typiques de S\u00e9ville, enrichis de fleurs exub\u00e9rantes qui apportent une touche vibrante et festive. Ce d\u00e9capsuleur n&rsquo;est pas seulement un outil utile pour ouvrir des bouteilles, mais aussi un objet d\u00e9coratif qui c\u00e9l\u00e8bre la riche tradition du flamenco, une manifestation culturelle embl\u00e9matique de S\u00e9ville.<\/p>\n<p>Chez Ol\u00e9 Mosaic, nous sommes distributeurs de souvenirs authentiques et repr\u00e9sentatifs, id\u00e9aux pour les boutiques de cadeaux touristiques qui cherchent \u00e0 offrir des produits connectant les visiteurs \u00e0 la culture locale. Ce d\u00e9capsuleur de danseurs est une excellente option pour ceux qui souhaitent emporter un morceau de S\u00e9ville, faisant de ce souvenir flamenco un cadeau unique et significatif.<\/p>\n","protected":false},"excerpt":{"rendered":"<p>D\u00e9capsuleur m\u00e9tallique d\u00e9cor\u00e9 d&rsquo;une sc\u00e8ne joyeuse de danseurs capturant l&rsquo;essence du flamenco s\u00e9villan. Ce d\u00e9capsuleur pratique poss\u00e8de une finition en r\u00e9sine \u00e9poxy qui rehausse l&rsquo;illustration vibrante d&rsquo;un couple de danseurs dans un environnement color\u00e9 et fleuri, repr\u00e9sentant la tradition et le folklore andalou. Id\u00e9al comme souvenir, il combine la fonctionnalit\u00e9 avec une touche artistique c\u00e9l\u00e9brant la culture s\u00e9villane.<\/p>\n","protected":false},"featured_media":7133,"template":"","meta":{"_acf_changed":false},"product_brand":[],"product_cat":[779],"product_tag":[],"class_list":{"0":"post-27553","1":"product","2":"type-product","3":"status-publish","4":"has-post-thumbnail","6":"product_cat-decapsuleurs","7":"pa_ciudad-sevilla","8":"pa_motivo-danseurs","9":"pa_pais-espana","11":"first","12":"instock","13":"shipping-taxable","14":"product-type-simple"},"acf":[],"_links":{"self":[{"href":"https:\/\/olemosaic.com\/fr\/wp-json\/wp\/v2\/product\/27553","targetHints":{"allow":["GET"]}}],"collection":[{"href":"https:\/\/olemosaic.com\/fr\/wp-json\/wp\/v2\/product"}],"about":[{"href":"https:\/\/olemosaic.com\/fr\/wp-json\/wp\/v2\/types\/product"}],"wp:featuredmedia":[{"embeddable":true,"href":"https:\/\/olemosaic.com\/fr\/wp-json\/wp\/v2\/media\/7133"}],"wp:attachment":[{"href":"https:\/\/olemosaic.com\/fr\/wp-json\/wp\/v2\/media?parent=27553"}],"wp:term":[{"taxonomy":"product_brand","embeddable":true,"href":"https:\/\/olemosaic.com\/fr\/wp-json\/wp\/v2\/product_brand?post=27553"},{"taxonomy":"product_cat","embeddable":true,"href":"https:\/\/olemosaic.com\/fr\/wp-json\/wp\/v2\/product_cat?post=27553"},{"taxonomy":"product_tag","embeddable":true,"href":"https:\/\/olemosaic.com\/fr\/wp-json\/wp\/v2\/product_tag?post=27553"}],"curies":[{"name":"wp","href":"https:\/\/api.w.org\/{rel}","templated":true}]}}