{"id":27550,"date":"2025-02-20T22:29:22","date_gmt":"2025-02-20T22:29:22","guid":{"rendered":"http:\/\/olemosaic.com\/producto\/abridor-de-metal-sagrada-familia-barcelona-epoxy\/"},"modified":"2025-07-25T20:09:09","modified_gmt":"2025-07-25T18:09:09","slug":"decapsuleur-metal-sagrada-familia-barcelone-epoxy","status":"publish","type":"product","link":"https:\/\/olemosaic.com\/fr\/produit\/decapsuleur-metal-sagrada-familia-barcelone-epoxy\/","title":{"rendered":"D\u00e9capsuleur en m\u00e9tal. Sagrada Familia. Barcelone. Epoxy."},"content":{"rendered":"<p>Ce d\u00e9capsuleur m\u00e9tallique, d\u00e9cor\u00e9 d&rsquo;une repr\u00e9sentation vibrante de la Sagrada Familia de Barcelone, est un accessoire qui combine fonctionnalit\u00e9 et beaut\u00e9 artistique. Avec une finition en \u00e9poxy, le d\u00e9capsuleur pr\u00e9sente un design color\u00e9 qui met en valeur les tours embl\u00e9matiques de cette majestueuse basilique dans des tons chauds d&rsquo;orange et de bleu, \u00e9voquant le g\u00e9nie de la c\u00e9l\u00e8bre mosa\u00efque de Gaud\u00ed. Chaque d\u00e9tail est soigneusement \u00e9labor\u00e9, permettant d&rsquo;appr\u00e9cier les formes stylis\u00e9es et la complexit\u00e9 architecturale du monument, ce qui en fait un v\u00e9ritable hommage \u00e0 l&rsquo;un des symboles les plus embl\u00e9matiques de la cit\u00e9 comtale.<\/p>\n<p>Ce souvenir n&rsquo;est pas seulement un d\u00e9capsuleur pratique pour les bouteilles, mais aussi un rappel tangible du riche h\u00e9ritage culturel de Barcelone. La Sagrada Familia, en construction constante depuis 1882, est un embl\u00e8me du modernisme catalan et un chef-d&rsquo;\u0153uvre qui attire des millions de touristes chaque ann\u00e9e. Ce d\u00e9capsuleur, en tant que souvenir authentique, immortalise l&rsquo;essence de Barcelone, constituant un choix id\u00e9al pour ceux qui recherchent des souvenirs m\u00e9morables et significatifs.<\/p>\n<p>Chez Ol\u00e9 Mosaic, nous nous sp\u00e9cialisons dans la distribution de souvenirs en gros, et ce d\u00e9capsuleur de la Sagrada Familia est une excellente option pour les boutiques de souvenirs touristiques souhaitant proposer des produits authentiques et de qualit\u00e9. Parfait comme cadeau ou souvenir d&rsquo;une visite inoubliable, ce d\u00e9capsuleur c\u00e9l\u00e8bre la cr\u00e9ativit\u00e9 et l&rsquo;art qui caract\u00e9risent la culture espagnole.<\/p>\n","protected":false},"excerpt":{"rendered":"<p>D\u00e9capsuleur m\u00e9tallique d\u00e9cor\u00e9 d&rsquo;une repr\u00e9sentation vibrante de la Sagrada Familia de Barcelone, embelli par une finition en \u00e9poxy. Ce d\u00e9capsuleur pratique pr\u00e9sente un design color\u00e9 avec les tours embl\u00e9matiques de la basilique dans des tons chauds et bleus. La sc\u00e8ne capture la majest\u00e9 du monument, avec des d\u00e9tails stylis\u00e9s \u00e9voquant la c\u00e9l\u00e8bre mosa\u00efque de Gaud\u00ed. Un souvenir fonctionnel qui rend hommage \u00e0 l&rsquo;un des symboles les plus embl\u00e9matiques de la ville.<\/p>\n","protected":false},"featured_media":7127,"template":"","meta":{"_acf_changed":false},"product_brand":[],"product_cat":[779],"product_tag":[],"class_list":{"0":"post-27550","1":"product","2":"type-product","3":"status-publish","4":"has-post-thumbnail","6":"product_cat-decapsuleurs","7":"pa_ciudad-barcelona","8":"pa_motivo-sagrada-familia","9":"pa_pais-espana","11":"first","12":"instock","13":"shipping-taxable","14":"product-type-simple"},"acf":[],"_links":{"self":[{"href":"https:\/\/olemosaic.com\/fr\/wp-json\/wp\/v2\/product\/27550","targetHints":{"allow":["GET"]}}],"collection":[{"href":"https:\/\/olemosaic.com\/fr\/wp-json\/wp\/v2\/product"}],"about":[{"href":"https:\/\/olemosaic.com\/fr\/wp-json\/wp\/v2\/types\/product"}],"wp:featuredmedia":[{"embeddable":true,"href":"https:\/\/olemosaic.com\/fr\/wp-json\/wp\/v2\/media\/7127"}],"wp:attachment":[{"href":"https:\/\/olemosaic.com\/fr\/wp-json\/wp\/v2\/media?parent=27550"}],"wp:term":[{"taxonomy":"product_brand","embeddable":true,"href":"https:\/\/olemosaic.com\/fr\/wp-json\/wp\/v2\/product_brand?post=27550"},{"taxonomy":"product_cat","embeddable":true,"href":"https:\/\/olemosaic.com\/fr\/wp-json\/wp\/v2\/product_cat?post=27550"},{"taxonomy":"product_tag","embeddable":true,"href":"https:\/\/olemosaic.com\/fr\/wp-json\/wp\/v2\/product_tag?post=27550"}],"curies":[{"name":"wp","href":"https:\/\/api.w.org\/{rel}","templated":true}]}}