{"id":27549,"date":"2025-02-20T23:29:21","date_gmt":"2025-02-20T22:29:21","guid":{"rendered":"http:\/\/olemosaic.com\/producto\/abridor-de-metal-toro-sevilla-epoxy-3\/"},"modified":"2025-07-25T19:27:02","modified_gmt":"2025-07-25T17:27:02","slug":"decapsuleur-metal-taureau-seville-epoxy-3","status":"publish","type":"product","link":"https:\/\/olemosaic.com\/fr\/produit\/decapsuleur-metal-taureau-seville-epoxy-3\/","title":{"rendered":"D\u00e9capsuleur en m\u00e9tal. Taureau. S\u00e9ville. Espagne. Epoxy."},"content":{"rendered":"<p>Ce d\u00e9capsuleur m\u00e9tallique, d\u00e9cor\u00e9 d&rsquo;une image vibrante d&rsquo;un taureau, est un souvenir embl\u00e9matique de S\u00e9ville. Il capture l&rsquo;essence de la culture andalouse dans un design fonctionnel et attrayant. Fabriqu\u00e9 en m\u00e9tal r\u00e9sistant, ce d\u00e9capsuleur n&rsquo;est pas seulement pratique pour ouvrir des bouteilles, mais il devient \u00e9galement une pi\u00e8ce d\u00e9corative digne d&rsquo;\u00eatre expos\u00e9e. La partie frontale pr\u00e9sente une impressionnante mosa\u00efque multicolore r\u00e9alis\u00e9e en r\u00e9sine \u00e9poxy, o\u00f9 pr\u00e9dominent les tons bleus, oranges et verts, donnant vie \u00e0 la figure du taureau, symbole de force et de tradition dans cette r\u00e9gion. Les d\u00e9tails du visage du taureau sont m\u00e9ticuleusement con\u00e7us, avec des yeux expressifs qui transmettent le caract\u00e8re vibrant de l&rsquo;art andalou.<\/p>\n<p>Le message \u00ab\u00a0S\u00c9VILLE\u00a0\u00bb sur la partie sup\u00e9rieure du design ajoute une touche culturelle significative, faisant de ce d\u00e9capsuleur un souvenir repr\u00e9sentatif de la ville. En l&rsquo;utilisant, les touristes pourront se souvenir de leur exp\u00e9rience \u00e0 S\u00e9ville et la partager avec leurs amis et leur famille. Ce d\u00e9capsuleur taureau est une excellente option pour ceux qui recherchent un souvenir authentique et fonctionnel alliant folklore et design. Chez Ol\u00e9 Mosaic, nous nous sp\u00e9cialisons dans la distribution de souvenirs en gros, et ce d\u00e9capsuleur se distingue par sa qualit\u00e9 et sa pertinence culturelle, ce qui en fait un produit id\u00e9al pour les boutiques de souvenirs touristiques souhaitant proposer des articles distinctifs de S\u00e9ville.<\/p>\n","protected":false},"excerpt":{"rendered":"<p>D\u00e9capsuleur en m\u00e9tal d\u00e9cor\u00e9 d&rsquo;une image vibrante d&rsquo;un taureau, symbole embl\u00e9matique de S\u00e9ville. Ce design en \u00e9poxy pr\u00e9sente une mosa\u00efque multicolore combinant des tons bleus, oranges et verts, capturant l&rsquo;essence de l&rsquo;art andalou. Sur la partie sup\u00e9rieure, le texte \u00ab\u00a0S\u00c9VILLE\u00a0\u00bb ajoute une touche culturelle \u00e0 cet accessoire pratique. Id\u00e9al pour ceux qui recherchent un souvenir alliant fonctionnalit\u00e9 et folklore s\u00e9villan.<\/p>\n","protected":false},"featured_media":6538,"template":"","meta":{"_acf_changed":false},"product_brand":[],"product_cat":[779],"product_tag":[530],"class_list":{"0":"post-27549","1":"product","2":"type-product","3":"status-publish","4":"has-post-thumbnail","6":"product_cat-decapsuleurs","7":"product_tag-animaux","8":"pa_ciudad-sevilla","9":"pa_motivo-taureaux","10":"pa_pais-espana","12":"first","13":"instock","14":"shipping-taxable","15":"product-type-simple"},"acf":[],"_links":{"self":[{"href":"https:\/\/olemosaic.com\/fr\/wp-json\/wp\/v2\/product\/27549","targetHints":{"allow":["GET"]}}],"collection":[{"href":"https:\/\/olemosaic.com\/fr\/wp-json\/wp\/v2\/product"}],"about":[{"href":"https:\/\/olemosaic.com\/fr\/wp-json\/wp\/v2\/types\/product"}],"wp:featuredmedia":[{"embeddable":true,"href":"https:\/\/olemosaic.com\/fr\/wp-json\/wp\/v2\/media\/6538"}],"wp:attachment":[{"href":"https:\/\/olemosaic.com\/fr\/wp-json\/wp\/v2\/media?parent=27549"}],"wp:term":[{"taxonomy":"product_brand","embeddable":true,"href":"https:\/\/olemosaic.com\/fr\/wp-json\/wp\/v2\/product_brand?post=27549"},{"taxonomy":"product_cat","embeddable":true,"href":"https:\/\/olemosaic.com\/fr\/wp-json\/wp\/v2\/product_cat?post=27549"},{"taxonomy":"product_tag","embeddable":true,"href":"https:\/\/olemosaic.com\/fr\/wp-json\/wp\/v2\/product_tag?post=27549"}],"curies":[{"name":"wp","href":"https:\/\/api.w.org\/{rel}","templated":true}]}}