{"id":27548,"date":"2025-02-20T23:29:21","date_gmt":"2025-02-20T22:29:21","guid":{"rendered":"http:\/\/olemosaic.com\/producto\/abridor-de-metal-bailaora-epoxy-3\/"},"modified":"2025-07-25T18:37:57","modified_gmt":"2025-07-25T16:37:57","slug":"decapsuleur-metal-danseuse-flamenco-epoxy-3","status":"publish","type":"product","link":"https:\/\/olemosaic.com\/fr\/produit\/decapsuleur-metal-danseuse-flamenco-epoxy-3\/","title":{"rendered":"D\u00e9capsuleur en m\u00e9tal. Danseuse de Flamenco. Art Flamenco. Epoxy."},"content":{"rendered":"<p>Ce d\u00e9capsuleur m\u00e9tallique, d\u00e9cor\u00e9 d&rsquo;une image vibrante d&rsquo;une danseuse de flamenco, est un souvenir id\u00e9al qui capture l&rsquo;essence de l&rsquo;art espagnol. Fabriqu\u00e9 avec un m\u00e9tal robuste et recouvert d&rsquo;\u00e9poxy, ce d\u00e9capsuleur combine fonctionnalit\u00e9 et attrait visuel, devenant une pi\u00e8ce unique pour tout amateur de la culture espagnole. L&rsquo;illustration montre une danseuse, v\u00eatue d&rsquo;un costume \u00e9blouissant \u00e0 volants dans des tons rouges, verts et bleus, refl\u00e9tant l&rsquo;\u00e9nergie et le mouvement du flamenco. La danseuse, avec une expression de joie et de gr\u00e2ce, l\u00e8ve la main, \u00e9voquant la joie et la passion de la danse flamenco.<\/p>\n<p>Le mot \u00ab\u00a0Espagne\u00a0\u00bb sur la partie sup\u00e9rieure ajoute une touche distinctive, en faisant un souvenir qui souligne l&rsquo;identit\u00e9 culturelle du pays. Ce d\u00e9capsuleur n&rsquo;est pas seulement fonctionnel pour ouvrir des bouteilles, mais il sert \u00e9galement d&rsquo;article d\u00e9coratif et de rappel visuel de la riche tradition du flamenco, patrimoine culturel immat\u00e9riel de l&rsquo;humanit\u00e9 selon l&rsquo;UNESCO.<\/p>\n<p>Chez Ol\u00e9 Mosaic, nous nous sp\u00e9cialisons dans la distribution de souvenirs en gros, et ce d\u00e9capsuleur m\u00e9tallique repr\u00e9sente l&rsquo;authenticit\u00e9 et la singularit\u00e9 des souvenirs typiques de l&rsquo;Espagne. C&rsquo;est une excellente option pour les boutiques de souvenirs touristiques \u00e0 la recherche de produits ayant une valeur culturelle et un attrait pour les visiteurs souhaitant emporter un petit morceau d&rsquo;Espagne.<\/p>\n","protected":false},"excerpt":{"rendered":"<p>D\u00e9capsuleur m\u00e9tallique d\u00e9cor\u00e9 d&rsquo;une image vibrante d&rsquo;une danseuse de flamenco, parfait comme souvenir d&rsquo;Espagne. Cet article pr\u00e9sente un design color\u00e9 et all\u00e9gorique qui souligne la richesse culturelle du flamenco, avec une robe \u00e0 volants dans des tons rouges, verts et bleus. Le mot \u00ab\u00a0Espagne\u00a0\u00bb, situ\u00e9 sur la partie sup\u00e9rieure, lui donne une touche distinctive. Fabriqu\u00e9 en m\u00e9tal et avec un rev\u00eatement en \u00e9poxy, ce d\u00e9capsuleur combine fonctionnalit\u00e9 et art dans une pi\u00e8ce unique.<\/p>\n","protected":false},"featured_media":6333,"template":"","meta":{"_acf_changed":false},"product_brand":[],"product_cat":[779],"product_tag":[],"class_list":{"0":"post-27548","1":"product","2":"type-product","3":"status-publish","4":"has-post-thumbnail","6":"product_cat-decapsuleurs","7":"pa_motivo-danseurs","9":"first","10":"instock","11":"shipping-taxable","12":"product-type-simple"},"acf":[],"_links":{"self":[{"href":"https:\/\/olemosaic.com\/fr\/wp-json\/wp\/v2\/product\/27548","targetHints":{"allow":["GET"]}}],"collection":[{"href":"https:\/\/olemosaic.com\/fr\/wp-json\/wp\/v2\/product"}],"about":[{"href":"https:\/\/olemosaic.com\/fr\/wp-json\/wp\/v2\/types\/product"}],"wp:featuredmedia":[{"embeddable":true,"href":"https:\/\/olemosaic.com\/fr\/wp-json\/wp\/v2\/media\/6333"}],"wp:attachment":[{"href":"https:\/\/olemosaic.com\/fr\/wp-json\/wp\/v2\/media?parent=27548"}],"wp:term":[{"taxonomy":"product_brand","embeddable":true,"href":"https:\/\/olemosaic.com\/fr\/wp-json\/wp\/v2\/product_brand?post=27548"},{"taxonomy":"product_cat","embeddable":true,"href":"https:\/\/olemosaic.com\/fr\/wp-json\/wp\/v2\/product_cat?post=27548"},{"taxonomy":"product_tag","embeddable":true,"href":"https:\/\/olemosaic.com\/fr\/wp-json\/wp\/v2\/product_tag?post=27548"}],"curies":[{"name":"wp","href":"https:\/\/api.w.org\/{rel}","templated":true}]}}