{"id":27547,"date":"2025-02-20T23:29:21","date_gmt":"2025-02-20T22:29:21","guid":{"rendered":"http:\/\/olemosaic.com\/producto\/abridor-de-metal-bailaora-epoxy-2\/"},"modified":"2025-07-25T18:40:34","modified_gmt":"2025-07-25T16:40:34","slug":"decapsuleur-metal-danseuse-flamenco-epoxy-2","status":"publish","type":"product","link":"https:\/\/olemosaic.com\/fr\/produit\/decapsuleur-metal-danseuse-flamenco-epoxy-2\/","title":{"rendered":"D\u00e9capsuleur en m\u00e9tal. Danseuse de Flamenco. Espagne. Epoxy."},"content":{"rendered":"<p>Ce d\u00e9capsuleur en m\u00e9tal, d\u00e9cor\u00e9 d&rsquo;une illustration vibrante de deux danseuses de flamenco, encapsule l&rsquo;essence de la culture andalouse, devenant un souvenir parfait pour tout amateur de flamenco. Fabriqu\u00e9 en m\u00e9tal r\u00e9sistant et recouvert d&rsquo;une finition en \u00e9poxy, ce d\u00e9capsuleur se distingue par ses couleurs intenses rouge et vert, qui symbolisent la passion et l&rsquo;art de la danse flamenco. L&rsquo;\u00e9clat des motifs \u00e0 pois et des fleurs des robes rehausse chaque d\u00e9tail, des volants \u00e0 l&rsquo;expression de joie et de mouvement qui \u00e9mane des danseuses.<\/p>\n<p>Le design pr\u00e9sente deux danseuses : l&rsquo;une avec un costume rouge \u00e0 pois, \u00e9voquant la tradition, et l&rsquo;autre avec une robe color\u00e9e et joyeuse, repr\u00e9sentant la modernit\u00e9 du flamenco, symbole du riche h\u00e9ritage culturel de l&rsquo;Andalousie. Cette pi\u00e8ce n&rsquo;est pas seulement un accessoire pratique pour ouvrir des bouteilles, mais aussi un objet artistique qui \u00e9voque l&rsquo;histoire vibrante de la danse espagnole \u00e0 chaque utilisation.<\/p>\n<p>Chez Ol\u00e9 Mosaic, nous nous sp\u00e9cialisons dans la distribution de souvenirs en gros, offrant des produits authentiques qui c\u00e9l\u00e8brent la culture espagnole. Ce d\u00e9capsuleur de flamenco est une excellente option pour les boutiques de souvenirs touristiques \u00e0 la recherche de souvenirs repr\u00e9sentatifs et de haute qualit\u00e9, constituant un cadeau id\u00e9al qui rappelle la passion de l&rsquo;Espagne. Avec son design exclusif, c&rsquo;est un produit attrayant qui captera sans aucun doute l&rsquo;attention des touristes souhaitant emporter un morceau d&rsquo;Andalousie chez eux.<\/p>\n","protected":false},"excerpt":{"rendered":"<p>D\u00e9capsuleur en m\u00e9tal d\u00e9cor\u00e9 d&rsquo;une illustration vibrante de deux danseuses de flamenco, repr\u00e9sentant l&rsquo;essence de la culture andalouse. Ce d\u00e9capsuleur, fabriqu\u00e9 en m\u00e9tal et recouvert d&rsquo;\u00e9poxy, met en valeur les couleurs rouge et vert, ainsi que les motifs \u00e0 pois et de fleurs sur leurs robes. La sc\u00e8ne capture le mouvement et la joie du flamenco, en faisant un accessoire pratique et artistique, id\u00e9al pour \u00e9voquer la passion de l&rsquo;Espagne \u00e0 chaque utilisation.<\/p>\n","protected":false},"featured_media":8691,"template":"","meta":{"_acf_changed":false},"product_brand":[],"product_cat":[779],"product_tag":[],"class_list":{"0":"post-27547","1":"product","2":"type-product","3":"status-publish","4":"has-post-thumbnail","6":"product_cat-decapsuleurs","7":"pa_motivo-danseurs","9":"first","10":"instock","11":"shipping-taxable","12":"product-type-simple"},"acf":[],"_links":{"self":[{"href":"https:\/\/olemosaic.com\/fr\/wp-json\/wp\/v2\/product\/27547","targetHints":{"allow":["GET"]}}],"collection":[{"href":"https:\/\/olemosaic.com\/fr\/wp-json\/wp\/v2\/product"}],"about":[{"href":"https:\/\/olemosaic.com\/fr\/wp-json\/wp\/v2\/types\/product"}],"wp:featuredmedia":[{"embeddable":true,"href":"https:\/\/olemosaic.com\/fr\/wp-json\/wp\/v2\/media\/8691"}],"wp:attachment":[{"href":"https:\/\/olemosaic.com\/fr\/wp-json\/wp\/v2\/media?parent=27547"}],"wp:term":[{"taxonomy":"product_brand","embeddable":true,"href":"https:\/\/olemosaic.com\/fr\/wp-json\/wp\/v2\/product_brand?post=27547"},{"taxonomy":"product_cat","embeddable":true,"href":"https:\/\/olemosaic.com\/fr\/wp-json\/wp\/v2\/product_cat?post=27547"},{"taxonomy":"product_tag","embeddable":true,"href":"https:\/\/olemosaic.com\/fr\/wp-json\/wp\/v2\/product_tag?post=27547"}],"curies":[{"name":"wp","href":"https:\/\/api.w.org\/{rel}","templated":true}]}}