{"id":27540,"date":"2025-02-20T22:29:21","date_gmt":"2025-02-20T22:29:21","guid":{"rendered":"http:\/\/olemosaic.com\/producto\/abridor-de-metal-salamandra-mallorca-epoxy-naranja\/"},"modified":"2025-07-25T18:57:25","modified_gmt":"2025-07-25T16:57:25","slug":"decapsuleur-en-metal-salamandre-majorque-epoxy-orange","status":"publish","type":"product","link":"https:\/\/olemosaic.com\/fr\/produit\/decapsuleur-en-metal-salamandre-majorque-epoxy-orange\/","title":{"rendered":"D\u00e9capsuleur en m\u00e9tal. Salamandre. Majorque. \u00c9poxy. Orange"},"content":{"rendered":"<p>Ce d\u00e9capsuleur m\u00e9tallique, d\u00e9cor\u00e9 d&rsquo;une salamandre color\u00e9e, est un charmant souvenir de Majorque qui capture l&rsquo;essence vibrante de l&rsquo;\u00eele. Con\u00e7u avec un motif stylis\u00e9 attrayant dans des tons orang\u00e9s, ce d\u00e9capsuleur n&rsquo;est pas seulement fonctionnel, mais aussi une pi\u00e8ce d\u00e9corative qui refl\u00e8te le riche h\u00e9ritage culturel majorquin. La salamandre, repr\u00e9sent\u00e9e avec un design de mosa\u00efque, est un symbole du folklore local, \u00e9voquant les traditions et la diversit\u00e9 de la faune bal\u00e9are. La finition \u00e9poxy ajoute un \u00e9clat attrayant qui rehausse les d\u00e9tails color\u00e9s, cr\u00e9ant un objet qui attire l&rsquo;attention dans n&rsquo;importe quel foyer.<\/p>\n<p>Sous la salamandre, le nom \u00ab\u00a0Mallorca\u00a0\u00bb appara\u00eet de mani\u00e8re \u00e9l\u00e9gante, soulignant l&rsquo;authenticit\u00e9 de ce d\u00e9capsuleur et en faisant un cadeau parfait pour ceux qui souhaitent emporter un petit morceau de l&rsquo;\u00eele. Ce d\u00e9capsuleur est un excellent choix pour les boutiques de cadeaux touristiques \u00e0 la recherche de souvenirs refl\u00e9tant le caract\u00e8re distinctif et vibrant de Majorque. Chez Ol\u00e9 Mosaic, nous sommes grossistes de souvenirs de qualit\u00e9, et ce d\u00e9capsuleur salamandre est un exemple exceptionnel de la fa\u00e7on dont la fonctionnalit\u00e9 peut se combiner avec l&rsquo;esth\u00e9tique culturelle, en faisant une pi\u00e8ce incontournable pour les amoureux de l&rsquo;\u00eele et de ses traditions.<\/p>\n","protected":false},"excerpt":{"rendered":"<p>D\u00e9capsuleur m\u00e9tallique d\u00e9cor\u00e9 d&rsquo;une salamandre color\u00e9e, repr\u00e9sentant la richesse du folklore majorquin. Ce d\u00e9capsuleur original pr\u00e9sente un design stylis\u00e9 dans des tons orang\u00e9s et mosa\u00efques, rehauss\u00e9 par une finition \u00e9poxy qui lui donne un \u00e9clat attrayant. Sous la salamandre appara\u00eet le nom &lsquo;Mallorca&rsquo;, ce qui ajoute une touche authentique \u00e0 cet article fonctionnel et d\u00e9coratif, parfait pour les amoureux de l&rsquo;\u00eele. Id\u00e9al comme souvenir ou cadeau.<\/p>\n","protected":false},"featured_media":6471,"template":"","meta":{"_acf_changed":false},"product_brand":[],"product_cat":[779],"product_tag":[530],"class_list":{"0":"post-27540","1":"product","2":"type-product","3":"status-publish","4":"has-post-thumbnail","6":"product_cat-decapsuleurs","7":"product_tag-animaux","8":"pa_ciudad-mallorca","9":"pa_motivo-salamandres","10":"pa_pais-espana","12":"first","13":"instock","14":"shipping-taxable","15":"product-type-simple"},"acf":[],"_links":{"self":[{"href":"https:\/\/olemosaic.com\/fr\/wp-json\/wp\/v2\/product\/27540","targetHints":{"allow":["GET"]}}],"collection":[{"href":"https:\/\/olemosaic.com\/fr\/wp-json\/wp\/v2\/product"}],"about":[{"href":"https:\/\/olemosaic.com\/fr\/wp-json\/wp\/v2\/types\/product"}],"wp:featuredmedia":[{"embeddable":true,"href":"https:\/\/olemosaic.com\/fr\/wp-json\/wp\/v2\/media\/6471"}],"wp:attachment":[{"href":"https:\/\/olemosaic.com\/fr\/wp-json\/wp\/v2\/media?parent=27540"}],"wp:term":[{"taxonomy":"product_brand","embeddable":true,"href":"https:\/\/olemosaic.com\/fr\/wp-json\/wp\/v2\/product_brand?post=27540"},{"taxonomy":"product_cat","embeddable":true,"href":"https:\/\/olemosaic.com\/fr\/wp-json\/wp\/v2\/product_cat?post=27540"},{"taxonomy":"product_tag","embeddable":true,"href":"https:\/\/olemosaic.com\/fr\/wp-json\/wp\/v2\/product_tag?post=27540"}],"curies":[{"name":"wp","href":"https:\/\/api.w.org\/{rel}","templated":true}]}}