{"id":27539,"date":"2025-02-20T23:29:21","date_gmt":"2025-02-20T22:29:21","guid":{"rendered":"http:\/\/olemosaic.com\/producto\/abridor-de-metal-toro-pintado-a-mano-azul\/"},"modified":"2025-07-25T19:13:48","modified_gmt":"2025-07-25T17:13:48","slug":"decapsuleur-en-metal-taureau-peint-a-la-main-bleu","status":"publish","type":"product","link":"https:\/\/olemosaic.com\/fr\/produit\/decapsuleur-en-metal-taureau-peint-a-la-main-bleu\/","title":{"rendered":"D\u00e9capsuleur en m\u00e9tal. Taureau. Bleu"},"content":{"rendered":"<p>Ce d\u00e9capsuleur en m\u00e9tal, d\u00e9cor\u00e9 d&rsquo;un taureau espagnol vibrant, est le souvenir parfait pour les amoureux de la culture et du folklore de l&rsquo;Espagne. Cette pi\u00e8ce d&rsquo;art fonctionnelle est m\u00e9ticuleusement peinte \u00e0 la main avec une riche vari\u00e9t\u00e9 de couleurs qui capturent l&rsquo;essence de ce symbole national iconique. Le design, rempli de mosa\u00efques en bleus, verts, rouges et jaunes, manifeste la force et le caract\u00e8re du taureau, une figure centrale des traditions espagnoles, repr\u00e9sentant le courage et la fiert\u00e9 du peuple.<\/p>\n<p>Le texte \u00ab\u00a0ESPA\u00d1A\u00a0\u00bb, grav\u00e9 sur la partie sup\u00e9rieure du d\u00e9capsuleur, ajoute une touche distinctive qui renforce la connexion culturelle avec le pays. Ce d\u00e9capsuleur n&rsquo;est pas seulement un outil pratique pour ouvrir les bouteilles, mais aussi une pi\u00e8ce artistique qui peut servir d&rsquo;\u00e9l\u00e9ment d\u00e9coratif attrayant dans n&rsquo;importe quel foyer. L&rsquo;artisanat derri\u00e8re ce produit souligne son authenticit\u00e9 en tant que souvenir typique, ce qui en fait une excellente option pour les touristes qui cherchent \u00e0 ramener un morceau d&rsquo;Espagne chez eux.<\/p>\n<p>Chez Ol\u00e9 Mosaic, nous nous sp\u00e9cialisons dans la distribution en gros de souvenirs comme ce d\u00e9capsuleur en m\u00e9tal, id\u00e9al pour les boutiques de cadeaux touristiques. Ce d\u00e9capsuleur taureau ne met pas seulement en valeur la richesse culturelle de l&rsquo;Espagne, mais offre \u00e9galement aux collectionneurs un souvenir unique et significatif qui c\u00e9l\u00e8bre l&rsquo;h\u00e9ritage culturel du pays.<\/p>\n","protected":false},"excerpt":{"rendered":"<p>D\u00e9capsuleur en m\u00e9tal d\u00e9cor\u00e9 d&rsquo;un taureau espagnol vibrant, design artisanal, peint \u00e0 la main, avec une riche vari\u00e9t\u00e9 de couleurs. Ce design color\u00e9 pr\u00e9sente une mosa\u00efque de bleus, verts, rouges et jaunes, repr\u00e9sentant la figure iconique du taureau, symbole du folklore et de la culture espagnols. Avec le mot \u00ab\u00a0ESPA\u00d1A\u00a0\u00bb grav\u00e9 sur la partie sup\u00e9rieure, ce d\u00e9capsuleur n&rsquo;est pas seulement fonctionnel, mais aussi une pi\u00e8ce artistique qui c\u00e9l\u00e8bre l&rsquo;essence de l&rsquo;Espagne. Id\u00e9al pour les collectionneurs et les amoureux de la culture espagnole.<\/p>\n","protected":false},"featured_media":11191,"template":"","meta":{"_acf_changed":false},"product_brand":[],"product_cat":[779],"product_tag":[530],"class_list":{"0":"post-27539","1":"product","2":"type-product","3":"status-publish","4":"has-post-thumbnail","6":"product_cat-decapsuleurs","7":"product_tag-animaux","8":"pa_motivo-taureaux","10":"first","11":"instock","12":"shipping-taxable","13":"product-type-simple"},"acf":[],"_links":{"self":[{"href":"https:\/\/olemosaic.com\/fr\/wp-json\/wp\/v2\/product\/27539","targetHints":{"allow":["GET"]}}],"collection":[{"href":"https:\/\/olemosaic.com\/fr\/wp-json\/wp\/v2\/product"}],"about":[{"href":"https:\/\/olemosaic.com\/fr\/wp-json\/wp\/v2\/types\/product"}],"wp:featuredmedia":[{"embeddable":true,"href":"https:\/\/olemosaic.com\/fr\/wp-json\/wp\/v2\/media\/11191"}],"wp:attachment":[{"href":"https:\/\/olemosaic.com\/fr\/wp-json\/wp\/v2\/media?parent=27539"}],"wp:term":[{"taxonomy":"product_brand","embeddable":true,"href":"https:\/\/olemosaic.com\/fr\/wp-json\/wp\/v2\/product_brand?post=27539"},{"taxonomy":"product_cat","embeddable":true,"href":"https:\/\/olemosaic.com\/fr\/wp-json\/wp\/v2\/product_cat?post=27539"},{"taxonomy":"product_tag","embeddable":true,"href":"https:\/\/olemosaic.com\/fr\/wp-json\/wp\/v2\/product_tag?post=27539"}],"curies":[{"name":"wp","href":"https:\/\/api.w.org\/{rel}","templated":true}]}}