{"id":27538,"date":"2025-02-20T22:29:21","date_gmt":"2025-02-20T22:29:21","guid":{"rendered":"http:\/\/olemosaic.com\/producto\/abridor-de-metal-toro-sevilla-epoxy-rojo\/"},"modified":"2025-07-25T19:21:24","modified_gmt":"2025-07-25T17:21:24","slug":"decapsuleur-en-metal-taureau-seville-epoxy-rouge","status":"publish","type":"product","link":"https:\/\/olemosaic.com\/fr\/produit\/decapsuleur-en-metal-taureau-seville-epoxy-rouge\/","title":{"rendered":"D\u00e9capsuleur en m\u00e9tal. Taureau. S\u00e9ville. \u00c9poxy. Rouge"},"content":{"rendered":"<p>Ce d\u00e9capsuleur en m\u00e9tal, d\u00e9cor\u00e9 d&rsquo;un design vibrant de taureau, est un authentique souvenir qui capture l&rsquo;essence de la culture espagnole et andalouse, avec un clin d&rsquo;\u0153il sp\u00e9cial \u00e0 S\u00e9ville. La figure du taureau, symbole iconique de la tradition espagnole et de la tauromachie, est pr\u00e9sent\u00e9e ici dans un design color\u00e9 qui combine les tons rouges et jaunes intenses de l&rsquo;\u00e9poxy brillant, \u00e9voquant la force et le caract\u00e8re de cet animal majestueux. La forme ergonomique du d\u00e9capsuleur garantit une utilisation facile et confortable, en faisant non seulement un accessoire utile pour ouvrir les bouteilles, mais aussi un souvenir repr\u00e9sentatif qui \u00e9voque le riche h\u00e9ritage culturel de l&rsquo;Andalousie. Le mot \u00ab\u00a0Sevilla\u00a0\u00bb est \u00e9l\u00e9gamment int\u00e9gr\u00e9 sur la partie sup\u00e9rieure, apportant une touche locale distinctive qui le rend encore plus sp\u00e9cial. Ce d\u00e9capsuleur est une excellente option pour ceux qui appr\u00e9cient la tradition, ainsi qu&rsquo;une id\u00e9e de cadeau parfaite pour les touristes \u00e0 la recherche de souvenirs authentiques et significatifs de leur visite. Chez Ol\u00e9 Mosaic, nous nous sp\u00e9cialisons dans la distribution de souvenirs en gros, et ce d\u00e9capsuleur taureau est un choix id\u00e9al pour les boutiques de cadeaux touristiques souhaitant proposer des produits c\u00e9l\u00e9brant l&rsquo;h\u00e9ritage culturel de l&rsquo;Espagne.<\/p>\n","protected":false},"excerpt":{"rendered":"<p>D\u00e9capsuleur m\u00e9tallique d\u00e9cor\u00e9 d&rsquo;un design vibrant de taureau, symbole embl\u00e9matique de la culture espagnole, inspir\u00e9 de S\u00e9ville. Cet article dispose d&rsquo;une base en \u00e9poxy brillant dans des tons rouges et jaunes qui repr\u00e9sente avec ma\u00eetrise la force et le caract\u00e8re de l&rsquo;animal. Sa forme ergonomique assure une utilisation facile et confortable, en faisant un excellent souvenir ou cadeau pour les amoureux de la tradition andalouse. Le mot \u00ab\u00a0Sevilla\u00a0\u00bb est pr\u00e9sent sur la partie sup\u00e9rieure, ajoutant une touche locale et distinctive.<\/p>\n","protected":false},"featured_media":7121,"template":"","meta":{"_acf_changed":false},"product_brand":[],"product_cat":[779],"product_tag":[530],"class_list":{"0":"post-27538","1":"product","2":"type-product","3":"status-publish","4":"has-post-thumbnail","6":"product_cat-decapsuleurs","7":"product_tag-animaux","8":"pa_ciudad-sevilla","9":"pa_motivo-taureaux","10":"pa_pais-espana","12":"first","13":"instock","14":"shipping-taxable","15":"product-type-simple"},"acf":[],"_links":{"self":[{"href":"https:\/\/olemosaic.com\/fr\/wp-json\/wp\/v2\/product\/27538","targetHints":{"allow":["GET"]}}],"collection":[{"href":"https:\/\/olemosaic.com\/fr\/wp-json\/wp\/v2\/product"}],"about":[{"href":"https:\/\/olemosaic.com\/fr\/wp-json\/wp\/v2\/types\/product"}],"wp:featuredmedia":[{"embeddable":true,"href":"https:\/\/olemosaic.com\/fr\/wp-json\/wp\/v2\/media\/7121"}],"wp:attachment":[{"href":"https:\/\/olemosaic.com\/fr\/wp-json\/wp\/v2\/media?parent=27538"}],"wp:term":[{"taxonomy":"product_brand","embeddable":true,"href":"https:\/\/olemosaic.com\/fr\/wp-json\/wp\/v2\/product_brand?post=27538"},{"taxonomy":"product_cat","embeddable":true,"href":"https:\/\/olemosaic.com\/fr\/wp-json\/wp\/v2\/product_cat?post=27538"},{"taxonomy":"product_tag","embeddable":true,"href":"https:\/\/olemosaic.com\/fr\/wp-json\/wp\/v2\/product_tag?post=27538"}],"curies":[{"name":"wp","href":"https:\/\/api.w.org\/{rel}","templated":true}]}}