{"id":27537,"date":"2025-02-20T23:29:21","date_gmt":"2025-02-20T22:29:21","guid":{"rendered":"http:\/\/olemosaic.com\/producto\/abridor-de-metal-toro-epoxy-2\/"},"modified":"2025-07-25T18:56:51","modified_gmt":"2025-07-25T16:56:51","slug":"decapsuleur-en-metal-taureau-epoxy-2","status":"publish","type":"product","link":"https:\/\/olemosaic.com\/fr\/produit\/decapsuleur-en-metal-taureau-epoxy-2\/","title":{"rendered":"D\u00e9capsuleur en m\u00e9tal. Taureau. Mosa\u00efque. Espagne. \u00c9poxy."},"content":{"rendered":"<p>Ce d\u00e9capsuleur m\u00e9tallique, d\u00e9cor\u00e9 d&rsquo;un design vibrant de taureaux de style mosa\u00efque, est un reflet authentique de la riche tradition taurine de l&rsquo;Espagne. Sa structure m\u00e9tallique garantit durabilit\u00e9 et fonctionnalit\u00e9, tandis que la finition en r\u00e9sine \u00e9poxy fait ressortir les couleurs intenses des taureaux, allant du rouge le plus vif au vert, jaune et bleu, cr\u00e9ant une pi\u00e8ce visuellement captivante. Sur la partie sup\u00e9rieure, le mot \u00ab\u00a0ESPA\u00d1A\u00a0\u00bb est \u00e9l\u00e9gamment imprim\u00e9, ajoutant une touche de sophistication et en faisant un souvenir attrayant pour ceux qui souhaitent emporter un morceau de la culture espagnole chez eux.<\/p>\n<p>Le design des taureaux, symbole embl\u00e9matique de l&rsquo;h\u00e9ritage culturel espagnol, capture l&rsquo;essence de l&rsquo;art de la mosa\u00efque, utilis\u00e9 dans la p\u00e9ninsule depuis l&rsquo;Antiquit\u00e9. Ce d\u00e9capsuleur n&rsquo;est pas seulement un accessoire fonctionnel id\u00e9al pour tout foyer, mais aussi un souvenir repr\u00e9sentatif qui \u00e9voque la passion et l&rsquo;\u00e9motion des f\u00eates taurines. Chez Ol\u00e9 Mosaic, nous sommes fiers d&rsquo;\u00eatre des distributeurs de souvenirs authentiques en gros, proposant ce d\u00e9capsuleur de taureaux comme une excellente option pour les boutiques de cadeaux touristiques \u00e0 la recherche de produits de qualit\u00e9 et de signification culturelle. Ce d\u00e9capsuleur est le choix id\u00e9al pour les touristes \u00e0 la recherche d&rsquo;un souvenir m\u00e9morable de leur visite en Espagne.<\/p>\n","protected":false},"excerpt":{"rendered":"<p>D\u00e9capsuleur m\u00e9tallique d\u00e9cor\u00e9 d&rsquo;un design vibrant de deux taureaux en style mosa\u00efque, repr\u00e9sentant la riche tradition taurine espagnole. Le d\u00e9capsuleur a une finition en r\u00e9sine \u00e9poxy qui rehausse les couleurs intenses des taureaux, dans des tons rouges, verts, jaunes et bleus. Sur la partie sup\u00e9rieure, le mot \u00ab\u00a0ESPA\u00d1A\u00a0\u00bb est imprim\u00e9 avec des lettres \u00e9l\u00e9gantes, ce qui en fait un souvenir attrayant et fonctionnel, id\u00e9al pour se souvenir de la visite.<\/p>\n","protected":false},"featured_media":8696,"template":"","meta":{"_acf_changed":false},"product_brand":[],"product_cat":[779],"product_tag":[530],"class_list":{"0":"post-27537","1":"product","2":"type-product","3":"status-publish","4":"has-post-thumbnail","6":"product_cat-decapsuleurs","7":"product_tag-animaux","8":"pa_motivo-taureaux","10":"first","11":"instock","12":"shipping-taxable","13":"product-type-simple"},"acf":[],"_links":{"self":[{"href":"https:\/\/olemosaic.com\/fr\/wp-json\/wp\/v2\/product\/27537","targetHints":{"allow":["GET"]}}],"collection":[{"href":"https:\/\/olemosaic.com\/fr\/wp-json\/wp\/v2\/product"}],"about":[{"href":"https:\/\/olemosaic.com\/fr\/wp-json\/wp\/v2\/types\/product"}],"wp:featuredmedia":[{"embeddable":true,"href":"https:\/\/olemosaic.com\/fr\/wp-json\/wp\/v2\/media\/8696"}],"wp:attachment":[{"href":"https:\/\/olemosaic.com\/fr\/wp-json\/wp\/v2\/media?parent=27537"}],"wp:term":[{"taxonomy":"product_brand","embeddable":true,"href":"https:\/\/olemosaic.com\/fr\/wp-json\/wp\/v2\/product_brand?post=27537"},{"taxonomy":"product_cat","embeddable":true,"href":"https:\/\/olemosaic.com\/fr\/wp-json\/wp\/v2\/product_cat?post=27537"},{"taxonomy":"product_tag","embeddable":true,"href":"https:\/\/olemosaic.com\/fr\/wp-json\/wp\/v2\/product_tag?post=27537"}],"curies":[{"name":"wp","href":"https:\/\/api.w.org\/{rel}","templated":true}]}}