{"id":27536,"date":"2025-02-20T23:29:20","date_gmt":"2025-02-20T22:29:20","guid":{"rendered":"http:\/\/olemosaic.com\/producto\/abridor-de-metal-toro-epoxy-rojo-2\/"},"modified":"2025-07-25T19:22:22","modified_gmt":"2025-07-25T17:22:22","slug":"decapsuleur-en-metal-taureau-epoxy-rouge-2","status":"publish","type":"product","link":"https:\/\/olemosaic.com\/fr\/produit\/decapsuleur-en-metal-taureau-epoxy-rouge-2\/","title":{"rendered":"D\u00e9capsuleur en m\u00e9tal. Taureau. Espagne. \u00c9poxy. Rouge"},"content":{"rendered":"<p>Ce d\u00e9capsuleur en m\u00e9tal, d\u00e9cor\u00e9 d&rsquo;un design de taureau vibrant, est un souvenir embl\u00e9matique qui capture l&rsquo;essence de l&rsquo;esprit espagnol. Avec une base en m\u00e9tal robuste, ce d\u00e9capsuleur pratique pr\u00e9sente une finition en \u00e9poxy qui ressort dans des tons rouges et jaunes, \u00e9voquant la passion qui caract\u00e9rise la culture et le folklore de l&rsquo;Espagne. La figure du taureau, magistralement repr\u00e9sent\u00e9e avec des formes g\u00e9om\u00e9triques dans un style moderne et color\u00e9, n&rsquo;ajoute pas seulement une touche artistique, mais symbolise \u00e9galement la force et la tradition de l&rsquo;une des figures les plus iconiques du pays.<\/p>\n<p>Sur la partie sup\u00e9rieure du d\u00e9capsuleur se d\u00e9tache l&rsquo;inscription \u00ab\u00a0ESPA\u00d1A\u00a0\u00bb, ce qui en fait un souvenir id\u00e9al pour ceux qui souhaitent ramener une partie de la culture espagnole chez eux. Ce d\u00e9capsuleur n&rsquo;est pas seulement un accessoire fonctionnel, mais aussi un article de collection attrayant pour les touristes et les amoureux de la culture hispanique. Son design original en fait un cadeau parfait pour ceux qui recherchent des souvenirs uniques et authentiques.<\/p>\n<p>Chez Ol\u00e9 Mosaic, nous proposons une distribution de souvenirs en gros qui inclut des produits repr\u00e9sentatifs de la tradition espagnole. Ce d\u00e9capsuleur taureau est une excellente option pour les boutiques de cadeaux touristiques \u00e0 la recherche d&rsquo;articles de qualit\u00e9, soulignant sa pertinence culturelle et son attrait universel comme souvenir typique de l&rsquo;Espagne.<\/p>\n","protected":false},"excerpt":{"rendered":"<p>D\u00e9capsuleur m\u00e9tallique d\u00e9cor\u00e9 d&rsquo;un design de taureau vibrant, embl\u00e8me de la culture espagnole. Ce d\u00e9capsuleur pr\u00e9sente une finition attrayante en r\u00e9sine \u00e9poxy dans des tons rouges et jaunes, \u00e9voquant la passion et le folklore de l&rsquo;Espagne. La figure du taureau, repr\u00e9sent\u00e9e par des formes g\u00e9om\u00e9triques, ajoute une touche artistique et distinctive. Le d\u00e9capsuleur inclut \u00e9galement le mot \u00ab\u00a0ESPA\u00d1A\u00a0\u00bb, ce qui en fait un souvenir id\u00e9al de votre visite ou un cadeau original pour les amoureux de la culture espagnole.<\/p>\n","protected":false},"featured_media":7118,"template":"","meta":{"_acf_changed":false},"product_brand":[],"product_cat":[779],"product_tag":[530],"class_list":{"0":"post-27536","1":"product","2":"type-product","3":"status-publish","4":"has-post-thumbnail","6":"product_cat-decapsuleurs","7":"product_tag-animaux","8":"pa_motivo-taureaux","10":"first","11":"instock","12":"shipping-taxable","13":"product-type-simple"},"acf":[],"_links":{"self":[{"href":"https:\/\/olemosaic.com\/fr\/wp-json\/wp\/v2\/product\/27536","targetHints":{"allow":["GET"]}}],"collection":[{"href":"https:\/\/olemosaic.com\/fr\/wp-json\/wp\/v2\/product"}],"about":[{"href":"https:\/\/olemosaic.com\/fr\/wp-json\/wp\/v2\/types\/product"}],"wp:featuredmedia":[{"embeddable":true,"href":"https:\/\/olemosaic.com\/fr\/wp-json\/wp\/v2\/media\/7118"}],"wp:attachment":[{"href":"https:\/\/olemosaic.com\/fr\/wp-json\/wp\/v2\/media?parent=27536"}],"wp:term":[{"taxonomy":"product_brand","embeddable":true,"href":"https:\/\/olemosaic.com\/fr\/wp-json\/wp\/v2\/product_brand?post=27536"},{"taxonomy":"product_cat","embeddable":true,"href":"https:\/\/olemosaic.com\/fr\/wp-json\/wp\/v2\/product_cat?post=27536"},{"taxonomy":"product_tag","embeddable":true,"href":"https:\/\/olemosaic.com\/fr\/wp-json\/wp\/v2\/product_tag?post=27536"}],"curies":[{"name":"wp","href":"https:\/\/api.w.org\/{rel}","templated":true}]}}