{"id":27524,"date":"2025-02-20T22:29:20","date_gmt":"2025-02-20T22:29:20","guid":{"rendered":"http:\/\/olemosaic.com\/producto\/abridor-de-metal-casa-batllo-barcelona-epoxy\/"},"modified":"2025-07-25T18:34:15","modified_gmt":"2025-07-25T16:34:15","slug":"decapsuleur-en-metal-casa-batllo-barcelone-epoxy","status":"publish","type":"product","link":"https:\/\/olemosaic.com\/fr\/produit\/decapsuleur-en-metal-casa-batllo-barcelone-epoxy\/","title":{"rendered":"D\u00e9capsuleur en m\u00e9tal. Casa Batll\u00f3. Barcelone. \u00c9poxy."},"content":{"rendered":"<p>Ce d\u00e9capsuleur en m\u00e9tal, d\u00e9cor\u00e9 de l&#8217;embl\u00e9matique Casa Batll\u00f3 de Barcelone, est une pi\u00e8ce unique qui capture l&rsquo;essence du modernisme catalan. Son design vibrant, \u00e9labor\u00e9 en r\u00e9sine \u00e9poxy, met en valeur les formes ondul\u00e9es inconfondibles et les couleurs exub\u00e9rantes qui caract\u00e9risent ce chef-d&rsquo;\u0153uvre d&rsquo;Antoni Gaud\u00ed. Les mosa\u00efques aux tons bleus, verts et rouges se combinent harmonieusement, \u00e9voquant l&rsquo;esth\u00e9tique fascinante de cette construction iconique situ\u00e9e au c\u0153ur de la ville. Ce d\u00e9capsuleur n&rsquo;est pas seulement fonctionnel, il sert \u00e9galement d&rsquo;\u0153uvre d&rsquo;art d\u00e9corative id\u00e9ale pour n&rsquo;importe quel foyer. Sa finition m\u00e9tallique assure durabilit\u00e9 et r\u00e9sistance, ce qui en fait un souvenir parfait pour ceux qui recherchent un rappel de leur visite \u00e0 Barcelone. En choisissant ce d\u00e9capsuleur comme souvenir, on emporte avec soi non seulement un objet pratique, mais aussi un symbole repr\u00e9sentatif de la richesse culturelle et architecturale de la ville. Chez Ol\u00e9 Mosaic, nous sommes fiers de proposer des articles authentiques et de qualit\u00e9 en gros, et ce d\u00e9capsuleur de la Casa Batll\u00f3 est une excellente option pour les boutiques de cadeaux touristiques cherchant \u00e0 offrir \u00e0 leurs clients un morceau de Barcelone.<\/p>\n","protected":false},"excerpt":{"rendered":"<p>D\u00e9capsuleur m\u00e9tallique d\u00e9cor\u00e9 d&rsquo;un design vibrant en r\u00e9sine \u00e9poxy repr\u00e9sentant l&#8217;embl\u00e9matique Casa Batll\u00f3 de Barcelone. Ce d\u00e9capsuleur pratique montre la c\u00e9l\u00e8bre architecture moderniste de Gaud\u00ed, soulignant ses formes ondul\u00e9es et ses mosa\u00efques color\u00e9es dans les tons bleus, verts et rouges. Id\u00e9al comme souvenir, il capture l&rsquo;essence de Barcelone et ajoute une touche artistique \u00e0 n&rsquo;importe quel foyer. Sa finition m\u00e9tallique garantit durabilit\u00e9 et fonctionnalit\u00e9.<\/p>\n","protected":false},"featured_media":7129,"template":"","meta":{"_acf_changed":false},"product_brand":[],"product_cat":[779],"product_tag":[],"class_list":{"0":"post-27524","1":"product","2":"type-product","3":"status-publish","4":"has-post-thumbnail","6":"product_cat-decapsuleurs","7":"pa_ciudad-barcelona","8":"pa_motivo-casa-batllo","9":"pa_pais-espana","11":"first","12":"instock","13":"shipping-taxable","14":"product-type-simple"},"acf":[],"_links":{"self":[{"href":"https:\/\/olemosaic.com\/fr\/wp-json\/wp\/v2\/product\/27524","targetHints":{"allow":["GET"]}}],"collection":[{"href":"https:\/\/olemosaic.com\/fr\/wp-json\/wp\/v2\/product"}],"about":[{"href":"https:\/\/olemosaic.com\/fr\/wp-json\/wp\/v2\/types\/product"}],"wp:featuredmedia":[{"embeddable":true,"href":"https:\/\/olemosaic.com\/fr\/wp-json\/wp\/v2\/media\/7129"}],"wp:attachment":[{"href":"https:\/\/olemosaic.com\/fr\/wp-json\/wp\/v2\/media?parent=27524"}],"wp:term":[{"taxonomy":"product_brand","embeddable":true,"href":"https:\/\/olemosaic.com\/fr\/wp-json\/wp\/v2\/product_brand?post=27524"},{"taxonomy":"product_cat","embeddable":true,"href":"https:\/\/olemosaic.com\/fr\/wp-json\/wp\/v2\/product_cat?post=27524"},{"taxonomy":"product_tag","embeddable":true,"href":"https:\/\/olemosaic.com\/fr\/wp-json\/wp\/v2\/product_tag?post=27524"}],"curies":[{"name":"wp","href":"https:\/\/api.w.org\/{rel}","templated":true}]}}