{"id":27523,"date":"2025-02-20T22:29:20","date_gmt":"2025-02-20T22:29:20","guid":{"rendered":"http:\/\/olemosaic.com\/producto\/abridor-de-metal-toro-epoxy-rojo\/"},"modified":"2025-07-25T18:39:08","modified_gmt":"2025-07-25T16:39:08","slug":"decapsuleur-en-metal-taureau-epoxy-rouge","status":"publish","type":"product","link":"https:\/\/olemosaic.com\/fr\/produit\/decapsuleur-en-metal-taureau-epoxy-rouge\/","title":{"rendered":"D\u00e9capsuleur en m\u00e9tal. Taureau. \u00c9poxy. Rouge"},"content":{"rendered":"<p>Ce d\u00e9capsuleur m\u00e9tallique d\u00e9cor\u00e9 d&rsquo;une t\u00eate de taureau est un authentique symbole de l&rsquo;Espagne qui allie fonctionnalit\u00e9 et esth\u00e9tique dans une pi\u00e8ce unique. Avec un design en r\u00e9sine \u00e9poxy, cette \u0153uvre pr\u00e9sente une palette de couleurs vibrantes incluant des tons rouges, jaunes et orang\u00e9s, \u00e9vocateurs de la passion et de la ferveur du folklore espagnol. Sur la partie sup\u00e9rieure du d\u00e9capsuleur, dans un style frappant, on peut lire \u00ab ESPA\u00d1A \u00bb, renfor\u00e7ant son caract\u00e8re repr\u00e9sentatif et culturel. L&rsquo;image du taureau, figure embl\u00e9matique de la culture espagnole, symbolise la force et la tradition, particuli\u00e8rement dans des r\u00e9gions comme l&rsquo;Andalousie et la Navarre, o\u00f9 la tauromachie a une grande importance.<\/p>\n<p>Ce d\u00e9capsuleur est plus qu&rsquo;un simple ustensile ; c&rsquo;est un souvenir qui capture l&rsquo;essence de la riche culture espagnole et de son histoire. La qualit\u00e9 des mat\u00e9riaux utilis\u00e9s, associ\u00e9e \u00e0 son design artistique, en fait un cadeau id\u00e9al pour les touristes \u00e0 la recherche d&rsquo;un souvenir authentique repr\u00e9sentant leur exp\u00e9rience en Espagne. Chez Ol\u00e9 Mosaic, nous sommes sp\u00e9cialis\u00e9s dans la distribution de souvenirs en gros, offrant ce d\u00e9capsuleur de taureau comme une excellente option pour les boutiques de cadeaux touristiques souhaitant proposer \u00e0 leurs clients une pi\u00e8ce pertinente et authentique du patrimoine culturel espagnol. Consid\u00e9r\u00e9 comme un souvenir fonctionnel et attrayant, ce d\u00e9capsuleur ne servira pas seulement \u00e0 ouvrir des bouteilles, mais sera \u00e9galement un \u00e9l\u00e9ment d\u00e9coratif qui \u00e9gayera n&rsquo;importe quel foyer.<\/p>\n","protected":false},"excerpt":{"rendered":"<p>D\u00e9capsuleur en m\u00e9tal d\u00e9cor\u00e9 d&rsquo;une t\u00eate de taureau, symbole embl\u00e9matique de l&rsquo;Espagne. Ce d\u00e9capsuleur \u00e9l\u00e9gant pr\u00e9sente un design en r\u00e9sine \u00e9poxy combinant des tons rouges, jaunes et orang\u00e9s, cr\u00e9ant une repr\u00e9sentation vibrante et artistique du taureau. Sur la partie sup\u00e9rieure, on lit \u00ab ESPA\u00d1A \u00bb, soulignant son caract\u00e8re culturel. Un souvenir fonctionnel et visuellement attrayant qui capture l&rsquo;essence du folklore espagnol, id\u00e9al pour ajouter une touche authentique \u00e0 n&rsquo;importe quel foyer.<\/p>\n","protected":false},"featured_media":6336,"template":"","meta":{"_acf_changed":false},"product_brand":[],"product_cat":[779],"product_tag":[530],"class_list":{"0":"post-27523","1":"product","2":"type-product","3":"status-publish","4":"has-post-thumbnail","6":"product_cat-decapsuleurs","7":"product_tag-animaux","8":"pa_motivo-taureaux","10":"first","11":"instock","12":"shipping-taxable","13":"product-type-simple"},"acf":[],"_links":{"self":[{"href":"https:\/\/olemosaic.com\/fr\/wp-json\/wp\/v2\/product\/27523","targetHints":{"allow":["GET"]}}],"collection":[{"href":"https:\/\/olemosaic.com\/fr\/wp-json\/wp\/v2\/product"}],"about":[{"href":"https:\/\/olemosaic.com\/fr\/wp-json\/wp\/v2\/types\/product"}],"wp:featuredmedia":[{"embeddable":true,"href":"https:\/\/olemosaic.com\/fr\/wp-json\/wp\/v2\/media\/6336"}],"wp:attachment":[{"href":"https:\/\/olemosaic.com\/fr\/wp-json\/wp\/v2\/media?parent=27523"}],"wp:term":[{"taxonomy":"product_brand","embeddable":true,"href":"https:\/\/olemosaic.com\/fr\/wp-json\/wp\/v2\/product_brand?post=27523"},{"taxonomy":"product_cat","embeddable":true,"href":"https:\/\/olemosaic.com\/fr\/wp-json\/wp\/v2\/product_cat?post=27523"},{"taxonomy":"product_tag","embeddable":true,"href":"https:\/\/olemosaic.com\/fr\/wp-json\/wp\/v2\/product_tag?post=27523"}],"curies":[{"name":"wp","href":"https:\/\/api.w.org\/{rel}","templated":true}]}}