{"id":27522,"date":"2025-02-20T22:29:20","date_gmt":"2025-02-20T22:29:20","guid":{"rendered":"http:\/\/olemosaic.com\/producto\/abridor-de-metal-bailaora-epoxy\/"},"modified":"2025-07-25T19:14:09","modified_gmt":"2025-07-25T17:14:09","slug":"decapsuleur-en-metal-danseuse-flamenco-epoxy","status":"publish","type":"product","link":"https:\/\/olemosaic.com\/fr\/produit\/decapsuleur-en-metal-danseuse-flamenco-epoxy\/","title":{"rendered":"D\u00e9capsuleur en m\u00e9tal. Danseuse de Flamenco. \u00c9poxy."},"content":{"rendered":"<p>Ce d\u00e9capsuleur m\u00e9tallique, d\u00e9cor\u00e9 d&rsquo;illustrations de deux danseuses de flamenco, est une magnifique repr\u00e9sentation du vibrant folklore espagnol. Avec une finition en \u00e9poxy qui rehausse les couleurs intenses des costumes, cette pi\u00e8ce capture l&rsquo;essence de la danse flamenca et de la culture espagnole. Une danseuse, v\u00eatue d&rsquo;une robe rouge orn\u00e9e de pois blancs, irradie passion et \u00e9nergie, tandis que l&rsquo;autre, envelopp\u00e9e de couleurs vives et frappantes, refl\u00e8te l&rsquo;art et la joie de cette tradition.<\/p>\n<p>Sur la partie sup\u00e9rieure, l&rsquo;inscription \u00ab ESPA\u00d1A \u00bb ajoute non seulement une touche distinctive au design, mais souligne \u00e9galement sa valeur en tant que souvenir authentique, id\u00e9al pour ceux qui souhaitent se souvenir de leur visite en Espagne. Ce d\u00e9capsuleur n&rsquo;est pas seulement fonctionnel, il sert \u00e9galement d&rsquo;accessoire d\u00e9coratif vibrant, un sujet de conversation dans n&rsquo;importe quel foyer.<\/p>\n<p>Chez Ol\u00e9 Mosaic, notre mission est de fournir des souvenirs repr\u00e9sentatifs, et ce d\u00e9capsuleur de danseuses est un choix parfait pour les boutiques de cadeaux touristiques et comme cadeau pour ceux qui souhaitent ramener un morceau de la culture espagnole chez eux. C&rsquo;est un cadeau qui allie art et utilit\u00e9, garantissant que chaque utilisation \u00e9voque le riche h\u00e9ritage culturel de l&rsquo;Espagne.<\/p>\n","protected":false},"excerpt":{"rendered":"<p>D\u00e9capsuleur en m\u00e9tal d\u00e9cor\u00e9 d&rsquo;illustrations de deux danseuses de flamenco, repr\u00e9sentant l&rsquo;essence culturelle de l&rsquo;Espagne. Ce d\u00e9capsuleur attrayant pr\u00e9sente une finition en \u00e9poxy qui met en valeur les couleurs vibrantes des costumes : une danseuse v\u00eatue de rouge \u00e0 pois blancs et une autre aux couleurs vives et \u00e9clatantes. Sur la partie sup\u00e9rieure, le mot \u00ab ESPA\u00d1A \u00bb est inscrit, ce qui en fait un souvenir id\u00e9al alliant fonctionnalit\u00e9 et art espagnol.<\/p>\n","protected":false},"featured_media":8695,"template":"","meta":{"_acf_changed":false},"product_brand":[],"product_cat":[779],"product_tag":[],"class_list":{"0":"post-27522","1":"product","2":"type-product","3":"status-publish","4":"has-post-thumbnail","6":"product_cat-decapsuleurs","7":"pa_motivo-danseurs","9":"first","10":"instock","11":"shipping-taxable","12":"product-type-simple"},"acf":[],"_links":{"self":[{"href":"https:\/\/olemosaic.com\/fr\/wp-json\/wp\/v2\/product\/27522","targetHints":{"allow":["GET"]}}],"collection":[{"href":"https:\/\/olemosaic.com\/fr\/wp-json\/wp\/v2\/product"}],"about":[{"href":"https:\/\/olemosaic.com\/fr\/wp-json\/wp\/v2\/types\/product"}],"wp:featuredmedia":[{"embeddable":true,"href":"https:\/\/olemosaic.com\/fr\/wp-json\/wp\/v2\/media\/8695"}],"wp:attachment":[{"href":"https:\/\/olemosaic.com\/fr\/wp-json\/wp\/v2\/media?parent=27522"}],"wp:term":[{"taxonomy":"product_brand","embeddable":true,"href":"https:\/\/olemosaic.com\/fr\/wp-json\/wp\/v2\/product_brand?post=27522"},{"taxonomy":"product_cat","embeddable":true,"href":"https:\/\/olemosaic.com\/fr\/wp-json\/wp\/v2\/product_cat?post=27522"},{"taxonomy":"product_tag","embeddable":true,"href":"https:\/\/olemosaic.com\/fr\/wp-json\/wp\/v2\/product_tag?post=27522"}],"curies":[{"name":"wp","href":"https:\/\/api.w.org\/{rel}","templated":true}]}}