{"id":27521,"date":"2025-02-20T22:29:20","date_gmt":"2025-02-20T22:29:20","guid":{"rendered":"http:\/\/olemosaic.com\/producto\/abridor-de-metal-punt-de-trobada-barcelona-epoxy\/"},"modified":"2025-07-25T18:51:30","modified_gmt":"2025-07-25T16:51:30","slug":"decapsuleur-en-metal-punt-de-trobada-barcelone-epoxy","status":"publish","type":"product","link":"https:\/\/olemosaic.com\/fr\/produit\/decapsuleur-en-metal-punt-de-trobada-barcelone-epoxy\/","title":{"rendered":"D\u00e9capsuleur en m\u00e9tal. Punt de trobada. Barcelone. \u00c9poxy."},"content":{"rendered":"<p>Ce d\u00e9capsuleur m\u00e9tallique, d\u00e9cor\u00e9 de l&#8217;embl\u00e9matique \u00ab Punt de Trobada \u00bb, est un souvenir vibrant et fonctionnel qui capture l&rsquo;essence artistique de Barcelone. Avec un design \u00e9labor\u00e9 en r\u00e9sine \u00e9poxy, ce d\u00e9capsuleur se distingue non seulement par son utilit\u00e9, mais aussi par son esth\u00e9tique color\u00e9e, incluant des tons vifs de rouge, jaune, bleu et noir. La repr\u00e9sentation de la c\u00e9l\u00e8bre mosa\u00efque, connue pour son dynamisme et sa contemporan\u00e9it\u00e9, est compl\u00e9t\u00e9e par le mot \u00ab Barcelone \u00bb \u00e9l\u00e9gamment int\u00e9gr\u00e9 au design, cr\u00e9ant une connexion imm\u00e9diate avec la ville.<\/p>\n<p>Visuellement, le d\u00e9capsuleur pr\u00e9sente une composition dynamique, avec des formes g\u00e9om\u00e9triques entrelac\u00e9es qui \u00e9voquent l&rsquo;\u0153uvre du c\u00e9l\u00e8bre architecte Antoni Gaud\u00ed, r\u00e9put\u00e9 pour son style moderniste unique. Les d\u00e9tails aux couleurs \u00e9clatantes soulignent le caract\u00e8re joyeux et cr\u00e9atif de la ville, ce qui en fait un souvenir exceptionnel pour les visiteurs souhaitant emporter un morceau de la culture barcelonaise.<\/p>\n<p>Ol\u00e9 Mosaic est fier de proposer ce d\u00e9capsuleur dans le cadre de sa large gamme de souvenirs en gros, id\u00e9aux pour les boutiques de cadeaux touristiques \u00e0 la recherche de produits authentiques et repr\u00e9sentatifs. Ce d\u00e9capsuleur m\u00e9tallique exalte la richesse culturelle de Barcelone et constitue une excellente option pour tout touriste souhaitant se souvenir de sa visite dans cette ville vibrante.<\/p>\n","protected":false},"excerpt":{"rendered":"<p>D\u00e9capsuleur en m\u00e9tal d\u00e9cor\u00e9 d&rsquo;une repr\u00e9sentation color\u00e9e du \u00ab Punt de Trobada \u00bb, l&#8217;embl\u00e9matique mosa\u00efque de Barcelone. Ce produit pr\u00e9sente un design en \u00e9poxy qui met en valeur les couleurs vives rouge, jaune, bleu et noir, donnant vie \u00e0 une sc\u00e8ne vibrante et contemporaine. Le texte \u00ab Barcelone \u00bb est int\u00e9gr\u00e9 au design, faisant de ce d\u00e9capsuleur un souvenir fonctionnel et attrayant, id\u00e9al pour se rappeler l&rsquo;essence artistique de la ville.<\/p>\n","protected":false},"featured_media":9313,"template":"","meta":{"_acf_changed":false},"product_brand":[],"product_cat":[779],"product_tag":[],"class_list":{"0":"post-27521","1":"product","2":"type-product","3":"status-publish","4":"has-post-thumbnail","6":"product_cat-decapsuleurs","7":"pa_ciudad-barcelona","8":"pa_motivo-punt-de-trobada","9":"pa_pais-espana","11":"first","12":"instock","13":"shipping-taxable","14":"product-type-simple"},"acf":[],"_links":{"self":[{"href":"https:\/\/olemosaic.com\/fr\/wp-json\/wp\/v2\/product\/27521","targetHints":{"allow":["GET"]}}],"collection":[{"href":"https:\/\/olemosaic.com\/fr\/wp-json\/wp\/v2\/product"}],"about":[{"href":"https:\/\/olemosaic.com\/fr\/wp-json\/wp\/v2\/types\/product"}],"wp:featuredmedia":[{"embeddable":true,"href":"https:\/\/olemosaic.com\/fr\/wp-json\/wp\/v2\/media\/9313"}],"wp:attachment":[{"href":"https:\/\/olemosaic.com\/fr\/wp-json\/wp\/v2\/media?parent=27521"}],"wp:term":[{"taxonomy":"product_brand","embeddable":true,"href":"https:\/\/olemosaic.com\/fr\/wp-json\/wp\/v2\/product_brand?post=27521"},{"taxonomy":"product_cat","embeddable":true,"href":"https:\/\/olemosaic.com\/fr\/wp-json\/wp\/v2\/product_cat?post=27521"},{"taxonomy":"product_tag","embeddable":true,"href":"https:\/\/olemosaic.com\/fr\/wp-json\/wp\/v2\/product_tag?post=27521"}],"curies":[{"name":"wp","href":"https:\/\/api.w.org\/{rel}","templated":true}]}}