{"id":27505,"date":"2025-02-20T23:29:19","date_gmt":"2025-02-20T22:29:19","guid":{"rendered":"http:\/\/olemosaic.com\/producto\/abridor-de-metal-bailaora-sevilla-epoxy-2\/"},"modified":"2025-07-25T18:39:08","modified_gmt":"2025-07-25T16:39:08","slug":"decapsuleur-en-metal-danseuse-flamenco-seville-epoxy","status":"publish","type":"product","link":"https:\/\/olemosaic.com\/fr\/produit\/decapsuleur-en-metal-danseuse-flamenco-seville-epoxy\/","title":{"rendered":"D\u00e9capsuleur en m\u00e9tal. Danseuse de Flamenco. S\u00e9ville. Andalousie. \u00c9poxy."},"content":{"rendered":"<p>Ce d\u00e9capsuleur m\u00e9tallique, d\u00e9cor\u00e9 de deux danseuses de flamenco, est le souvenir parfait pour capturer l&rsquo;essence vibrante de S\u00e9ville. Avec un design attrayant, le d\u00e9capsuleur montre les danseuses v\u00eatues de costumes \u00e9l\u00e9gants : l&rsquo;une porte une robe rouge \u00e0 pois blancs, tandis que l&rsquo;autre brille avec un costume multicolore qui fusionne les couleurs dans un motif audacieux et dynamique. Les d\u00e9tails en r\u00e9sine \u00e9poxy apportent une finition brillante et sophistiqu\u00e9e, soulignant la joie et le mouvement de la danse flamenco, une tradition profond\u00e9ment enracin\u00e9e dans la culture espagnole.<\/p>\n<p>Dans la partie sup\u00e9rieure du d\u00e9capsuleur, le mot \u00ab\u00a0SEVILLA\u00a0\u00bb se distingue, en faisant un souvenir distinctif qui refl\u00e8te le folklore andalou. Ce d\u00e9capsuleur n&rsquo;est pas seulement un outil fonctionnel, mais aussi une pi\u00e8ce d\u00e9corative qui \u00e9voque l&rsquo;esprit festif des foires et c\u00e9l\u00e9brations s\u00e9villanes. En tant qu&rsquo;excellent souvenir, il est id\u00e9al pour les amoureux de la culture espagnole qui souhaitent emporter un morceau du riche h\u00e9ritage de l&rsquo;Andalousie.<\/p>\n<p>Chez Ol\u00e9 Mosaic, nous sommes grossistes de souvenirs, sp\u00e9cialis\u00e9s dans les produits qui repr\u00e9sentent l&rsquo;authenticit\u00e9 culturelle de l&rsquo;Espagne. Ce d\u00e9capsuleur de danseuses n&rsquo;est pas seulement un excellent souvenir de S\u00e9ville, mais aussi une option attrayante pour les boutiques de souvenirs touristiques qui souhaitent offrir \u00e0 leurs clients des produits uniques et repr\u00e9sentatifs de la riche tradition flamenca.<\/p>\n","protected":false},"excerpt":{"rendered":"<p>D\u00e9capsuleur m\u00e9tallique d\u00e9cor\u00e9 de deux danseuses de flamenco color\u00e9es, repr\u00e9sentant l&rsquo;essence vibrante de S\u00e9ville. Ce d\u00e9capsuleur attrayant, avec des d\u00e9tails en \u00e9poxy, montre les danseuses avec des costumes \u00e9l\u00e9gants : l&rsquo;un rouge \u00e0 pois blancs et l&rsquo;autre multicolore, capturant le mouvement et la tradition de la danse flamenco. Dans la partie sup\u00e9rieure se distingue le mot \u00ab\u00a0SEVILLA\u00a0\u00bb, en faisant un souvenir distinctif qui refl\u00e8te le folklore andalou. Id\u00e9al pour les amoureux de la culture espagnole.<\/p>\n","protected":false},"featured_media":8811,"template":"","meta":{"_acf_changed":false},"product_brand":[],"product_cat":[779],"product_tag":[],"class_list":{"0":"post-27505","1":"product","2":"type-product","3":"status-publish","4":"has-post-thumbnail","6":"product_cat-decapsuleurs","7":"pa_ciudad-sevilla","8":"pa_motivo-danseurs","9":"pa_pais-espana","11":"first","12":"instock","13":"shipping-taxable","14":"product-type-simple"},"acf":[],"_links":{"self":[{"href":"https:\/\/olemosaic.com\/fr\/wp-json\/wp\/v2\/product\/27505","targetHints":{"allow":["GET"]}}],"collection":[{"href":"https:\/\/olemosaic.com\/fr\/wp-json\/wp\/v2\/product"}],"about":[{"href":"https:\/\/olemosaic.com\/fr\/wp-json\/wp\/v2\/types\/product"}],"wp:featuredmedia":[{"embeddable":true,"href":"https:\/\/olemosaic.com\/fr\/wp-json\/wp\/v2\/media\/8811"}],"wp:attachment":[{"href":"https:\/\/olemosaic.com\/fr\/wp-json\/wp\/v2\/media?parent=27505"}],"wp:term":[{"taxonomy":"product_brand","embeddable":true,"href":"https:\/\/olemosaic.com\/fr\/wp-json\/wp\/v2\/product_brand?post=27505"},{"taxonomy":"product_cat","embeddable":true,"href":"https:\/\/olemosaic.com\/fr\/wp-json\/wp\/v2\/product_cat?post=27505"},{"taxonomy":"product_tag","embeddable":true,"href":"https:\/\/olemosaic.com\/fr\/wp-json\/wp\/v2\/product_tag?post=27505"}],"curies":[{"name":"wp","href":"https:\/\/api.w.org\/{rel}","templated":true}]}}