{"id":27504,"date":"2025-02-20T22:29:19","date_gmt":"2025-02-20T22:29:19","guid":{"rendered":"http:\/\/olemosaic.com\/producto\/abridor-de-metal-bailaora-madrid-epoxy\/"},"modified":"2025-07-25T18:55:27","modified_gmt":"2025-07-25T16:55:27","slug":"decapsuleur-en-metal-danseuse-flamenco-madrid-epoxy","status":"publish","type":"product","link":"https:\/\/olemosaic.com\/fr\/produit\/decapsuleur-en-metal-danseuse-flamenco-madrid-epoxy\/","title":{"rendered":"D\u00e9capsuleur en m\u00e9tal. Danseuse de Flamenco. Madrid. \u00c9poxy."},"content":{"rendered":"<p>Ce d\u00e9capsuleur en m\u00e9tal, d\u00e9cor\u00e9 de deux danseuses de flamenco, est un v\u00e9ritable hommage \u00e0 la riche culture madril\u00e8ne. Avec un design vibrant et plein de vie, il se distingue par sa finition en \u00e9poxy, qui lui conf\u00e8re une texture douce et brillante. Il repr\u00e9sente deux charmantes danseuses : l&rsquo;une v\u00eatue d&rsquo;une robe rouge \u00e9clatante \u00e0 pois blancs et l&rsquo;autre d&rsquo;un costume multicolore qui refl\u00e8te l&rsquo;\u00e9nergie et la passion du flamenco. Cette repr\u00e9sentation exquise ne capture pas seulement l&rsquo;essence de la danse espagnole, mais sert \u00e9galement d&rsquo;\u00e9l\u00e9ment d\u00e9coratif attrayant pour n&rsquo;importe quel foyer. Dans la partie sup\u00e9rieure du d\u00e9capsuleur, le mot \u00ab\u00a0MADRID\u00a0\u00bb est \u00e9l\u00e9gamment imprim\u00e9, en faisant un souvenir charmant et fonctionnel qui \u00e9voque la capitale espagnole.<\/p>\n<p>En plus d&rsquo;\u00eatre un accessoire pratique, le d\u00e9capsuleur c\u00e9l\u00e8bre l&rsquo;art du flamenco, symbole du patrimoine culturel espagnol. C&rsquo;est un souvenir id\u00e9al pour les touristes et les visiteurs qui cherchent \u00e0 emporter un morceau de la vibrante culture madril\u00e8ne. Chez Ol\u00e9 Mosaic, nous distribuons des souvenirs de qualit\u00e9, et ce d\u00e9capsuleur en m\u00e9tal est une excellente option pour les boutiques de souvenirs touristiques qui cherchent \u00e0 offrir des produits authentiques et repr\u00e9sentatifs. En tant que grossistes de souvenirs, nous garantissons l&rsquo;authenticit\u00e9 et la valeur culturelle de chaque pi\u00e8ce que nous proposons, assurant une connexion durable avec la tradition espagnole.<\/p>\n","protected":false},"excerpt":{"rendered":"<p>D\u00e9capsuleur m\u00e9tallique d\u00e9cor\u00e9 de deux danseuses de flamenco, inspir\u00e9 de la culture madril\u00e8ne. Ce d\u00e9capsuleur, avec une finition en \u00e9poxy, pr\u00e9sente un design vibrant et color\u00e9 : une danseuse porte une robe rouge \u00e0 pois blancs, tandis que l&rsquo;autre porte un costume multicolore, refl\u00e9tant l&rsquo;\u00e9nergie du flamenco. Dans la partie sup\u00e9rieure du d\u00e9capsuleur appara\u00eet le mot \u00ab\u00a0MADRID\u00a0\u00bb, en faisant un souvenir charmant et pratique.<\/p>\n","protected":false},"featured_media":8810,"template":"","meta":{"_acf_changed":false},"product_brand":[],"product_cat":[779],"product_tag":[],"class_list":{"0":"post-27504","1":"product","2":"type-product","3":"status-publish","4":"has-post-thumbnail","6":"product_cat-decapsuleurs","7":"pa_ciudad-madrid","8":"pa_motivo-danseurs","9":"pa_pais-espana","11":"first","12":"instock","13":"shipping-taxable","14":"product-type-simple"},"acf":[],"_links":{"self":[{"href":"https:\/\/olemosaic.com\/fr\/wp-json\/wp\/v2\/product\/27504","targetHints":{"allow":["GET"]}}],"collection":[{"href":"https:\/\/olemosaic.com\/fr\/wp-json\/wp\/v2\/product"}],"about":[{"href":"https:\/\/olemosaic.com\/fr\/wp-json\/wp\/v2\/types\/product"}],"wp:featuredmedia":[{"embeddable":true,"href":"https:\/\/olemosaic.com\/fr\/wp-json\/wp\/v2\/media\/8810"}],"wp:attachment":[{"href":"https:\/\/olemosaic.com\/fr\/wp-json\/wp\/v2\/media?parent=27504"}],"wp:term":[{"taxonomy":"product_brand","embeddable":true,"href":"https:\/\/olemosaic.com\/fr\/wp-json\/wp\/v2\/product_brand?post=27504"},{"taxonomy":"product_cat","embeddable":true,"href":"https:\/\/olemosaic.com\/fr\/wp-json\/wp\/v2\/product_cat?post=27504"},{"taxonomy":"product_tag","embeddable":true,"href":"https:\/\/olemosaic.com\/fr\/wp-json\/wp\/v2\/product_tag?post=27504"}],"curies":[{"name":"wp","href":"https:\/\/api.w.org\/{rel}","templated":true}]}}