{"id":27503,"date":"2025-02-20T23:29:19","date_gmt":"2025-02-20T22:29:19","guid":{"rendered":"http:\/\/olemosaic.com\/producto\/abridor-de-metal-toro-sevilla-epoxy-2\/"},"modified":"2025-07-25T20:22:33","modified_gmt":"2025-07-25T18:22:33","slug":"decapsuleur-en-metal-taureau-seville-epoxy","status":"publish","type":"product","link":"https:\/\/olemosaic.com\/fr\/produit\/decapsuleur-en-metal-taureau-seville-epoxy\/","title":{"rendered":"D\u00e9capsuleur en m\u00e9tal. Taureau. S\u00e9ville. Flamenco. \u00c9poxy."},"content":{"rendered":"<p>Ce d\u00e9capsuleur m\u00e9tallique, avec un design vibrant de taureau, est un souvenir unique qui capture l&rsquo;essence de S\u00e9ville, embl\u00e8me culturel de l&rsquo;Andalousie. La pi\u00e8ce est orn\u00e9e d&rsquo;un motif color\u00e9 en r\u00e9sine \u00e9poxy, qui surprend par sa repr\u00e9sentation g\u00e9om\u00e9trique du taureau, utilisant une palette de rouges, verts, bleus et jaunes qui \u00e9voquent la joie et le dynamisme de la tradition espagnole. Dans la partie sup\u00e9rieure, le nom \u00ab\u00a0SEVILLA\u00a0\u00bb est pr\u00e9sent\u00e9 avec un style clair, ajoutant une touche distinctive qui souligne la provenance du produit.<\/p>\n<p>Ce d\u00e9capsuleur pratique n&rsquo;est pas seulement un ustensile fonctionnel pour profiter de vos boissons pr\u00e9f\u00e9r\u00e9es, mais aussi une petite \u0153uvre d&rsquo;art qui rend hommage \u00e0 la symbologie du taureau dans la culture espagnole, particuli\u00e8rement en Andalousie, o\u00f9 les corridas font partie int\u00e9grante du folklore local. Le design en \u00e9poxy apporte non seulement de la durabilit\u00e9, mais ajoute \u00e9galement un \u00e9clat vibrant qui en fait un excellent \u00e9l\u00e9ment d\u00e9coratif pour n&rsquo;importe quel foyer.<\/p>\n<p>Chez Ol\u00e9 Mosaic, nous sommes sp\u00e9cialis\u00e9s dans la distribution de souvenirs en gros, et ce d\u00e9capsuleur taureau est une option id\u00e9ale pour les boutiques de souvenirs touristiques qui recherchent des produits uniques et repr\u00e9sentatifs de la culture andalouse. Offrir ou acqu\u00e9rir ce d\u00e9capsuleur, c&rsquo;est emporter un morceau de S\u00e9ville \u00e0 chaque toast, un souvenir authentique qui connecte les touristes au riche h\u00e9ritage culturel de cette r\u00e9gion captivante.<\/p>\n","protected":false},"excerpt":{"rendered":"<p>D\u00e9capsuleur m\u00e9tallique avec un design vibrant de taureau, repr\u00e9sentant l&rsquo;essence de S\u00e9ville. Ce d\u00e9capsuleur pratique est orn\u00e9 d&rsquo;un motif color\u00e9 en \u00e9poxy montrant un taureau aux formes g\u00e9om\u00e9triques dans des tons rouges, verts, bleus et jaunes. Avec le nom \u00ab\u00a0SEVILLA\u00a0\u00bb imprim\u00e9 sur la partie sup\u00e9rieure, c&rsquo;est un souvenir id\u00e9al qui combine fonctionnalit\u00e9 et art, parfait pour se souvenir de la culture andalouse \u00e0 chaque utilisation.<\/p>\n","protected":false},"featured_media":7117,"template":"","meta":{"_acf_changed":false},"product_brand":[],"product_cat":[779],"product_tag":[530],"class_list":{"0":"post-27503","1":"product","2":"type-product","3":"status-publish","4":"has-post-thumbnail","6":"product_cat-decapsuleurs","7":"product_tag-animaux","8":"pa_ciudad-sevilla","9":"pa_motivo-taureaux","10":"pa_pais-espana","12":"first","13":"instock","14":"shipping-taxable","15":"product-type-simple"},"acf":[],"_links":{"self":[{"href":"https:\/\/olemosaic.com\/fr\/wp-json\/wp\/v2\/product\/27503","targetHints":{"allow":["GET"]}}],"collection":[{"href":"https:\/\/olemosaic.com\/fr\/wp-json\/wp\/v2\/product"}],"about":[{"href":"https:\/\/olemosaic.com\/fr\/wp-json\/wp\/v2\/types\/product"}],"wp:featuredmedia":[{"embeddable":true,"href":"https:\/\/olemosaic.com\/fr\/wp-json\/wp\/v2\/media\/7117"}],"wp:attachment":[{"href":"https:\/\/olemosaic.com\/fr\/wp-json\/wp\/v2\/media?parent=27503"}],"wp:term":[{"taxonomy":"product_brand","embeddable":true,"href":"https:\/\/olemosaic.com\/fr\/wp-json\/wp\/v2\/product_brand?post=27503"},{"taxonomy":"product_cat","embeddable":true,"href":"https:\/\/olemosaic.com\/fr\/wp-json\/wp\/v2\/product_cat?post=27503"},{"taxonomy":"product_tag","embeddable":true,"href":"https:\/\/olemosaic.com\/fr\/wp-json\/wp\/v2\/product_tag?post=27503"}],"curies":[{"name":"wp","href":"https:\/\/api.w.org\/{rel}","templated":true}]}}