{"id":27502,"date":"2025-02-20T22:29:19","date_gmt":"2025-02-20T22:29:19","guid":{"rendered":"http:\/\/olemosaic.com\/producto\/abridor-de-metal-gallo-epoxy\/"},"modified":"2025-07-25T20:32:08","modified_gmt":"2025-07-25T18:32:08","slug":"decapsuleur-en-metal-coq-epoxy","status":"publish","type":"product","link":"https:\/\/olemosaic.com\/fr\/produit\/decapsuleur-en-metal-coq-epoxy\/","title":{"rendered":"D\u00e9capsuleur en m\u00e9tal. Coq. \u00c9poxy."},"content":{"rendered":"<p>Ce d\u00e9capsuleur m\u00e9tallique au design vibrant de coq est un bijou d\u00e9coratif et fonctionnel qui capture l&rsquo;essence du riche patrimoine culturel portugais. Fabriqu\u00e9 avec des mat\u00e9riaux de haute qualit\u00e9 et une finition en \u00e9poxy, il pr\u00e9sente un style mosa\u00efque color\u00e9 qui r\u00e9interpr\u00e8te la c\u00e9l\u00e8bre tradition artistique portugaise. Ce coq, embl\u00e8me de chance et de joie dans la culture portugaise, est finement d\u00e9taill\u00e9 dans une vari\u00e9t\u00e9 de couleurs intenses qui cr\u00e9ent un effet visuel captivant, en faisant un accessoire de choix tant \u00e0 la maison que lors d&rsquo;\u00e9v\u00e9nements sociaux.<\/p>\n<p>Le design montre un coq en pleine parade, avec des formes g\u00e9om\u00e9triques \u00e9voquant l&rsquo;art de l&rsquo;azulejo, l&rsquo;un des symboles les plus reconnaissables de l&rsquo;esth\u00e9tique portugaise. Sa forme ergonomique assure non seulement une ouverture efficace des bouteilles, mais sert \u00e9galement d&rsquo;\u00e9l\u00e9ment d\u00e9coratif sur n&rsquo;importe quelle table ou bar. Ce d\u00e9capsuleur m\u00e9tallique est plus qu&rsquo;un simple ustensile : c&rsquo;est un souvenir authentique et repr\u00e9sentatif de la culture portugaise, id\u00e9al pour les touristes qui souhaitent ramener chez eux un morceau de l&rsquo;\u00e2me du Portugal.<\/p>\n<p>Chez Ol\u00e9 Mosaic, nous nous engageons dans la distribution de souvenirs qui c\u00e9l\u00e8brent la richesse de la tradition culturelle. Ce d\u00e9capsuleur m\u00e9tallique au design de coq est une excellente option pour les boutiques de souvenirs touristiques qui souhaitent offrir \u00e0 leurs clients des produits uniques et pleins de sens. En tant que grossistes d&rsquo;articles de d\u00e9coration, nous garantissons l&rsquo;authenticit\u00e9 et la qualit\u00e9 de chacun de nos souvenirs.<\/p>\n","protected":false},"excerpt":{"rendered":"<p>D\u00e9capsuleur m\u00e9tallique avec un design vibrant de coq, \u00e9labor\u00e9 en r\u00e9sine \u00e9poxy. Cet article pratique et d\u00e9coratif se distingue par son style mosa\u00efque color\u00e9, qui \u00e9voque la riche tradition culturelle du Portugal. Le coq, symbole de chance et de joie, est finement d\u00e9taill\u00e9 dans une vari\u00e9t\u00e9 de couleurs intenses, cr\u00e9ant un effet visuel attrayant. Id\u00e9al pour ajouter une touche de folklore \u00e0 toute rencontre sociale, il combine fonctionnalit\u00e9 et design artistique frappant.<\/p>\n","protected":false},"featured_media":7122,"template":"","meta":{"_acf_changed":false},"product_brand":[],"product_cat":[779],"product_tag":[530],"class_list":{"0":"post-27502","1":"product","2":"type-product","3":"status-publish","4":"has-post-thumbnail","6":"product_cat-decapsuleurs","7":"product_tag-animaux","8":"pa_motivo-coqs","10":"first","11":"instock","12":"shipping-taxable","13":"product-type-simple"},"acf":[],"_links":{"self":[{"href":"https:\/\/olemosaic.com\/fr\/wp-json\/wp\/v2\/product\/27502","targetHints":{"allow":["GET"]}}],"collection":[{"href":"https:\/\/olemosaic.com\/fr\/wp-json\/wp\/v2\/product"}],"about":[{"href":"https:\/\/olemosaic.com\/fr\/wp-json\/wp\/v2\/types\/product"}],"wp:featuredmedia":[{"embeddable":true,"href":"https:\/\/olemosaic.com\/fr\/wp-json\/wp\/v2\/media\/7122"}],"wp:attachment":[{"href":"https:\/\/olemosaic.com\/fr\/wp-json\/wp\/v2\/media?parent=27502"}],"wp:term":[{"taxonomy":"product_brand","embeddable":true,"href":"https:\/\/olemosaic.com\/fr\/wp-json\/wp\/v2\/product_brand?post=27502"},{"taxonomy":"product_cat","embeddable":true,"href":"https:\/\/olemosaic.com\/fr\/wp-json\/wp\/v2\/product_cat?post=27502"},{"taxonomy":"product_tag","embeddable":true,"href":"https:\/\/olemosaic.com\/fr\/wp-json\/wp\/v2\/product_tag?post=27502"}],"curies":[{"name":"wp","href":"https:\/\/api.w.org\/{rel}","templated":true}]}}