{"id":27501,"date":"2025-02-20T22:29:19","date_gmt":"2025-02-20T22:29:19","guid":{"rendered":"http:\/\/olemosaic.com\/producto\/abridor-de-metal-toro-epoxy\/"},"modified":"2025-07-25T18:36:52","modified_gmt":"2025-07-25T16:36:52","slug":"decapsuleur-en-metal-taureau-epoxy","status":"publish","type":"product","link":"https:\/\/olemosaic.com\/fr\/produit\/decapsuleur-en-metal-taureau-epoxy\/","title":{"rendered":"D\u00e9capsuleur en m\u00e9tal. Taureau. \u00c9poxy."},"content":{"rendered":"<p>Ce d\u00e9capsuleur m\u00e9tallique, avec son design vibrant de taureau, est un souvenir embl\u00e9matique de la riche culture espagnole, id\u00e9al pour ceux qui recherchent un souvenir fonctionnel et attrayant. \u00c9labor\u00e9 avec une technique d&rsquo;\u00e9poxy, le d\u00e9capsuleur pr\u00e9sente une illustration color\u00e9e du taureau qui \u00e9voque l&rsquo;art moderne et le folklore de l&rsquo;Espagne. Les formes g\u00e9om\u00e9triques aux tons rouges, bleus, verts et jaunes s&rsquo;entrelacent pour former une composition visuelle percutante qui capture l&rsquo;essence de l&rsquo;art populaire espagnol, \u00e9voquant la passion et la force du symbole le plus repr\u00e9sentatif du pays.<\/p>\n<p>Dans la partie sup\u00e9rieure du d\u00e9capsuleur, le mot \u00ab\u00a0ESPA\u00d1A\u00a0\u00bb se distingue, ajoutant une touche distinctive qui connecte les touristes \u00e0 leur exp\u00e9rience dans la p\u00e9ninsule. Le m\u00e9lange de couleurs vives fait non seulement de ce d\u00e9capsuleur une pi\u00e8ce d\u00e9corative id\u00e9ale, mais aussi un objet de conversation pour toute r\u00e9union sociale.<\/p>\n<p>Ol\u00e9 Mosaic est fier de proposer ce produit authentique, ce qui en fait un excellent article pour les boutiques de souvenirs touristiques \u00e0 la recherche de souvenirs m\u00e9morables. En tant que grossiste de souvenirs m\u00e9talliques, nous garantissons la qualit\u00e9 et la pertinence culturelle de chacun de nos produits, en veillant \u00e0 ce que chaque article raconte l&rsquo;histoire de son origine et c\u00e9l\u00e8bre la tradition espagnole. Ce d\u00e9capsuleur taureau est un choix exceptionnel, alliant fonctionnalit\u00e9 et esth\u00e9tique en un seul produit.<\/p>\n","protected":false},"excerpt":{"rendered":"<p>D\u00e9capsuleur m\u00e9tallique avec un design vibrant de taureau en technique \u00e9poxy, inspir\u00e9 de la riche culture espagnole. Ce d\u00e9capsuleur pr\u00e9sente une illustration color\u00e9e du taureau, avec des formes g\u00e9om\u00e9triques dans des tons rouges, bleus, verts et jaunes qui \u00e9voquent l&rsquo;art moderne et le folklore espagnol. Dans la partie sup\u00e9rieure, le mot \u00ab\u00a0ESPA\u00d1A\u00a0\u00bb ajoute une touche distinctive et attrayante. Id\u00e9al comme souvenir fonctionnel et d\u00e9coratif.<\/p>\n","protected":false},"featured_media":7113,"template":"","meta":{"_acf_changed":false},"product_brand":[],"product_cat":[779],"product_tag":[530],"class_list":{"0":"post-27501","1":"product","2":"type-product","3":"status-publish","4":"has-post-thumbnail","6":"product_cat-decapsuleurs","7":"product_tag-animaux","8":"pa_motivo-taureaux","10":"first","11":"instock","12":"shipping-taxable","13":"product-type-simple"},"acf":[],"_links":{"self":[{"href":"https:\/\/olemosaic.com\/fr\/wp-json\/wp\/v2\/product\/27501","targetHints":{"allow":["GET"]}}],"collection":[{"href":"https:\/\/olemosaic.com\/fr\/wp-json\/wp\/v2\/product"}],"about":[{"href":"https:\/\/olemosaic.com\/fr\/wp-json\/wp\/v2\/types\/product"}],"wp:featuredmedia":[{"embeddable":true,"href":"https:\/\/olemosaic.com\/fr\/wp-json\/wp\/v2\/media\/7113"}],"wp:attachment":[{"href":"https:\/\/olemosaic.com\/fr\/wp-json\/wp\/v2\/media?parent=27501"}],"wp:term":[{"taxonomy":"product_brand","embeddable":true,"href":"https:\/\/olemosaic.com\/fr\/wp-json\/wp\/v2\/product_brand?post=27501"},{"taxonomy":"product_cat","embeddable":true,"href":"https:\/\/olemosaic.com\/fr\/wp-json\/wp\/v2\/product_cat?post=27501"},{"taxonomy":"product_tag","embeddable":true,"href":"https:\/\/olemosaic.com\/fr\/wp-json\/wp\/v2\/product_tag?post=27501"}],"curies":[{"name":"wp","href":"https:\/\/api.w.org\/{rel}","templated":true}]}}