{"id":27485,"date":"2025-02-20T23:29:19","date_gmt":"2025-02-20T22:29:19","guid":{"rendered":"http:\/\/olemosaic.com\/producto\/abridor-de-metal-toro-madrid-epoxy-3\/"},"modified":"2025-07-25T19:46:53","modified_gmt":"2025-07-25T17:46:53","slug":"decapsuleur-metal-taureau-madrid-epoxy-3","status":"publish","type":"product","link":"https:\/\/olemosaic.com\/fr\/produit\/decapsuleur-metal-taureau-madrid-epoxy-3\/","title":{"rendered":"D\u00e9capsuleur en m\u00e9tal. Taureau. Madrid. Espagne. \u00c9poxy."},"content":{"rendered":"<p>Ce d\u00e9capsuleur m\u00e9tallique en forme de taureau est un souvenir vibrant et color\u00e9 de Madrid, parfait pour ceux qui recherchent des souvenirs authentiques repr\u00e9sentant la riche culture espagnole. Avec une finition en \u00e9poxy qui souligne sa palette de couleurs \u00e9clatantes, incluant des tons bleus, rouges, jaunes et verts, ce d\u00e9capsuleur allie fonctionnalit\u00e9 et design attrayant \u00e9voquant le folklore espagnol. La t\u00eate du taureau, symbole iconique de la tradition taurine et de l&rsquo;esprit de la p\u00e9ninsule ib\u00e9rique, est ing\u00e9nieusement int\u00e9gr\u00e9e au texte \u00ab MADRID \u00bb sur la partie sup\u00e9rieure, ce qui en fait un article \u00e0 la fois pratique et d\u00e9coratif. Son design en mosa\u00efque ne capte pas seulement l&rsquo;attention, mais offre \u00e9galement une valeur esth\u00e9tique, en faisant un excellent choix pour les admirateurs de l&rsquo;art populaire espagnol. Ce d\u00e9capsuleur n&rsquo;est pas seulement un ustensile utile pour ouvrir des bouteilles, il sert \u00e9galement d&rsquo;\u00e9l\u00e9ment pour engager la conversation lors de toute r\u00e9union, rappelant aux touristes la vie vibrante de la capitale espagnole. Chez Ol\u00e9 Mosaic, nous sommes distributeurs de souvenirs de qualit\u00e9, ce qui fait de ce d\u00e9capsuleur taureau un excellent cadeau pour les boutiques de cadeaux touristiques \u00e0 la recherche d&rsquo;articles authentiques de Madrid pour leurs clients.<\/p>\n","protected":false},"excerpt":{"rendered":"<p>D\u00e9capsuleur en m\u00e9tal en forme de taureau, repr\u00e9sentant un design vibrant et color\u00e9 caract\u00e9ristique de Madrid. Cet article d\u00e9coratif poss\u00e8de une finition en \u00e9poxy qui souligne sa palette de couleurs \u00e9clatantes, avec des tons bleus, rouges, jaunes et verts \u00e9voquant le folklore espagnol. La t\u00eate du taureau, symbole iconique de la culture espagnole, s&rsquo;int\u00e8gre au texte \u00ab MADRID \u00bb sur la partie sup\u00e9rieure, ce qui en fait le souvenir ou le cadeau parfait.<\/p>\n","protected":false},"featured_media":6536,"template":"","meta":{"_acf_changed":false},"product_brand":[],"product_cat":[779],"product_tag":[530],"class_list":{"0":"post-27485","1":"product","2":"type-product","3":"status-publish","4":"has-post-thumbnail","6":"product_cat-decapsuleurs","7":"product_tag-animaux","8":"pa_ciudad-madrid","9":"pa_motivo-taureaux","10":"pa_pais-espana","12":"first","13":"instock","14":"shipping-taxable","15":"product-type-simple"},"acf":[],"_links":{"self":[{"href":"https:\/\/olemosaic.com\/fr\/wp-json\/wp\/v2\/product\/27485","targetHints":{"allow":["GET"]}}],"collection":[{"href":"https:\/\/olemosaic.com\/fr\/wp-json\/wp\/v2\/product"}],"about":[{"href":"https:\/\/olemosaic.com\/fr\/wp-json\/wp\/v2\/types\/product"}],"wp:featuredmedia":[{"embeddable":true,"href":"https:\/\/olemosaic.com\/fr\/wp-json\/wp\/v2\/media\/6536"}],"wp:attachment":[{"href":"https:\/\/olemosaic.com\/fr\/wp-json\/wp\/v2\/media?parent=27485"}],"wp:term":[{"taxonomy":"product_brand","embeddable":true,"href":"https:\/\/olemosaic.com\/fr\/wp-json\/wp\/v2\/product_brand?post=27485"},{"taxonomy":"product_cat","embeddable":true,"href":"https:\/\/olemosaic.com\/fr\/wp-json\/wp\/v2\/product_cat?post=27485"},{"taxonomy":"product_tag","embeddable":true,"href":"https:\/\/olemosaic.com\/fr\/wp-json\/wp\/v2\/product_tag?post=27485"}],"curies":[{"name":"wp","href":"https:\/\/api.w.org\/{rel}","templated":true}]}}