{"id":27484,"date":"2025-02-20T23:29:19","date_gmt":"2025-02-20T22:29:19","guid":{"rendered":"http:\/\/olemosaic.com\/producto\/abridor-de-metal-toro-barcelona-pintado-a-mano-azul\/"},"modified":"2025-07-25T18:39:36","modified_gmt":"2025-07-25T16:39:36","slug":"decapsuleur-metal-taureau-barcelone-peint-main-bleu","status":"publish","type":"product","link":"https:\/\/olemosaic.com\/fr\/produit\/decapsuleur-metal-taureau-barcelone-peint-main-bleu\/","title":{"rendered":"D\u00e9capsuleur en m\u00e9tal. Taureau. Barcelone. Bleu"},"content":{"rendered":"<p>Ce d\u00e9capsuleur m\u00e9tallique en forme de taureau est un v\u00e9ritable hommage \u00e0 la riche culture taurine de Barcelone, id\u00e9al comme souvenir ou cadeau. Son design vibrant, peint \u00e0 la main, combine une vari\u00e9t\u00e9 de couleurs telles que le bleu, le rouge et le vert, faisant de chaque pi\u00e8ce une \u0153uvre unique qui souligne la passion et l&rsquo;art de la r\u00e9gion. La partie sup\u00e9rieure du d\u00e9capsuleur pr\u00e9sente l&rsquo;inscription \u00ab\u00a0Barcelone\u00a0\u00bb, ajoutant une touche distinctive qui \u00e9voque l&rsquo;identit\u00e9 de la ville.<\/p>\n<p>La partie inf\u00e9rieure du d\u00e9capsuleur est orn\u00e9e d&rsquo;une mosa\u00efque rappelant les traditions artistiques de l&rsquo;Espagne, int\u00e9grant des \u00e9l\u00e9ments visuels qui refl\u00e8tent l&rsquo;h\u00e9ritage culturel catalan. Ce d\u00e9capsuleur n&rsquo;est pas seulement un outil pratique pour ouvrir des bouteilles, il agit \u00e9galement comme une pi\u00e8ce d\u00e9corative qui peut \u00eatre expos\u00e9e dans n&rsquo;importe quelle maison, servant de souvenir significatif d&rsquo;une visite \u00e0 Barcelone.<\/p>\n<p>Chez Ol\u00e9 Mosaic, nous nous sp\u00e9cialisons dans la distribution en gros de souvenirs repr\u00e9sentatifs, offrant des produits authentiques et de haute qualit\u00e9 qui capturent l&rsquo;essence de chaque r\u00e9gion. Ce d\u00e9capsuleur taureau est une excellente option pour les boutiques de cadeaux touristiques souhaitant offrir \u00e0 leurs clients un morceau de culture et de tradition dans chaque article.<\/p>\n","protected":false},"excerpt":{"rendered":"<p>D\u00e9capsuleur m\u00e9tallique en forme de taureau avec un design vibrant et artisanal, peint \u00e0 la main. Ce d\u00e9capsuleur original, aux couleurs telles que le bleu, le rouge et le vert, repr\u00e9sente la riche culture taurine de Barcelone. La partie inf\u00e9rieure du d\u00e9capsuleur est orn\u00e9e d&rsquo;une mosa\u00efque \u00e9voquant la tradition artistique de la r\u00e9gion, tandis que la partie sup\u00e9rieure porte l&rsquo;inscription \u00ab\u00a0Barcelone\u00a0\u00bb, une touche distinctive et \u00e9vocatrice. Id\u00e9al comme souvenir ou cadeau.<\/p>\n","protected":false},"featured_media":11188,"template":"","meta":{"_acf_changed":false},"product_brand":[],"product_cat":[779],"product_tag":[530],"class_list":{"0":"post-27484","1":"product","2":"type-product","3":"status-publish","4":"has-post-thumbnail","6":"product_cat-decapsuleurs","7":"product_tag-animaux","8":"pa_ciudad-barcelona","9":"pa_motivo-taureaux","10":"pa_pais-espana","12":"first","13":"instock","14":"shipping-taxable","15":"product-type-simple"},"acf":[],"_links":{"self":[{"href":"https:\/\/olemosaic.com\/fr\/wp-json\/wp\/v2\/product\/27484","targetHints":{"allow":["GET"]}}],"collection":[{"href":"https:\/\/olemosaic.com\/fr\/wp-json\/wp\/v2\/product"}],"about":[{"href":"https:\/\/olemosaic.com\/fr\/wp-json\/wp\/v2\/types\/product"}],"wp:featuredmedia":[{"embeddable":true,"href":"https:\/\/olemosaic.com\/fr\/wp-json\/wp\/v2\/media\/11188"}],"wp:attachment":[{"href":"https:\/\/olemosaic.com\/fr\/wp-json\/wp\/v2\/media?parent=27484"}],"wp:term":[{"taxonomy":"product_brand","embeddable":true,"href":"https:\/\/olemosaic.com\/fr\/wp-json\/wp\/v2\/product_brand?post=27484"},{"taxonomy":"product_cat","embeddable":true,"href":"https:\/\/olemosaic.com\/fr\/wp-json\/wp\/v2\/product_cat?post=27484"},{"taxonomy":"product_tag","embeddable":true,"href":"https:\/\/olemosaic.com\/fr\/wp-json\/wp\/v2\/product_tag?post=27484"}],"curies":[{"name":"wp","href":"https:\/\/api.w.org\/{rel}","templated":true}]}}