{"id":27483,"date":"2025-02-20T23:29:18","date_gmt":"2025-02-20T22:29:18","guid":{"rendered":"http:\/\/olemosaic.com\/producto\/abridor-de-metal-salamandra-barcelona-pintado-a-mano-azul\/"},"modified":"2025-07-25T18:57:25","modified_gmt":"2025-07-25T16:57:25","slug":"decapsuleur-metal-salamandre-barcelone-peint-main-bleu","status":"publish","type":"product","link":"https:\/\/olemosaic.com\/fr\/produit\/decapsuleur-metal-salamandre-barcelone-peint-main-bleu\/","title":{"rendered":"D\u00e9capsuleur en m\u00e9tal. Salamandre. Barcelone. Bleu"},"content":{"rendered":"<p>Ce d\u00e9capsuleur m\u00e9tallique en forme de salamandre est un hommage vibrant \u00e0 la diversit\u00e9 culturelle de Barcelone. Avec un design peint \u00e0 la main dans une explosion de couleurs comprenant des tons bleus, verts et rouges, cet accessoire n&rsquo;est pas seulement fonctionnel, mais aussi une pi\u00e8ce d\u00e9corative captivante. La salamandre, symbole de cr\u00e9ativit\u00e9 et de transformation, \u00e9voque la c\u00e9l\u00e8bre \u0153uvre de Gaud\u00ed, dont les formes organiques et les mosa\u00efques color\u00e9es enrichissent l&rsquo;architecture de la ville. Sur le corps de la salamandre, le mot \u00ab\u00a0Barcelone\u00a0\u00bb est \u00e9l\u00e9gamment grav\u00e9, faisant de ce d\u00e9capsuleur un souvenir id\u00e9al pour ceux qui souhaitent emporter un petit morceau de la cit\u00e9 comtale.<\/p>\n<p>L&rsquo;\u00e9laboration artistique et les d\u00e9tails en mosa\u00efque refl\u00e8tent le style unique qui caract\u00e9rise les chefs-d&rsquo;\u0153uvre de Gaud\u00ed, faisant de ce d\u00e9capsuleur un souvenir authentique qui c\u00e9l\u00e8bre la richesse culturelle de Barcelone. C&rsquo;est un cadeau parfait pour les touristes et les amoureux de la ville \u00e0 la recherche d&rsquo;un produit alliant utilit\u00e9 et esth\u00e9tique.<\/p>\n<p>Chez Ol\u00e9 Mosaic, en tant que grossiste de souvenirs de Barcelone, nous proposons cette pi\u00e8ce exceptionnelle, id\u00e9ale pour les boutiques de cadeaux touristiques souhaitant offrir des produits repr\u00e9sentatifs et de qualit\u00e9. Ce d\u00e9capsuleur salamandre est un excellent ajout pour ceux qui appr\u00e9cient l&rsquo;authenticit\u00e9 et la cr\u00e9ativit\u00e9 dans leurs souvenirs de voyage.<\/p>\n","protected":false},"excerpt":{"rendered":"<p>D\u00e9capsuleur m\u00e9tallique en forme de salamandre, inspir\u00e9 par la diversit\u00e9 culturelle de Barcelone. Cet accessoire color\u00e9, au design artisanal peint \u00e0 la main dans des tons bleu, vert et rouge, pr\u00e9sente un design vibrant avec des d\u00e9tails de mosa\u00efque \u00e9voquant l&rsquo;architecture de Gaud\u00ed. Le mot \u00ab\u00a0Barcelone\u00a0\u00bb est grav\u00e9 sur le corps de la salamandre, ce qui en fait un souvenir parfait de la ville. Un article fonctionnel et d\u00e9coratif qui captivera les amoureux de la cit\u00e9 comtale.<\/p>\n","protected":false},"featured_media":11190,"template":"","meta":{"_acf_changed":false},"product_brand":[],"product_cat":[779],"product_tag":[530],"class_list":{"0":"post-27483","1":"product","2":"type-product","3":"status-publish","4":"has-post-thumbnail","6":"product_cat-decapsuleurs","7":"product_tag-animaux","8":"pa_ciudad-barcelona","9":"pa_motivo-salamandres","10":"pa_pais-espana","12":"first","13":"instock","14":"shipping-taxable","15":"product-type-simple"},"acf":[],"_links":{"self":[{"href":"https:\/\/olemosaic.com\/fr\/wp-json\/wp\/v2\/product\/27483","targetHints":{"allow":["GET"]}}],"collection":[{"href":"https:\/\/olemosaic.com\/fr\/wp-json\/wp\/v2\/product"}],"about":[{"href":"https:\/\/olemosaic.com\/fr\/wp-json\/wp\/v2\/types\/product"}],"wp:featuredmedia":[{"embeddable":true,"href":"https:\/\/olemosaic.com\/fr\/wp-json\/wp\/v2\/media\/11190"}],"wp:attachment":[{"href":"https:\/\/olemosaic.com\/fr\/wp-json\/wp\/v2\/media?parent=27483"}],"wp:term":[{"taxonomy":"product_brand","embeddable":true,"href":"https:\/\/olemosaic.com\/fr\/wp-json\/wp\/v2\/product_brand?post=27483"},{"taxonomy":"product_cat","embeddable":true,"href":"https:\/\/olemosaic.com\/fr\/wp-json\/wp\/v2\/product_cat?post=27483"},{"taxonomy":"product_tag","embeddable":true,"href":"https:\/\/olemosaic.com\/fr\/wp-json\/wp\/v2\/product_tag?post=27483"}],"curies":[{"name":"wp","href":"https:\/\/api.w.org\/{rel}","templated":true}]}}