{"id":27482,"date":"2025-02-20T22:29:18","date_gmt":"2025-02-20T22:29:18","guid":{"rendered":"http:\/\/olemosaic.com\/producto\/abridor-de-metal-bailaora-barcelona-epoxy\/"},"modified":"2025-07-25T18:36:53","modified_gmt":"2025-07-25T16:36:53","slug":"decapsuleur-metal-danseuse-flamenco-barcelone-epoxy","status":"publish","type":"product","link":"https:\/\/olemosaic.com\/fr\/produit\/decapsuleur-metal-danseuse-flamenco-barcelone-epoxy\/","title":{"rendered":"D\u00e9capsuleur en m\u00e9tal. Danseuse de Flamenco. Barcelone. \u00c9poxy."},"content":{"rendered":"<p>Ce d\u00e9capsuleur m\u00e9tallique avec le design d&rsquo;une danseuse de flamenco est une pi\u00e8ce unique qui capture l&rsquo;essence de la culture flamenco de Barcelone, devenant un cadeau id\u00e9al pour ceux qui recherchent un souvenir repr\u00e9sentatif de la ville. \u00c9labor\u00e9 avec une finition m\u00e9tallique de haute qualit\u00e9, ce d\u00e9capsuleur pr\u00e9sente une repr\u00e9sentation color\u00e9e d&rsquo;une danseuse en plein mouvement, v\u00eatue d&rsquo;un costume vibrant orn\u00e9 de motifs dans les tons rouges, verts et bleus. Les d\u00e9tails en \u00e9poxy qui d\u00e9corent la figure apportent notament un \u00e9clat exceptionnel, mais rehaussent \u00e9galement la richesse des couleurs, rendant le design visuellement percutant et attrayant.<\/p>\n<p>Au-dessus de la danseuse se d\u00e9tache le mot \u00ab\u00a0Barcelone\u00a0\u00bb, renfor\u00e7ant son lien avec la ville et sa culture. Ce d\u00e9capsuleur n&rsquo;est pas seulement un accessoire fonctionnel, il agit \u00e9galement comme un souvenir nostalgique et authentique de la tradition flamenco qui caract\u00e9rise Barcelone. C&rsquo;est un objet qui c\u00e9l\u00e8bre la joie et la vivacit\u00e9 de l&rsquo;art flamenco, devenant une excellente option pour les touristes souhaitant emporter un morceau de l&rsquo;histoire et de la culture catalane.<\/p>\n<p>Chez Ol\u00e9 Mosaic, nous sommes fiers de proposer des souvenirs de qualit\u00e9, et ce d\u00e9capsuleur m\u00e9tallique est un choix parfait pour les boutiques de cadeaux touristiques \u00e0 la recherche de produits authentiques et repr\u00e9sentatifs. Avec sa combinaison de design artistique et de fonctionnalit\u00e9, ce d\u00e9capsuleur se distingue comme un article essentiel pour ceux qui souhaitent se souvenir de leurs vacances \u00e0 Barcelone de mani\u00e8re sp\u00e9ciale.<\/p>\n","protected":false},"excerpt":{"rendered":"<p>D\u00e9capsuleur m\u00e9tallique avec le design d&rsquo;une danseuse de flamenco, inspir\u00e9 par la culture flamenco de Barcelone. Ce d\u00e9capsuleur original est d\u00e9cor\u00e9 d&rsquo;\u00e9l\u00e9ments en \u00e9poxy qui lui donnent une finition brillante et pr\u00e9sente une repr\u00e9sentation color\u00e9e d&rsquo;une danseuse v\u00eatue d&rsquo;un costume aux imprim\u00e9s vibrants dans les tons rouges, verts et bleus. Au-dessus de la figure, on peut lire \u00ab\u00a0Barcelone\u00a0\u00bb, ce qui en fait un souvenir id\u00e9al pour se souvenir de l&rsquo;essence de la ville.<\/p>\n","protected":false},"featured_media":6335,"template":"","meta":{"_acf_changed":false},"product_brand":[],"product_cat":[779],"product_tag":[],"class_list":{"0":"post-27482","1":"product","2":"type-product","3":"status-publish","4":"has-post-thumbnail","6":"product_cat-decapsuleurs","7":"pa_ciudad-barcelona","8":"pa_motivo-danseurs","9":"pa_pais-espana","11":"first","12":"instock","13":"shipping-taxable","14":"product-type-simple"},"acf":[],"_links":{"self":[{"href":"https:\/\/olemosaic.com\/fr\/wp-json\/wp\/v2\/product\/27482","targetHints":{"allow":["GET"]}}],"collection":[{"href":"https:\/\/olemosaic.com\/fr\/wp-json\/wp\/v2\/product"}],"about":[{"href":"https:\/\/olemosaic.com\/fr\/wp-json\/wp\/v2\/types\/product"}],"wp:featuredmedia":[{"embeddable":true,"href":"https:\/\/olemosaic.com\/fr\/wp-json\/wp\/v2\/media\/6335"}],"wp:attachment":[{"href":"https:\/\/olemosaic.com\/fr\/wp-json\/wp\/v2\/media?parent=27482"}],"wp:term":[{"taxonomy":"product_brand","embeddable":true,"href":"https:\/\/olemosaic.com\/fr\/wp-json\/wp\/v2\/product_brand?post=27482"},{"taxonomy":"product_cat","embeddable":true,"href":"https:\/\/olemosaic.com\/fr\/wp-json\/wp\/v2\/product_cat?post=27482"},{"taxonomy":"product_tag","embeddable":true,"href":"https:\/\/olemosaic.com\/fr\/wp-json\/wp\/v2\/product_tag?post=27482"}],"curies":[{"name":"wp","href":"https:\/\/api.w.org\/{rel}","templated":true}]}}