{"id":27481,"date":"2025-02-20T22:29:18","date_gmt":"2025-02-20T22:29:18","guid":{"rendered":"http:\/\/olemosaic.com\/producto\/abridor-de-metal-panoramica-barcelona-epoxy\/"},"modified":"2025-07-25T19:38:40","modified_gmt":"2025-07-25T17:38:40","slug":"decapsuleur-metal-panoramique-barcelone-epoxy","status":"publish","type":"product","link":"https:\/\/olemosaic.com\/fr\/produit\/decapsuleur-metal-panoramique-barcelone-epoxy\/","title":{"rendered":"D\u00e9capsuleur en m\u00e9tal. Panoramique. Barcelone. \u00c9poxy."},"content":{"rendered":"<p>Ce d\u00e9capsuleur m\u00e9tallique au design panoramique de Barcelone est une pi\u00e8ce unique qui allie fonctionnalit\u00e9 et art, id\u00e9ale pour se souvenir de votre visite dans cette ville vibrante. \u00c9labor\u00e9 avec la technique de la r\u00e9sine \u00e9poxy, il pr\u00e9sente une illustration impressionnante qui capture l&rsquo;essence moderniste de Barcelone, mettant en avant la Sagrada Familia avec ses tours majestueuses s&rsquo;\u00e9levant vers le ciel, symbole de l&rsquo;\u0153uvre remarquable d&rsquo;Antoni Gaud\u00ed. \u00c0 ses c\u00f4t\u00e9s, les mosa\u00efques color\u00e9es du Park G\u00fcell ajoutent une touche de joie et de cr\u00e9ativit\u00e9, refl\u00e9tant les couleurs et les formes distinctives qui caract\u00e9risent l&rsquo;\u0153uvre du c\u00e9l\u00e8bre architecte.<\/p>\n<p>Ce d\u00e9capsuleur n&rsquo;est pas seulement un outil pratique, mais aussi un souvenir attrayant de Barcelone qui \u00e9voque la richesse culturelle et architecturale de la ville. Son design visuellement percutant en fait un objet d\u00e9coratif parfait pour n&rsquo;importe quelle maison, tandis que sa fonctionnalit\u00e9 garantit qu&rsquo;il sera utilis\u00e9 fr\u00e9quemment. Chez Ol\u00e9 Mosaic, nous proposons ce d\u00e9capsuleur caract\u00e9ristique dans le cadre de notre collection de souvenirs en gros, offrant aux boutiques de cadeaux touristiques l&rsquo;opportunit\u00e9 de proposer des produits qui soulignent l&rsquo;authenticit\u00e9 et la valeur culturelle de Barcelone. Un souvenir qui, sans aucun doute, ravira les amoureux de la ville et de son art.<\/p>\n","protected":false},"excerpt":{"rendered":"<p>D\u00e9capsuleur m\u00e9tallique au design panoramique de Barcelone, orn\u00e9 d&rsquo;une illustration vibrante en technique \u00e9poxy. Ce d\u00e9capsuleur attrayant montre l&rsquo;iconique Sagrada Familia aux c\u00f4t\u00e9s des mosa\u00efques color\u00e9es du Parc G\u00fcell, mettant en valeur les couleurs et les formes distinctives de l&rsquo;\u0153uvre de Gaud\u00ed. Parfait pour les amoureux de Barcelone, ce souvenir allie fonctionnalit\u00e9 et design artistique capturant l&rsquo;essence moderniste de la ville.<\/p>\n","protected":false},"featured_media":7126,"template":"","meta":{"_acf_changed":false},"product_brand":[],"product_cat":[779],"product_tag":[],"class_list":{"0":"post-27481","1":"product","2":"type-product","3":"status-publish","4":"has-post-thumbnail","6":"product_cat-decapsuleurs","7":"pa_ciudad-barcelona","8":"pa_motivo-panoramas","9":"pa_pais-espana","11":"first","12":"instock","13":"shipping-taxable","14":"product-type-simple"},"acf":[],"_links":{"self":[{"href":"https:\/\/olemosaic.com\/fr\/wp-json\/wp\/v2\/product\/27481","targetHints":{"allow":["GET"]}}],"collection":[{"href":"https:\/\/olemosaic.com\/fr\/wp-json\/wp\/v2\/product"}],"about":[{"href":"https:\/\/olemosaic.com\/fr\/wp-json\/wp\/v2\/types\/product"}],"wp:featuredmedia":[{"embeddable":true,"href":"https:\/\/olemosaic.com\/fr\/wp-json\/wp\/v2\/media\/7126"}],"wp:attachment":[{"href":"https:\/\/olemosaic.com\/fr\/wp-json\/wp\/v2\/media?parent=27481"}],"wp:term":[{"taxonomy":"product_brand","embeddable":true,"href":"https:\/\/olemosaic.com\/fr\/wp-json\/wp\/v2\/product_brand?post=27481"},{"taxonomy":"product_cat","embeddable":true,"href":"https:\/\/olemosaic.com\/fr\/wp-json\/wp\/v2\/product_cat?post=27481"},{"taxonomy":"product_tag","embeddable":true,"href":"https:\/\/olemosaic.com\/fr\/wp-json\/wp\/v2\/product_tag?post=27481"}],"curies":[{"name":"wp","href":"https:\/\/api.w.org\/{rel}","templated":true}]}}