{"id":27470,"date":"2025-02-20T22:29:18","date_gmt":"2025-02-20T22:29:18","guid":{"rendered":"http:\/\/olemosaic.com\/producto\/abridor-de-metal-corazon-epoxy\/"},"modified":"2025-07-25T18:36:57","modified_gmt":"2025-07-25T16:36:57","slug":"decapsuleur-metal-coeur-epoxy","status":"publish","type":"product","link":"https:\/\/olemosaic.com\/fr\/produit\/decapsuleur-metal-coeur-epoxy\/","title":{"rendered":"D\u00e9capsuleur en m\u00e9tal. C\u0153ur. \u00c9poxy."},"content":{"rendered":"<p>Ce d\u00e9capsuleur m\u00e9tallique au design en \u00e9poxy pr\u00e9sente un c\u0153ur color\u00e9 qui rend hommage \u00e0 la vibrante culture espagnole. Sa forme distinctive, mise en valeur au centre, est orn\u00e9e d&rsquo;une mosa\u00efque combinant des tons \u00e9blouissants de bleu, rouge, jaune et vert, \u00e9voquant la tradition artistique d&rsquo;\u0153uvres iconiques, comme celles du c\u00e9l\u00e8bre architecte Antoni Gaud\u00ed. Chaque d\u00e9tail de la mosa\u00efque est m\u00e9ticuleusement con\u00e7u, cr\u00e9ant un effet visuel qui capture l&rsquo;essence de l&rsquo;art moderniste catalan et invite \u00e0 revivre des moments m\u00e9morables \u00e0 chaque utilisation.<\/p>\n<p>Fabriqu\u00e9 en m\u00e9tal, ce d\u00e9capsuleur n&rsquo;est pas seulement pratique, il apporte \u00e9galement une touche artistique et color\u00e9e \u00e0 toute r\u00e9union ou c\u00e9l\u00e9bration. Son design a \u00e9t\u00e9 con\u00e7u pour \u00eatre fonctionnel sans sacrifier l&rsquo;esth\u00e9tique, transformant une t\u00e2che quotidienne en une exp\u00e9rience qui refl\u00e8te la chaleur et la cr\u00e9ativit\u00e9 espagnoles. La partie inf\u00e9rieure en forme de c\u0153ur symbolise l&rsquo;amour et la passion pour la vie, caract\u00e9ristiques intrins\u00e8ques de la culture espagnole.<\/p>\n<p>En tant que souvenir authentique repr\u00e9sentant la richesse de l&rsquo;art et de la tradition de l&rsquo;Espagne, ce d\u00e9capsuleur est une excellente option pour les touristes cherchant \u00e0 emporter un morceau de la culture locale. Chez Ol\u00e9 Mosaic, nous sommes distributeurs de souvenirs en gros et proposons des produits uniques comme ce d\u00e9capsuleur en forme de c\u0153ur, id\u00e9al pour les boutiques souhaitant offrir des articles repr\u00e9sentatifs li\u00e9s \u00e0 l&rsquo;histoire et au folklore de la r\u00e9gion. C&rsquo;est un cadeau id\u00e9al qui allie fonctionnalit\u00e9 et art, parfait pour ceux qui appr\u00e9cient les souvenirs authentiques d&rsquo;Espagne.<\/p>\n","protected":false},"excerpt":{"rendered":"<p>D\u00e9capsuleur m\u00e9tallique avec un design en \u00e9poxy pr\u00e9sentant un c\u0153ur color\u00e9, inspir\u00e9 de la vibrante culture espagnole. Ce d\u00e9capsuleur pratique se distingue par sa forme centrale distinctive, d\u00e9cor\u00e9e d&rsquo;une mosa\u00efque aux tons bleus, rouges, jaunes et verts, \u00e9voquant la tradition artistique d&rsquo;\u0153uvres comme celles de Gaud\u00ed. Id\u00e9al pour ajouter une touche artistique \u00e0 toute r\u00e9union, il allie fonctionnalit\u00e9 et esth\u00e9tique attrayante.<\/p>\n","protected":false},"featured_media":8688,"template":"","meta":{"_acf_changed":false},"product_brand":[],"product_cat":[779],"product_tag":[],"class_list":{"0":"post-27470","1":"product","2":"type-product","3":"status-publish","4":"has-post-thumbnail","6":"product_cat-decapsuleurs","7":"pa_motivo-coeurs","9":"first","10":"instock","11":"shipping-taxable","12":"product-type-simple"},"acf":[],"_links":{"self":[{"href":"https:\/\/olemosaic.com\/fr\/wp-json\/wp\/v2\/product\/27470","targetHints":{"allow":["GET"]}}],"collection":[{"href":"https:\/\/olemosaic.com\/fr\/wp-json\/wp\/v2\/product"}],"about":[{"href":"https:\/\/olemosaic.com\/fr\/wp-json\/wp\/v2\/types\/product"}],"wp:featuredmedia":[{"embeddable":true,"href":"https:\/\/olemosaic.com\/fr\/wp-json\/wp\/v2\/media\/8688"}],"wp:attachment":[{"href":"https:\/\/olemosaic.com\/fr\/wp-json\/wp\/v2\/media?parent=27470"}],"wp:term":[{"taxonomy":"product_brand","embeddable":true,"href":"https:\/\/olemosaic.com\/fr\/wp-json\/wp\/v2\/product_brand?post=27470"},{"taxonomy":"product_cat","embeddable":true,"href":"https:\/\/olemosaic.com\/fr\/wp-json\/wp\/v2\/product_cat?post=27470"},{"taxonomy":"product_tag","embeddable":true,"href":"https:\/\/olemosaic.com\/fr\/wp-json\/wp\/v2\/product_tag?post=27470"}],"curies":[{"name":"wp","href":"https:\/\/api.w.org\/{rel}","templated":true}]}}