{"id":27469,"date":"2025-02-20T23:29:18","date_gmt":"2025-02-20T22:29:18","guid":{"rendered":"http:\/\/olemosaic.com\/producto\/abridor-de-metal-toro-madrid-epoxy-2\/"},"modified":"2025-07-25T18:39:32","modified_gmt":"2025-07-25T16:39:32","slug":"decapsuleur-metal-taureau-mosaique-madrid-epoxy","status":"publish","type":"product","link":"https:\/\/olemosaic.com\/fr\/produit\/decapsuleur-metal-taureau-mosaique-madrid-epoxy\/","title":{"rendered":"D\u00e9capsuleur en m\u00e9tal. Taureau. Mosa\u00efque. Madrid. \u00c9poxy."},"content":{"rendered":"<p>Ce d\u00e9capsuleur m\u00e9tallique, arborant le design de l&rsquo;iconique taureau de Madrid, est une pi\u00e8ce unique qui fusionne fonctionnalit\u00e9 et art. Sa structure robuste en m\u00e9tal garantit la durabilit\u00e9, tandis que le taureau, \u00e9labor\u00e9 avec une technique color\u00e9e d&rsquo;\u00e9poxy, attire le regard en simulant une mosa\u00efque vibrante qui \u00e9voque la f\u00eate et la tradition espagnoles. Le design artistique pr\u00e9sente le taureau dans une explosion de tons intenses \u2013 rouge, bleu, vert et jaune \u2013, \u00e9voquant non seulement la culture espagnole, mais aussi la figure embl\u00e9matique du taureau de combat, symbole de force et de courage.<\/p>\n<p>La partie sup\u00e9rieure du d\u00e9capsuleur inclut le mot \u00ab\u00a0MADRID\u00a0\u00bb, ajoutant une touche suppl\u00e9mentaire d&rsquo;authenticit\u00e9 et de connexion avec la capitale. Cet accessoire pratique n&rsquo;est pas seulement essentiel pour ouvrir des bouteilles, il devient aussi un objet d\u00e9coratif qui apporte une touche artistique \u00e0 n&rsquo;importe quel foyer, constituant un souvenir indispensable pour ceux qui visitent la ville. Id\u00e9al pour les touristes \u00e0 la recherche de souvenirs repr\u00e9sentatifs de Madrid, ce d\u00e9capsuleur en forme de taureau est une excellente option pour les boutiques de cadeaux touristiques souhaitant proposer des produits de qualit\u00e9 avec un lien culturel fort. Chez Ol\u00e9 Mosaic, nous sommes distributeurs de souvenirs authentiques et color\u00e9s, parfaits pour satisfaire tout client \u00e0 la recherche de l&rsquo;essence de l&rsquo;Espagne.<\/p>\n","protected":false},"excerpt":{"rendered":"<p>D\u00e9capsuleur m\u00e9tallique avec le design de l&rsquo;iconique taureau de Madrid, d\u00e9cor\u00e9 d&rsquo;une technique color\u00e9e d&rsquo;\u00e9poxy simulant une mosa\u00efque vibrante. Ce d\u00e9capsuleur pratique n&rsquo;est pas seulement fonctionnel, il ajoute \u00e9galement une touche artistique \u00e0 n&rsquo;importe quel foyer. La figure du taureau se d\u00e9tache dans des tons intenses de rouge, bleu, vert et jaune, \u00e9voquant la riche culture et tradition de l&rsquo;Espagne, ce qui en fait un souvenir indispensable pour les amoureux de la ville.<\/p>\n","protected":false},"featured_media":7116,"template":"","meta":{"_acf_changed":false},"product_brand":[],"product_cat":[779],"product_tag":[530],"class_list":{"0":"post-27469","1":"product","2":"type-product","3":"status-publish","4":"has-post-thumbnail","6":"product_cat-decapsuleurs","7":"product_tag-animaux","8":"pa_ciudad-madrid","9":"pa_motivo-taureaux","10":"pa_pais-espana","12":"first","13":"instock","14":"shipping-taxable","15":"product-type-simple"},"acf":[],"_links":{"self":[{"href":"https:\/\/olemosaic.com\/fr\/wp-json\/wp\/v2\/product\/27469","targetHints":{"allow":["GET"]}}],"collection":[{"href":"https:\/\/olemosaic.com\/fr\/wp-json\/wp\/v2\/product"}],"about":[{"href":"https:\/\/olemosaic.com\/fr\/wp-json\/wp\/v2\/types\/product"}],"wp:featuredmedia":[{"embeddable":true,"href":"https:\/\/olemosaic.com\/fr\/wp-json\/wp\/v2\/media\/7116"}],"wp:attachment":[{"href":"https:\/\/olemosaic.com\/fr\/wp-json\/wp\/v2\/media?parent=27469"}],"wp:term":[{"taxonomy":"product_brand","embeddable":true,"href":"https:\/\/olemosaic.com\/fr\/wp-json\/wp\/v2\/product_brand?post=27469"},{"taxonomy":"product_cat","embeddable":true,"href":"https:\/\/olemosaic.com\/fr\/wp-json\/wp\/v2\/product_cat?post=27469"},{"taxonomy":"product_tag","embeddable":true,"href":"https:\/\/olemosaic.com\/fr\/wp-json\/wp\/v2\/product_tag?post=27469"}],"curies":[{"name":"wp","href":"https:\/\/api.w.org\/{rel}","templated":true}]}}