{"id":27468,"date":"2025-02-20T22:29:18","date_gmt":"2025-02-20T22:29:18","guid":{"rendered":"http:\/\/olemosaic.com\/producto\/abridor-de-metal-gato-epoxy\/"},"modified":"2025-07-25T18:39:33","modified_gmt":"2025-07-25T16:39:33","slug":"decapsuleur-metal-chat-epoxy","status":"publish","type":"product","link":"https:\/\/olemosaic.com\/fr\/produit\/decapsuleur-metal-chat-epoxy\/","title":{"rendered":"D\u00e9capsuleur en m\u00e9tal. Chat. \u00c9poxy."},"content":{"rendered":"<p>Ce d\u00e9capsuleur m\u00e9tallique, avec son design d\u00e9coratif de chat, est un souvenir vibrant qui capture l&rsquo;essence de l&rsquo;art de la mosa\u00efque, si caract\u00e9ristique de diverses r\u00e9gions espagnoles. Fabriqu\u00e9 en m\u00e9tal de haute qualit\u00e9, sa surface est orn\u00e9e d&rsquo;un design accrocheur pr\u00e9sentant un chat stylis\u00e9, \u00e9labor\u00e9 avec une finition en \u00e9poxy qui rehausse ses couleurs, o\u00f9 pr\u00e9dominent les tons verts, bleus, rouges et jaunes. L&rsquo;image du chat, avec ses grands yeux expressifs et ses contours fluides, \u00e9voque la joie et l&rsquo;esprit ludique souvent associ\u00e9s \u00e0 la vie quotidienne en Espagne.<\/p>\n<p>Ce d\u00e9capsuleur n&rsquo;est pas seulement un outil fonctionnel pour d\u00e9boucher des bouteilles, mais aussi une pi\u00e8ce d\u00e9corative qui peut \u00eatre expos\u00e9e dans les cuisines ou faire partie d&rsquo;un ensemble d&rsquo;ustensiles. Son esth\u00e9tique singuli\u00e8re en fait un cadeau parfait pour les amoureux des chats et un souvenir inoubliable des visites en Espagne, id\u00e9al pour ceux qui recherchent des souvenirs authentiques et repr\u00e9sentatifs de la culture locale.<\/p>\n<p>Chez Ol\u00e9 Mosaic, nous nous consacrons \u00e0 la distribution de souvenirs en gros, proposant des produits bas\u00e9s sur la riche tradition artistique espagnole. Ce d\u00e9capsuleur au design de chat est un excellent choix pour les boutiques de cadeaux touristiques, alliant fonctionnalit\u00e9 et attrait visuel. En tant que grossistes de souvenirs, nous garantissons la qualit\u00e9 et l&rsquo;authenticit\u00e9 de chaque produit, faisant de ce d\u00e9capsuleur une option id\u00e9ale pour se rem\u00e9morer les moments sp\u00e9ciaux de votre visite en Espagne.<\/p>\n","protected":false},"excerpt":{"rendered":"<p>D\u00e9capsuleur en m\u00e9tal d\u00e9cor\u00e9 d&rsquo;un design vibrant de chat, inspir\u00e9 du style mosa\u00efque qui caract\u00e9rise l&rsquo;art de diverses r\u00e9gions espagnoles. Le d\u00e9capsuleur est recouvert d&rsquo;\u00e9poxy, ce qui rehausse ses couleurs \u00e9clatantes, avec des verts, des bleus, des rouges et des jaunes cr\u00e9ant une image frappante et joyeuse. Parfait pour les amoureux des chats et un excellent souvenir \u00e0 rapporter d&rsquo;Espagne.<\/p>\n","protected":false},"featured_media":7125,"template":"","meta":{"_acf_changed":false},"product_brand":[],"product_cat":[779],"product_tag":[530],"class_list":{"0":"post-27468","1":"product","2":"type-product","3":"status-publish","4":"has-post-thumbnail","6":"product_cat-decapsuleurs","7":"product_tag-animaux","8":"pa_motivo-chats","10":"first","11":"instock","12":"shipping-taxable","13":"product-type-simple"},"acf":[],"_links":{"self":[{"href":"https:\/\/olemosaic.com\/fr\/wp-json\/wp\/v2\/product\/27468","targetHints":{"allow":["GET"]}}],"collection":[{"href":"https:\/\/olemosaic.com\/fr\/wp-json\/wp\/v2\/product"}],"about":[{"href":"https:\/\/olemosaic.com\/fr\/wp-json\/wp\/v2\/types\/product"}],"wp:featuredmedia":[{"embeddable":true,"href":"https:\/\/olemosaic.com\/fr\/wp-json\/wp\/v2\/media\/7125"}],"wp:attachment":[{"href":"https:\/\/olemosaic.com\/fr\/wp-json\/wp\/v2\/media?parent=27468"}],"wp:term":[{"taxonomy":"product_brand","embeddable":true,"href":"https:\/\/olemosaic.com\/fr\/wp-json\/wp\/v2\/product_brand?post=27468"},{"taxonomy":"product_cat","embeddable":true,"href":"https:\/\/olemosaic.com\/fr\/wp-json\/wp\/v2\/product_cat?post=27468"},{"taxonomy":"product_tag","embeddable":true,"href":"https:\/\/olemosaic.com\/fr\/wp-json\/wp\/v2\/product_tag?post=27468"}],"curies":[{"name":"wp","href":"https:\/\/api.w.org\/{rel}","templated":true}]}}