{"id":27467,"date":"2025-02-20T22:29:18","date_gmt":"2025-02-20T22:29:18","guid":{"rendered":"http:\/\/olemosaic.com\/producto\/abridor-de-metal-bailaora-sevilla-epoxy\/"},"modified":"2025-07-25T18:35:43","modified_gmt":"2025-07-25T16:35:43","slug":"decapsuleur-metal-danseuse-flamenco-seville-epoxy","status":"publish","type":"product","link":"https:\/\/olemosaic.com\/fr\/produit\/decapsuleur-metal-danseuse-flamenco-seville-epoxy\/","title":{"rendered":"D\u00e9capsuleur en m\u00e9tal. Danseuse de flamenco. S\u00e9ville. \u00c9poxy."},"content":{"rendered":"<p>Ce d\u00e9capsuleur m\u00e9tallique, arborant le design d&rsquo;une danseuse de flamenco, est un excellent souvenir de S\u00e9ville qui fusionne fonctionnalit\u00e9 et art en une seule pi\u00e8ce. Fabriqu\u00e9 en m\u00e9tal de haute qualit\u00e9 et fini avec une couche d&rsquo;\u00e9poxy attrayante, il se distingue par son illustration vibrante d&rsquo;une danseuse avec une robe aux formes g\u00e9om\u00e9triques \u00e9voquant le coloris et la cr\u00e9ativit\u00e9 de l&rsquo;art andalou. La figure, avec sa tenue dynamique et color\u00e9e, capture le mouvement et la passion du flamenco, une expression culturelle embl\u00e9matique de la r\u00e9gion.<\/p>\n<p>Sur la partie sup\u00e9rieure du d\u00e9capsuleur, le mot \u00ab\u00a0SEVILLA\u00a0\u00bb appara\u00eet en lettres pro\u00e9minentes, ajoutant une touche personnalis\u00e9e et authentique qui rehausse sa valeur en tant que souvenir. Ce d\u00e9capsuleur n&rsquo;est pas seulement utile pour ouvrir des bouteilles, mais sert \u00e9galement de bel objet d\u00e9coratif \u00e9voquant le riche h\u00e9ritage culturel de S\u00e9ville. La danseuse, embl\u00e8me du folklore local, repr\u00e9sente l&rsquo;esprit de la ville, invitant son possesseur \u00e0 s&rsquo;immerger dans la culture andalouse.<\/p>\n<p>Chez Ol\u00e9 Mosaic, nous nous sp\u00e9cialisons dans la distribution de souvenirs en gros, et ce d\u00e9capsuleur de danseuse de flamenco est une excellente option pour les boutiques de cadeaux touristiques \u00e0 la recherche d&rsquo;articles refl\u00e9tant l&rsquo;essence de S\u00e9ville. Ce souvenir est id\u00e9al pour les touristes en qu\u00eate de souvenirs authentiques et fonctionnels, encapsulant la joie et l&rsquo;art de l&rsquo;une des villes les plus embl\u00e9matiques d&rsquo;Espagne.<\/p>\n","protected":false},"excerpt":{"rendered":"<p>D\u00e9capsuleur m\u00e9tallique avec le design d&rsquo;une danseuse de flamenco, inspir\u00e9 de la culture s\u00e9villane. Cet attrayant d\u00e9capsuleur, fabriqu\u00e9 en m\u00e9tal et fini avec une couche d&rsquo;\u00e9poxy, repr\u00e9sente une danseuse avec une robe pleine de couleurs et de formes g\u00e9om\u00e9triques, \u00e9voquant l&rsquo;art andalou. Sur la partie sup\u00e9rieure, le mot \u00ab\u00a0SEVILLA\u00a0\u00bb se d\u00e9tache en lettres pro\u00e9minentes, faisant de cet article un souvenir parfait et fonctionnel qui c\u00e9l\u00e8bre le vibrant folklore s\u00e9villan.<\/p>\n","protected":false},"featured_media":6501,"template":"","meta":{"_acf_changed":false},"product_brand":[],"product_cat":[779],"product_tag":[],"class_list":{"0":"post-27467","1":"product","2":"type-product","3":"status-publish","4":"has-post-thumbnail","6":"product_cat-decapsuleurs","7":"pa_ciudad-sevilla","8":"pa_motivo-danseurs","9":"pa_pais-espana","11":"first","12":"instock","13":"shipping-taxable","14":"product-type-simple"},"acf":[],"_links":{"self":[{"href":"https:\/\/olemosaic.com\/fr\/wp-json\/wp\/v2\/product\/27467","targetHints":{"allow":["GET"]}}],"collection":[{"href":"https:\/\/olemosaic.com\/fr\/wp-json\/wp\/v2\/product"}],"about":[{"href":"https:\/\/olemosaic.com\/fr\/wp-json\/wp\/v2\/types\/product"}],"wp:featuredmedia":[{"embeddable":true,"href":"https:\/\/olemosaic.com\/fr\/wp-json\/wp\/v2\/media\/6501"}],"wp:attachment":[{"href":"https:\/\/olemosaic.com\/fr\/wp-json\/wp\/v2\/media?parent=27467"}],"wp:term":[{"taxonomy":"product_brand","embeddable":true,"href":"https:\/\/olemosaic.com\/fr\/wp-json\/wp\/v2\/product_brand?post=27467"},{"taxonomy":"product_cat","embeddable":true,"href":"https:\/\/olemosaic.com\/fr\/wp-json\/wp\/v2\/product_cat?post=27467"},{"taxonomy":"product_tag","embeddable":true,"href":"https:\/\/olemosaic.com\/fr\/wp-json\/wp\/v2\/product_tag?post=27467"}],"curies":[{"name":"wp","href":"https:\/\/api.w.org\/{rel}","templated":true}]}}