{"id":27466,"date":"2025-02-20T22:29:18","date_gmt":"2025-02-20T22:29:18","guid":{"rendered":"http:\/\/olemosaic.com\/producto\/abridor-de-metal-toro-madrid-epoxy\/"},"modified":"2025-07-25T18:34:32","modified_gmt":"2025-07-25T16:34:32","slug":"decapsuleur-metal-taureau-madrid-epoxy","status":"publish","type":"product","link":"https:\/\/olemosaic.com\/fr\/produit\/decapsuleur-metal-taureau-madrid-epoxy\/","title":{"rendered":"D\u00e9capsuleur en m\u00e9tal. Taureau. Madrid. \u00c9poxy."},"content":{"rendered":"<p>Ce d\u00e9capsuleur m\u00e9tallique au design de taureaux est un souvenir vibrant de Madrid qui capture la riche tradition taurine de l&rsquo;Espagne. Avec un style artistique \u00e9voquant la beaut\u00e9 d&rsquo;une mosa\u00efque, ce d\u00e9capsuleur pr\u00e9sente un jeu captivant de teintes rouges, bleues, vertes et jaunes, offrant une finition festive qui attire l&rsquo;attention. Dans la partie sup\u00e9rieure, le mot \u00ab\u00a0MADRID\u00a0\u00bb souligne le lien avec la ville embl\u00e9matique, \u00e9tablissant imm\u00e9diatement son identit\u00e9 culturelle.<\/p>\n<p>Le design, \u00e9labor\u00e9 avec de l&rsquo;\u00e9poxy, offre non seulement un aspect visuel attrayant, mais assure \u00e9galement la durabilit\u00e9 du produit, en faisant un objet fonctionnel et r\u00e9sistant pour un usage quotidien. La repr\u00e9sentation des deux taureaux, qui se dressent avec fiert\u00e9, symbolise la force et le caract\u00e8re du folklore madril\u00e8ne, faisant de ce d\u00e9capsuleur une pi\u00e8ce de conversation id\u00e9ale lors de toute r\u00e9union.<\/p>\n<p>Ce d\u00e9capsuleur est plus qu&rsquo;un simple ustensile : c&rsquo;est un souvenir authentique et repr\u00e9sentatif de la culture espagnole, parfait pour les touristes qui cherchent \u00e0 emporter un petit morceau de Madrid. Chez Ol\u00e9 Mosaic, en tant que grossistes de souvenirs de qualit\u00e9, ce d\u00e9capsuleur de taureaux devient une excellente option pour les boutiques de cadeaux touristiques souhaitant proposer des produits qui capturent l&rsquo;essence de la tradition espagnole.<\/p>\n","protected":false},"excerpt":{"rendered":"<p>D\u00e9capsuleur m\u00e9tallique avec un design de deux taureaux aux couleurs vibrantes, inspir\u00e9 de la culture madril\u00e8ne. Ce d\u00e9capsuleur, d\u00e9cor\u00e9 \u00e0 l&rsquo;\u00e9poxy, pr\u00e9sente un style artistique rappelant une mosa\u00efque, avec des tons rouges, bleus, verts et jaunes. Le mot \u00ab\u00a0MADRID\u00a0\u00bb se d\u00e9tache sur la partie sup\u00e9rieure, en r\u00e9f\u00e9rence \u00e0 la ville embl\u00e9matique. Un souvenir fonctionnel et attrayant qui repr\u00e9sente la tradition taurine espagnole.<\/p>\n","protected":false},"featured_media":8812,"template":"","meta":{"_acf_changed":false},"product_brand":[],"product_cat":[779],"product_tag":[530],"class_list":{"0":"post-27466","1":"product","2":"type-product","3":"status-publish","4":"has-post-thumbnail","6":"product_cat-decapsuleurs","7":"product_tag-animaux","8":"pa_ciudad-madrid","9":"pa_motivo-taureaux","10":"pa_pais-espana","12":"first","13":"instock","14":"shipping-taxable","15":"product-type-simple"},"acf":[],"_links":{"self":[{"href":"https:\/\/olemosaic.com\/fr\/wp-json\/wp\/v2\/product\/27466","targetHints":{"allow":["GET"]}}],"collection":[{"href":"https:\/\/olemosaic.com\/fr\/wp-json\/wp\/v2\/product"}],"about":[{"href":"https:\/\/olemosaic.com\/fr\/wp-json\/wp\/v2\/types\/product"}],"wp:featuredmedia":[{"embeddable":true,"href":"https:\/\/olemosaic.com\/fr\/wp-json\/wp\/v2\/media\/8812"}],"wp:attachment":[{"href":"https:\/\/olemosaic.com\/fr\/wp-json\/wp\/v2\/media?parent=27466"}],"wp:term":[{"taxonomy":"product_brand","embeddable":true,"href":"https:\/\/olemosaic.com\/fr\/wp-json\/wp\/v2\/product_brand?post=27466"},{"taxonomy":"product_cat","embeddable":true,"href":"https:\/\/olemosaic.com\/fr\/wp-json\/wp\/v2\/product_cat?post=27466"},{"taxonomy":"product_tag","embeddable":true,"href":"https:\/\/olemosaic.com\/fr\/wp-json\/wp\/v2\/product_tag?post=27466"}],"curies":[{"name":"wp","href":"https:\/\/api.w.org\/{rel}","templated":true}]}}