{"id":27455,"date":"2025-02-20T22:29:17","date_gmt":"2025-02-20T22:29:17","guid":{"rendered":"http:\/\/olemosaic.com\/producto\/abridor-de-metal-toro-sevilla-epoxy\/"},"modified":"2025-07-25T19:24:11","modified_gmt":"2025-07-25T17:24:11","slug":"decapsuleur-metal-taureau-seville-epoxy","status":"publish","type":"product","link":"https:\/\/olemosaic.com\/fr\/produit\/decapsuleur-metal-taureau-seville-epoxy\/","title":{"rendered":"D\u00e9capsuleur en m\u00e9tal. Taureau. S\u00e9ville. \u00c9poxy."},"content":{"rendered":"<p>Ce d\u00e9capsuleur m\u00e9tallique au design de taureaux est un v\u00e9ritable hommage \u00e0 la riche culture s\u00e9villane. \u00c9labor\u00e9 avec soin, sa finition vibrante en \u00e9poxy se distingue par la repr\u00e9sentation de deux taureaux aux couleurs vives, qui \u00e9voquent la tradition andalouse avec un style mosa\u00efque captivant. La partie sup\u00e9rieure du d\u00e9capsuleur pr\u00e9sente l&rsquo;inscription \u00ab S\u00e9ville \u00bb, ajoutant une touche personnalis\u00e9e qui renforce son identit\u00e9 culturelle. Ce n&rsquo;est pas seulement un outil pratique pour ouvrir des bouteilles, mais il fonctionne \u00e9galement comme un souvenir embl\u00e9matique attrayant qui capture l&rsquo;essence de l&rsquo;esprit andalou.<\/p>\n<p>Visuellement, le d\u00e9capsuleur se distingue par son design color\u00e9 et dynamique, o\u00f9 chaque ton raconte une partie de l&rsquo;histoire taurine de S\u00e9ville, ville c\u00e9l\u00e8bre pour ses corridas et ses festivals vibrants. Les d\u00e9tails artistiques de la mosa\u00efque offrent une fusion parfaite entre tradition et modernit\u00e9, en faisant le cadeau id\u00e9al pour les touristes qui cherchent \u00e0 ramener un petit morceau de S\u00e9ville. De plus, sa fonctionnalit\u00e9 quotidienne garantit que ce souvenir ne finira pas au fond d&rsquo;un tiroir, mais deviendra un rappel pratique que les utilisateurs appr\u00e9cieront \u00e0 la maison. Chez Ol\u00e9 Mosaic, nous sommes votre distributeur de souvenirs en gros et proposons des produits authentiques comme ce d\u00e9capsuleur de taureaux, id\u00e9al pour les boutiques de cadeaux touristiques qui appr\u00e9cient la qualit\u00e9 et la tradition dans leurs catalogues.<\/p>\n","protected":false},"excerpt":{"rendered":"<p>D\u00e9capsuleur m\u00e9tallique au design de taureaux inspir\u00e9 par la culture s\u00e9villane. Ce d\u00e9capsuleur attrayant pr\u00e9sente une finition vibrante en \u00e9poxy, o\u00f9 deux taureaux sont repr\u00e9sent\u00e9s avec des couleurs vives, soulignant un style mosa\u00efque qui \u00e9voque l&rsquo;art et la tradition de l&rsquo;Andalousie. La partie sup\u00e9rieure comprend l&rsquo;inscription \u00ab\u00a0S\u00e9ville\u00a0\u00bb, apportant une touche personnelle et distinctive. Id\u00e9al comme souvenir ou pour un usage quotidien, il allie fonctionnalit\u00e9 et design unique et culturel.<\/p>\n","protected":false},"featured_media":8813,"template":"","meta":{"_acf_changed":false},"product_brand":[],"product_cat":[779],"product_tag":[530],"class_list":{"0":"post-27455","1":"product","2":"type-product","3":"status-publish","4":"has-post-thumbnail","6":"product_cat-decapsuleurs","7":"product_tag-animaux","8":"pa_ciudad-sevilla","9":"pa_motivo-taureaux","10":"pa_pais-espana","12":"first","13":"instock","14":"shipping-taxable","15":"product-type-simple"},"acf":[],"_links":{"self":[{"href":"https:\/\/olemosaic.com\/fr\/wp-json\/wp\/v2\/product\/27455","targetHints":{"allow":["GET"]}}],"collection":[{"href":"https:\/\/olemosaic.com\/fr\/wp-json\/wp\/v2\/product"}],"about":[{"href":"https:\/\/olemosaic.com\/fr\/wp-json\/wp\/v2\/types\/product"}],"wp:featuredmedia":[{"embeddable":true,"href":"https:\/\/olemosaic.com\/fr\/wp-json\/wp\/v2\/media\/8813"}],"wp:attachment":[{"href":"https:\/\/olemosaic.com\/fr\/wp-json\/wp\/v2\/media?parent=27455"}],"wp:term":[{"taxonomy":"product_brand","embeddable":true,"href":"https:\/\/olemosaic.com\/fr\/wp-json\/wp\/v2\/product_brand?post=27455"},{"taxonomy":"product_cat","embeddable":true,"href":"https:\/\/olemosaic.com\/fr\/wp-json\/wp\/v2\/product_cat?post=27455"},{"taxonomy":"product_tag","embeddable":true,"href":"https:\/\/olemosaic.com\/fr\/wp-json\/wp\/v2\/product_tag?post=27455"}],"curies":[{"name":"wp","href":"https:\/\/api.w.org\/{rel}","templated":true}]}}