{"id":27454,"date":"2025-02-20T22:29:17","date_gmt":"2025-02-20T22:29:17","guid":{"rendered":"http:\/\/olemosaic.com\/producto\/abridor-de-metal-toro-barcelona-epoxy\/"},"modified":"2025-07-25T19:28:29","modified_gmt":"2025-07-25T17:28:29","slug":"decapsuleur-metal-taureau-barcelone-epoxy","status":"publish","type":"product","link":"https:\/\/olemosaic.com\/fr\/produit\/decapsuleur-metal-taureau-barcelone-epoxy\/","title":{"rendered":"D\u00e9capsuleur en m\u00e9tal. Taureau. Barcelone. \u00c9poxy."},"content":{"rendered":"<p>Ce d\u00e9capsuleur m\u00e9tallique au design de taureau est un souvenir vibrant et repr\u00e9sentatif de la culture espagnole, parfait pour ceux qui recherchent un lien authentique avec ses traditions. Inspir\u00e9 par la figure embl\u00e9matique du taureau, ce produit se distingue par son style de mosa\u00efque \u00e9labor\u00e9, qui d\u00e9ploie une explosion de couleurs intenses, telles que les bleus, rouges, jaunes et verts, rehauss\u00e9es par une finition ing\u00e9nieuse en \u00e9poxy qui offre un \u00e9clat attrayant et contemporain. Sur la partie sup\u00e9rieure du d\u00e9capsuleur, le mot \u00ab Barcelone \u00bb ajoute une touche d&rsquo;identit\u00e9 unique qui souligne son origine.<\/p>\n<p>Le design ne c\u00e9l\u00e8bre pas seulement la culture taurine espagnole, partie int\u00e9grante de son h\u00e9ritage depuis des si\u00e8cles, mais refl\u00e8te \u00e9galement la modernit\u00e9 et l&rsquo;art contemporain qui caract\u00e9risent Barcelone. Ce d\u00e9capsuleur est id\u00e9al pour les amateurs de gastronomie qui appr\u00e9cient un bon vin ou une bi\u00e8re, ce qui en fait un accessoire fonctionnel pour toute f\u00eate ou r\u00e9union. Chez Ol\u00e9 Mosaic, nous proposons ce d\u00e9capsuleur taureau dans le cadre de notre collection exclusive de souvenirs, garantissant l&rsquo;authenticit\u00e9 et la qualit\u00e9 de chaque pi\u00e8ce. C&rsquo;est une excellente option pour les boutiques de cadeaux touristiques \u00e0 la recherche d&rsquo;articles distinctifs et culturels, transformant chaque achat en un souvenir m\u00e9morable de Barcelone.<\/p>\n","protected":false},"excerpt":{"rendered":"<p>D\u00e9capsuleur m\u00e9tallique au design de taureau, inspir\u00e9 par la culture espagnole et repr\u00e9sent\u00e9 dans un style de mosa\u00efque vibrant. Ce produit pr\u00e9sente une finition ing\u00e9nieuse en \u00e9poxy qui rehausse les couleurs intenses de sa t\u00eate, avec des tons bleus, rouges, jaunes et verts, cr\u00e9ant une esth\u00e9tique attrayante et contemporaine. Sur la partie sup\u00e9rieure, le mot \u00ab\u00a0Barcelone\u00a0\u00bb est \u00e9l\u00e9gamment grav\u00e9, faisant de ce d\u00e9capsuleur un souvenir distinctif de la ville. Id\u00e9al pour les amateurs de gastronomie et de culture espagnole.<\/p>\n","protected":false},"featured_media":6332,"template":"","meta":{"_acf_changed":false},"product_brand":[],"product_cat":[779],"product_tag":[530],"class_list":{"0":"post-27454","1":"product","2":"type-product","3":"status-publish","4":"has-post-thumbnail","6":"product_cat-decapsuleurs","7":"product_tag-animaux","8":"pa_ciudad-barcelona","9":"pa_motivo-taureaux","10":"pa_pais-espana","12":"first","13":"instock","14":"shipping-taxable","15":"product-type-simple"},"acf":[],"_links":{"self":[{"href":"https:\/\/olemosaic.com\/fr\/wp-json\/wp\/v2\/product\/27454","targetHints":{"allow":["GET"]}}],"collection":[{"href":"https:\/\/olemosaic.com\/fr\/wp-json\/wp\/v2\/product"}],"about":[{"href":"https:\/\/olemosaic.com\/fr\/wp-json\/wp\/v2\/types\/product"}],"wp:featuredmedia":[{"embeddable":true,"href":"https:\/\/olemosaic.com\/fr\/wp-json\/wp\/v2\/media\/6332"}],"wp:attachment":[{"href":"https:\/\/olemosaic.com\/fr\/wp-json\/wp\/v2\/media?parent=27454"}],"wp:term":[{"taxonomy":"product_brand","embeddable":true,"href":"https:\/\/olemosaic.com\/fr\/wp-json\/wp\/v2\/product_brand?post=27454"},{"taxonomy":"product_cat","embeddable":true,"href":"https:\/\/olemosaic.com\/fr\/wp-json\/wp\/v2\/product_cat?post=27454"},{"taxonomy":"product_tag","embeddable":true,"href":"https:\/\/olemosaic.com\/fr\/wp-json\/wp\/v2\/product_tag?post=27454"}],"curies":[{"name":"wp","href":"https:\/\/api.w.org\/{rel}","templated":true}]}}