{"id":27453,"date":"2025-02-20T22:29:17","date_gmt":"2025-02-20T22:29:17","guid":{"rendered":"http:\/\/olemosaic.com\/producto\/abridor-de-metal-toro-madrid-epoxy-rojo\/"},"modified":"2025-07-25T20:22:16","modified_gmt":"2025-07-25T18:22:16","slug":"decapsuleur-metal-taureau-madrid-epoxy-rouge","status":"publish","type":"product","link":"https:\/\/olemosaic.com\/fr\/produit\/decapsuleur-metal-taureau-madrid-epoxy-rouge\/","title":{"rendered":"D\u00e9capsuleur en m\u00e9tal. Taureau. Madrid. \u00c9poxy. Rouge"},"content":{"rendered":"<p>Ce d\u00e9capsuleur m\u00e9tallique au design de taureau est un v\u00e9ritable symbole de la culture et de la tradition madril\u00e8nes. Avec une forme \u00e9l\u00e9gante qui fusionne fonctionnalit\u00e9 et art, ce souvenir pr\u00e9sente une figure de taureau color\u00e9e, d\u00e9cor\u00e9e d&rsquo;une finition vibrante en \u00e9poxy qui rehausse les tons rouges et jaunes, \u00e9voquant la force et la signification du taureau dans la tauromachie espagnole. La silhouette du taureau, stylis\u00e9e avec un design de mosa\u00efque, apporte une touche moderne, transformant cet objet quotidien en une pi\u00e8ce de conversation fascinante et un rappel visuel des racines culturelles de la ville.<\/p>\n<p>Le d\u00e9capsuleur n&rsquo;est pas seulement pratique, il repr\u00e9sente \u00e9galement un lien profond avec la tradition madril\u00e8ne, \u00e9tant un cadeau id\u00e9al pour ceux qui souhaitent emporter un petit morceau d&rsquo;Espagne. En ouvrant une bouteille, les utilisateurs se souviendront de la vivacit\u00e9 des f\u00eates traditionnelles et de la passion qui entoure la figure embl\u00e9matique du taureau.<\/p>\n<p>Chez Ol\u00e9 Mosaic, nous nous sp\u00e9cialisons dans la distribution de souvenirs en gros, et ce d\u00e9capsuleur taureau est une option parfaite pour les boutiques de cadeaux touristiques \u00e0 la recherche de produits authentiques et de qualit\u00e9. Sa pertinence culturelle et esth\u00e9tique en fait un excellent souvenir de Madrid, id\u00e9al pour les touristes \u00e0 la recherche de souvenirs repr\u00e9sentatifs et significatifs de leur visite.<\/p>\n","protected":false},"excerpt":{"rendered":"<p>D\u00e9capsuleur m\u00e9tallique au design de taureau, repr\u00e9sentant la culture et la tradition madril\u00e8ne. Ce d\u00e9capsuleur original est d\u00e9cor\u00e9 d&rsquo;une finition \u00e9poxy vibrante dans les tons rouges et jaunes, \u00e9voquant la force et le symbolisme du taureau dans la tauromachie espagnole. La figure du taureau est stylis\u00e9e avec un design de mosa\u00efque qui lui conf\u00e8re une touche moderne et artistique. Parfait comme souvenir ou cadeau, il allie fonctionnalit\u00e9 et un attrait visuel distinctif.<\/p>\n","protected":false},"featured_media":7120,"template":"","meta":{"_acf_changed":false},"product_brand":[],"product_cat":[779],"product_tag":[530],"class_list":{"0":"post-27453","1":"product","2":"type-product","3":"status-publish","4":"has-post-thumbnail","6":"product_cat-decapsuleurs","7":"product_tag-animaux","8":"pa_ciudad-madrid","9":"pa_motivo-taureaux","10":"pa_pais-espana","12":"first","13":"instock","14":"shipping-taxable","15":"product-type-simple"},"acf":[],"_links":{"self":[{"href":"https:\/\/olemosaic.com\/fr\/wp-json\/wp\/v2\/product\/27453","targetHints":{"allow":["GET"]}}],"collection":[{"href":"https:\/\/olemosaic.com\/fr\/wp-json\/wp\/v2\/product"}],"about":[{"href":"https:\/\/olemosaic.com\/fr\/wp-json\/wp\/v2\/types\/product"}],"wp:featuredmedia":[{"embeddable":true,"href":"https:\/\/olemosaic.com\/fr\/wp-json\/wp\/v2\/media\/7120"}],"wp:attachment":[{"href":"https:\/\/olemosaic.com\/fr\/wp-json\/wp\/v2\/media?parent=27453"}],"wp:term":[{"taxonomy":"product_brand","embeddable":true,"href":"https:\/\/olemosaic.com\/fr\/wp-json\/wp\/v2\/product_brand?post=27453"},{"taxonomy":"product_cat","embeddable":true,"href":"https:\/\/olemosaic.com\/fr\/wp-json\/wp\/v2\/product_cat?post=27453"},{"taxonomy":"product_tag","embeddable":true,"href":"https:\/\/olemosaic.com\/fr\/wp-json\/wp\/v2\/product_tag?post=27453"}],"curies":[{"name":"wp","href":"https:\/\/api.w.org\/{rel}","templated":true}]}}