{"id":27452,"date":"2025-02-20T23:29:17","date_gmt":"2025-02-20T22:29:17","guid":{"rendered":"http:\/\/olemosaic.com\/producto\/abridor-de-metal-salamandra-epoxy-2\/"},"modified":"2025-07-25T18:39:08","modified_gmt":"2025-07-25T16:39:08","slug":"decapsuleur-metal-salamandre-epoxy-2","status":"publish","type":"product","link":"https:\/\/olemosaic.com\/fr\/produit\/decapsuleur-metal-salamandre-epoxy-2\/","title":{"rendered":"D\u00e9capsuleur en m\u00e9tal. Salamandre. Barcelone. Catalogne. \u00c9poxy."},"content":{"rendered":"<p>Ce d\u00e9capsuleur m\u00e9tallique au design de salamandre est une pi\u00e8ce unique qui allie fonctionnalit\u00e9 et art, reflet de la riche biodiversit\u00e9 espagnole. Avec sa d\u00e9coration vibrante en \u00e9poxy, ce d\u00e9capsuleur est un hommage \u00e0 la faune color\u00e9e de la r\u00e9gion, pr\u00e9sentant une mosa\u00efque captivante de bleus, verts, jaunes et rouges. La forme de la salamandre, avec ses lignes stylis\u00e9es et ses d\u00e9tails m\u00e9ticuleusement \u00e9labor\u00e9s, \u00e9voque la connexion de l&rsquo;Espagne avec la nature et le symbolisme que ces animaux repr\u00e9sentent dans son folklore.<\/p>\n<p>Le d\u00e9capsuleur n&rsquo;est pas seulement pratique pour ouvrir des bouteilles, il devient \u00e9galement un souvenir attrayant, id\u00e9al pour ceux qui recherchent un rappel authentique et repr\u00e9sentatif de leur visite. Son design ludique et color\u00e9 se distingue dans n&rsquo;importe quelle collection et est parfait pour les amoureux de la culture et de la nature. Cet article capture l&rsquo;essence des souvenirs artisanaux, offrant aux touristes un moyen de ramener chez eux un morceau de la riche tradition espagnole.<\/p>\n<p>Chez Ol\u00e9 Mosaic, nous sommes distributeurs de souvenirs en gros, et ce d\u00e9capsuleur salamandre est une excellente option pour les boutiques de cadeaux touristiques \u00e0 la recherche d&rsquo;articles distinctifs et pleins de vie. En tant que grossistes, nous garantissons la qualit\u00e9 et l&rsquo;authenticit\u00e9 de nos produits, offrant des souvenirs qui c\u00e9l\u00e8brent l&rsquo;essence culturelle de l&rsquo;Espagne.<\/p>\n","protected":false},"excerpt":{"rendered":"<p>D\u00e9capsuleur en m\u00e9tal au design de salamandre d\u00e9cor\u00e9e \u00e0 l&rsquo;\u00e9poxy, repr\u00e9sentant la faune color\u00e9e de la r\u00e9gion. Ce d\u00e9capsuleur pratique allie fonctionnalit\u00e9 et art, avec une mosa\u00efque vibrante de bleus, verts, jaunes et rouges en forme de salamandre. Les d\u00e9tails soigneusement \u00e9labor\u00e9s soulignent son caract\u00e8re ludique, en faisant un souvenir attrayant inspir\u00e9 par la riche biodiversit\u00e9 espagnole, id\u00e9al pour tout amateur de nature et de culture.<\/p>\n","protected":false},"featured_media":6467,"template":"","meta":{"_acf_changed":false},"product_brand":[],"product_cat":[779],"product_tag":[530],"class_list":{"0":"post-27452","1":"product","2":"type-product","3":"status-publish","4":"has-post-thumbnail","6":"product_cat-decapsuleurs","7":"product_tag-animaux","8":"pa_motivo-salamandres","10":"first","11":"instock","12":"shipping-taxable","13":"product-type-simple"},"acf":[],"_links":{"self":[{"href":"https:\/\/olemosaic.com\/fr\/wp-json\/wp\/v2\/product\/27452","targetHints":{"allow":["GET"]}}],"collection":[{"href":"https:\/\/olemosaic.com\/fr\/wp-json\/wp\/v2\/product"}],"about":[{"href":"https:\/\/olemosaic.com\/fr\/wp-json\/wp\/v2\/types\/product"}],"wp:featuredmedia":[{"embeddable":true,"href":"https:\/\/olemosaic.com\/fr\/wp-json\/wp\/v2\/media\/6467"}],"wp:attachment":[{"href":"https:\/\/olemosaic.com\/fr\/wp-json\/wp\/v2\/media?parent=27452"}],"wp:term":[{"taxonomy":"product_brand","embeddable":true,"href":"https:\/\/olemosaic.com\/fr\/wp-json\/wp\/v2\/product_brand?post=27452"},{"taxonomy":"product_cat","embeddable":true,"href":"https:\/\/olemosaic.com\/fr\/wp-json\/wp\/v2\/product_cat?post=27452"},{"taxonomy":"product_tag","embeddable":true,"href":"https:\/\/olemosaic.com\/fr\/wp-json\/wp\/v2\/product_tag?post=27452"}],"curies":[{"name":"wp","href":"https:\/\/api.w.org\/{rel}","templated":true}]}}