{"id":27440,"date":"2025-02-20T22:29:17","date_gmt":"2025-02-20T22:29:17","guid":{"rendered":"http:\/\/olemosaic.com\/producto\/abridor-de-metal-salamandra-epoxy\/"},"modified":"2025-07-25T18:39:09","modified_gmt":"2025-07-25T16:39:09","slug":"decapsuleur-metal-salamandre-epoxy","status":"publish","type":"product","link":"https:\/\/olemosaic.com\/fr\/produit\/decapsuleur-metal-salamandre-epoxy\/","title":{"rendered":"D\u00e9capsuleur en m\u00e9tal. Salamandre. \u00c9poxy."},"content":{"rendered":"<p>Ce d\u00e9capsuleur m\u00e9tallique au design de salamandre est un souvenir authentique et vibrant, id\u00e9al pour ouvrir des bouteilles avec une touche sp\u00e9ciale et un style espagnol. Fabriqu\u00e9 en mat\u00e9riau \u00e9poxy, son design pr\u00e9sente une salamandre color\u00e9e qui se distingue par sa mosa\u00efque de tons bleus, verts, jaunes et rouges, \u00e9voquant les couleurs et l&rsquo;\u00e9nergie de l&rsquo;art espagnol. Au centre, le mot \u00ab ESPA\u00d1A \u00bb est subtilement int\u00e9gr\u00e9, r\u00e9affirmant son caract\u00e8re touristique et en faisant un souvenir id\u00e9al pour ceux qui visitent le pays. Avec un design ing\u00e9nieux qui combine fonctionnalit\u00e9 et attrait visuel, ce d\u00e9capsuleur est parfait non seulement pour un usage quotidien, mais aussi comme pi\u00e8ce d\u00e9corative qui captera l&rsquo;attention des amateurs de culture ib\u00e9rique et des collectionneurs de souvenirs. La salamandre, symbole de renouveau et de transformation dans diverses cultures, ajoute une signification culturelle suppl\u00e9mentaire, reliant ce souvenir aux traditions espagnoles. Chez Ol\u00e9 Mosaic, nous sommes distributeurs de souvenirs en gros, proposant des produits comme ce d\u00e9capsuleur m\u00e9tallique avec une touche artistique, id\u00e9al pour les boutiques de cadeaux touristiques qui cherchent \u00e0 offrir \u00e0 leurs clients des souvenirs authentiques et significatifs de l&rsquo;Espagne.<\/p>\n","protected":false},"excerpt":{"rendered":"<p>D\u00e9capsuleur m\u00e9tallique au design de salamandre, fabriqu\u00e9 en r\u00e9sine \u00e9poxy, id\u00e9al pour ouvrir des bouteilles avec style. Il pr\u00e9sente une repr\u00e9sentation color\u00e9e et vibrante d&rsquo;une salamandre, orn\u00e9e d&rsquo;une mosa\u00efque de tons bleus, verts, jaunes et rouges, qui \u00e9voque l&rsquo;art espagnol. Au centre, le mot \u00ab\u00a0ESPA\u00d1A\u00a0\u00bb renforce son caract\u00e8re touristique. Ce d\u00e9capsuleur original est \u00e0 la fois fonctionnel et d\u00e9coratif, parfait pour les collectionneurs et les amoureux de la culture ib\u00e9rique.<\/p>\n","protected":false},"featured_media":6477,"template":"","meta":{"_acf_changed":false},"product_brand":[],"product_cat":[779],"product_tag":[530],"class_list":{"0":"post-27440","1":"product","2":"type-product","3":"status-publish","4":"has-post-thumbnail","6":"product_cat-decapsuleurs","7":"product_tag-animaux","8":"pa_motivo-salamandres","10":"first","11":"instock","12":"shipping-taxable","13":"product-type-simple"},"acf":[],"_links":{"self":[{"href":"https:\/\/olemosaic.com\/fr\/wp-json\/wp\/v2\/product\/27440","targetHints":{"allow":["GET"]}}],"collection":[{"href":"https:\/\/olemosaic.com\/fr\/wp-json\/wp\/v2\/product"}],"about":[{"href":"https:\/\/olemosaic.com\/fr\/wp-json\/wp\/v2\/types\/product"}],"wp:featuredmedia":[{"embeddable":true,"href":"https:\/\/olemosaic.com\/fr\/wp-json\/wp\/v2\/media\/6477"}],"wp:attachment":[{"href":"https:\/\/olemosaic.com\/fr\/wp-json\/wp\/v2\/media?parent=27440"}],"wp:term":[{"taxonomy":"product_brand","embeddable":true,"href":"https:\/\/olemosaic.com\/fr\/wp-json\/wp\/v2\/product_brand?post=27440"},{"taxonomy":"product_cat","embeddable":true,"href":"https:\/\/olemosaic.com\/fr\/wp-json\/wp\/v2\/product_cat?post=27440"},{"taxonomy":"product_tag","embeddable":true,"href":"https:\/\/olemosaic.com\/fr\/wp-json\/wp\/v2\/product_tag?post=27440"}],"curies":[{"name":"wp","href":"https:\/\/api.w.org\/{rel}","templated":true}]}}