{"id":27439,"date":"2025-02-20T23:29:17","date_gmt":"2025-02-20T22:29:17","guid":{"rendered":"http:\/\/olemosaic.com\/producto\/abridor-de-metal-salamandra-epoxy-verde\/"},"modified":"2025-07-25T19:49:14","modified_gmt":"2025-07-25T17:49:14","slug":"decapsuleur-metal-salamandre-epoxy-vert","status":"publish","type":"product","link":"https:\/\/olemosaic.com\/fr\/produit\/decapsuleur-metal-salamandre-epoxy-vert\/","title":{"rendered":"D\u00e9capsuleur en m\u00e9tal. Salamandre. \u00c9poxy. Vert"},"content":{"rendered":"<p>Ce d\u00e9capsuleur m\u00e9tallique au design de salamandre est un magnifique exemple de l&rsquo;artisanat espagnol, id\u00e9al pour ceux qui recherchent un souvenir authentique alliant fonctionnalit\u00e9 et esth\u00e9tique. Avec une finition dans des tons vibrants de vert et de bleu, ce d\u00e9capsuleur, r\u00e9alis\u00e9 selon la technique de l&rsquo;\u00e9poxy, capture l&rsquo;essence des mosa\u00efques de la c\u00e9ramique espagnole, refl\u00e9tant la richesse culturelle de la M\u00e9diterran\u00e9e. L&rsquo;illustration de la salamandre, symbole de transformation et d&rsquo;adaptabilit\u00e9, est m\u00e9ticuleusement d\u00e9taill\u00e9e, montrant ses pattes et sa queue dans un design dynamique qui \u00e9voque la vie et le mouvement.<\/p>\n<p>Chaque pi\u00e8ce n&rsquo;est pas seulement un ustensile pratique pour ouvrir des bouteilles, mais aussi un \u00e9l\u00e9ment d\u00e9coratif qui peut rehausser n&rsquo;importe quelle cuisine ou espace. Son design color\u00e9 et artistique attire l&rsquo;attention, ce qui en fait un excellent cadeau pour ceux qui appr\u00e9cient la nature et la culture locale. Ce d\u00e9capsuleur est le souvenir parfait pour les touristes qui souhaitent emporter un morceau du riche h\u00e9ritage espagnol, r\u00e9affirmant son authenticit\u00e9 et sa pertinence culturelle.<\/p>\n<p>Chez Ol\u00e9 Mosaic, en tant que grossiste de souvenirs, nous proposons des pi\u00e8ces uniques comme ce d\u00e9capsuleur salamandre, qui saura certainement capter l&rsquo;int\u00e9r\u00eat des clients des boutiques de cadeaux touristiques. Avec chaque achat, vous offrez non seulement un produit de qualit\u00e9, mais aussi un r\u00e9cit de la tradition et de l&rsquo;art espagnol.<\/p>\n","protected":false},"excerpt":{"rendered":"<p>D\u00e9capsuleur m\u00e9tallique au design de salamandre dans les tons verts et bleus. Ce produit, \u00e9labor\u00e9 avec de la r\u00e9sine \u00e9poxy, pr\u00e9sente une finition color\u00e9e imitant une mosa\u00efque, \u00e9voquant la d\u00e9coration typique de la c\u00e9ramique espagnole. La salamandre, qui symbolise la transformation et l&rsquo;adaptabilit\u00e9, est repr\u00e9sent\u00e9e avec beaucoup de d\u00e9tails, montrant ses pattes et sa queue dans un design dynamique. Id\u00e9al pour les amoureux de la nature et de la culture m\u00e9diterran\u00e9enne, ce d\u00e9capsuleur est \u00e0 la fois fonctionnel et d\u00e9coratif.<\/p>\n","protected":false},"featured_media":8690,"template":"","meta":{"_acf_changed":false},"product_brand":[],"product_cat":[779],"product_tag":[530],"class_list":{"0":"post-27439","1":"product","2":"type-product","3":"status-publish","4":"has-post-thumbnail","6":"product_cat-decapsuleurs","7":"product_tag-animaux","8":"pa_motivo-salamandres","10":"first","11":"instock","12":"shipping-taxable","13":"product-type-simple"},"acf":[],"_links":{"self":[{"href":"https:\/\/olemosaic.com\/fr\/wp-json\/wp\/v2\/product\/27439","targetHints":{"allow":["GET"]}}],"collection":[{"href":"https:\/\/olemosaic.com\/fr\/wp-json\/wp\/v2\/product"}],"about":[{"href":"https:\/\/olemosaic.com\/fr\/wp-json\/wp\/v2\/types\/product"}],"wp:featuredmedia":[{"embeddable":true,"href":"https:\/\/olemosaic.com\/fr\/wp-json\/wp\/v2\/media\/8690"}],"wp:attachment":[{"href":"https:\/\/olemosaic.com\/fr\/wp-json\/wp\/v2\/media?parent=27439"}],"wp:term":[{"taxonomy":"product_brand","embeddable":true,"href":"https:\/\/olemosaic.com\/fr\/wp-json\/wp\/v2\/product_brand?post=27439"},{"taxonomy":"product_cat","embeddable":true,"href":"https:\/\/olemosaic.com\/fr\/wp-json\/wp\/v2\/product_cat?post=27439"},{"taxonomy":"product_tag","embeddable":true,"href":"https:\/\/olemosaic.com\/fr\/wp-json\/wp\/v2\/product_tag?post=27439"}],"curies":[{"name":"wp","href":"https:\/\/api.w.org\/{rel}","templated":true}]}}