{"id":27437,"date":"2025-02-20T22:29:16","date_gmt":"2025-02-20T22:29:16","guid":{"rendered":"http:\/\/olemosaic.com\/producto\/abridor-de-metal-guitarra-madrid-epoxy\/"},"modified":"2025-07-25T18:46:42","modified_gmt":"2025-07-25T16:46:42","slug":"decapsuleur-metal-guitare-madrid-epoxy","status":"publish","type":"product","link":"https:\/\/olemosaic.com\/fr\/produit\/decapsuleur-metal-guitare-madrid-epoxy\/","title":{"rendered":"D\u00e9capsuleur en m\u00e9tal. Guitare. Madrid. \u00c9poxy."},"content":{"rendered":"<p>Ce d\u00e9capsuleur m\u00e9tallique au design de guitare est un accessoire pratique et vibrant qui capture l&rsquo;essence de la riche culture musicale madril\u00e8ne. Avec une illustration spectaculaire en technique \u00e9poxy, il pr\u00e9sente une guitare stylis\u00e9e dans des tons chauds de rouge et d&rsquo;orange, \u00e9voquant la passion et l&rsquo;\u00e9motion de la musique espagnole. La guitare, orn\u00e9e d&rsquo;un \u00e9l\u00e9gant chapeau cordouan noir, symbolise le lien avec le folklore madril\u00e8ne, tandis que les fleurs rouges qui l&rsquo;entourent soulignent la beaut\u00e9 et les couleurs caract\u00e9ristiques de la r\u00e9gion. Dans la partie sup\u00e9rieure, le mot \u00ab\u00a0MADRID\u00a0\u00bb ajoute une touche distinctive qui en fait un authentique souvenir de la capitale espagnole.<\/p>\n<p>Ce d\u00e9capsuleur n&rsquo;est pas seulement fonctionnel, il agit \u00e9galement comme un souvenir repr\u00e9sentatif de Madrid, parfait pour les touristes qui cherchent \u00e0 emporter quelque chose d&rsquo;authentique et de m\u00e9morable de leur visite. Chez Ol\u00e9 Mosaic, nous proposons des produits de haute qualit\u00e9 en gros qui refl\u00e8tent la tradition et l&rsquo;art de l&rsquo;Espagne. Avec ce d\u00e9capsuleur guitare, les boutiques de cadeaux touristiques peuvent offrir \u00e0 leurs clients un article unique combinant design et signification culturelle, ce qui en fait une excellente option au sein de la s\u00e9lection de souvenirs de Madrid. En tant que grossiste de souvenirs, nous garantissons l&rsquo;authenticit\u00e9 et l&rsquo;attrait de chaque produit, id\u00e9al pour attirer les visiteurs en qu\u00eate d&rsquo;exp\u00e9riences uniques.<\/p>\n","protected":false},"excerpt":{"rendered":"<p>D\u00e9capsuleur m\u00e9tallique au design de guitare, inspir\u00e9 par la riche culture musicale madril\u00e8ne. Cet accessoire pratique pr\u00e9sente une illustration spectaculaire en technique \u00e9poxy, mettant en valeur une guitare en mosa\u00efque dans des tons chauds de rouge et d&rsquo;orange, orn\u00e9e d&rsquo;un \u00e9l\u00e9gant chapeau cordouan et de fleurs rouges. Le mot \u00ab\u00a0MADRID\u00a0\u00bb en haut ajoute une touche distinctive, faisant de ce d\u00e9capsuleur un souvenir vibrant et m\u00e9morable.<\/p>\n","protected":false},"featured_media":8808,"template":"","meta":{"_acf_changed":false},"product_brand":[],"product_cat":[779],"product_tag":[],"class_list":{"0":"post-27437","1":"product","2":"type-product","3":"status-publish","4":"has-post-thumbnail","6":"product_cat-decapsuleurs","7":"pa_ciudad-madrid","8":"pa_motivo-guitares","9":"pa_pais-espana","11":"first","12":"instock","13":"shipping-taxable","14":"product-type-simple"},"acf":[],"_links":{"self":[{"href":"https:\/\/olemosaic.com\/fr\/wp-json\/wp\/v2\/product\/27437","targetHints":{"allow":["GET"]}}],"collection":[{"href":"https:\/\/olemosaic.com\/fr\/wp-json\/wp\/v2\/product"}],"about":[{"href":"https:\/\/olemosaic.com\/fr\/wp-json\/wp\/v2\/types\/product"}],"wp:featuredmedia":[{"embeddable":true,"href":"https:\/\/olemosaic.com\/fr\/wp-json\/wp\/v2\/media\/8808"}],"wp:attachment":[{"href":"https:\/\/olemosaic.com\/fr\/wp-json\/wp\/v2\/media?parent=27437"}],"wp:term":[{"taxonomy":"product_brand","embeddable":true,"href":"https:\/\/olemosaic.com\/fr\/wp-json\/wp\/v2\/product_brand?post=27437"},{"taxonomy":"product_cat","embeddable":true,"href":"https:\/\/olemosaic.com\/fr\/wp-json\/wp\/v2\/product_cat?post=27437"},{"taxonomy":"product_tag","embeddable":true,"href":"https:\/\/olemosaic.com\/fr\/wp-json\/wp\/v2\/product_tag?post=27437"}],"curies":[{"name":"wp","href":"https:\/\/api.w.org\/{rel}","templated":true}]}}